{"id":6208,"date":"2024-03-29T10:59:11","date_gmt":"2024-03-29T09:59:11","guid":{"rendered":"https:\/\/www.lebens-qi.at\/qishop\/?post_type=product&#038;p=6208"},"modified":"2025-09-23T16:49:19","modified_gmt":"2025-09-23T14:49:19","slug":"golden-nag-vanilla-raeucherstaebchen","status":"publish","type":"product","link":"https:\/\/www.lebens-qi.at\/qishop\/produkt\/golden-nag-vanilla-raeucherstaebchen\/","title":{"rendered":"Golden Nag Vanilla R\u00e4ucherst\u00e4bchen"},"content":{"rendered":"<p><b>Vanille R\u00e4ucherst\u00e4bchen &#8211; feine Masala Qualit\u00e4t<\/b><br \/>\n<em>Indische R\u00e4ucherst\u00e4bchen von Vijayshree<\/em><\/p>\n<p>Inhalt: pro Einzelpackung 15 g R\u00e4ucherst\u00e4bchen<br \/>\n<b>Box:<\/b> Bei Kauf einer gesamten Schachtel (12 Packungen \u00e1 15 g) sparen Sie<b> \u20ac 5<\/b><\/p>\n","protected":false},"excerpt":{"rendered":"<p>Vanilla Masala Agarbathi<\/p>\n","protected":false},"featured_media":6240,"comment_status":"open","ping_status":"closed","template":"","meta":{"_links_to":"","_links_to_target":""},"pwb-brand":[1041],"product_brand":[],"product_cat":[2993],"product_tag":[680,226],"class_list":{"0":"post-6208","1":"product","2":"type-product","3":"status-publish","4":"has-post-thumbnail","6":"pwb-brand-vijayshree","7":"product_cat-vijayshree","8":"product_tag-raeucherstaebchen","9":"product_tag-vanille","11":"first","12":"outofstock","13":"taxable","14":"shipping-taxable","15":"purchasable","16":"product-type-variable"},"blog_post_layout_featured_media_urls":{"thumbnail":["https:\/\/www.lebens-qi.at\/qishop\/wp-content\/uploads\/na-74-150x150.jpg",150,150,true],"full":["https:\/\/www.lebens-qi.at\/qishop\/wp-content\/uploads\/na-74.jpg",600,600,false]},"categories":["1041"],"categories_names":{"1041":{"name":"Vijayshree","link":"https:\/\/www.lebens-qi.at\/qishop\/brand\/vijayshree\/"}},"comments_number":"0","brands":[{"id":1041,"name":"Vijayshree","slug":"vijayshree"}],"_links":{"self":[{"href":"https:\/\/www.lebens-qi.at\/qishop\/wp-json\/wp\/v2\/product\/6208","targetHints":{"allow":["GET"]}}],"collection":[{"href":"https:\/\/www.lebens-qi.at\/qishop\/wp-json\/wp\/v2\/product"}],"about":[{"href":"https:\/\/www.lebens-qi.at\/qishop\/wp-json\/wp\/v2\/types\/product"}],"replies":[{"embeddable":true,"href":"https:\/\/www.lebens-qi.at\/qishop\/wp-json\/wp\/v2\/comments?post=6208"}],"wp:featuredmedia":[{"embeddable":true,"href":"https:\/\/www.lebens-qi.at\/qishop\/wp-json\/wp\/v2\/media\/6240"}],"wp:attachment":[{"href":"https:\/\/www.lebens-qi.at\/qishop\/wp-json\/wp\/v2\/media?parent=6208"}],"wp:term":[{"taxonomy":"pwb-brand","embeddable":true,"href":"https:\/\/www.lebens-qi.at\/qishop\/wp-json\/wp\/v2\/pwb-brand?post=6208"},{"taxonomy":"product_brand","embeddable":true,"href":"https:\/\/www.lebens-qi.at\/qishop\/wp-json\/wp\/v2\/product_brand?post=6208"},{"taxonomy":"product_cat","embeddable":true,"href":"https:\/\/www.lebens-qi.at\/qishop\/wp-json\/wp\/v2\/product_cat?post=6208"},{"taxonomy":"product_tag","embeddable":true,"href":"https:\/\/www.lebens-qi.at\/qishop\/wp-json\/wp\/v2\/product_tag?post=6208"}],"curies":[{"name":"wp","href":"https:\/\/api.w.org\/{rel}","templated":true}]}}