{"id":6209,"date":"2024-03-29T10:59:13","date_gmt":"2024-03-29T09:59:13","guid":{"rendered":"https:\/\/www.lebens-qi.at\/qishop\/?post_type=product&#038;p=6209"},"modified":"2025-09-17T11:18:25","modified_gmt":"2025-09-17T09:18:25","slug":"guter-schlaf-raeucherstaebchen","status":"publish","type":"product","link":"https:\/\/www.lebens-qi.at\/qishop\/produkt\/guter-schlaf-raeucherstaebchen\/","title":{"rendered":"Guter Schlaf R\u00e4ucherst\u00e4bchen"},"content":{"rendered":"<p><b>Guter Schlaf R\u00e4ucherst\u00e4bchen<\/b><br \/>\nIn diesen durchgewirbelten Zeiten haben immer mehr Menschen mit Ein- und Durchschlafproblemen zu k\u00e4mpfen. Daher wurden diese neuen R\u00e4ucherst\u00e4bchen entwickelt. Ein Hauptbestandteil ist die Maidalnuss (auch Schlafnuss genannt) aus dem hohen Himalaya. Fein gemahlen und in den R\u00e4ucherst\u00e4bchenteig eingearbeitet entfaltet sie wohldosiert ihre Wirkung. Maidaln\u00fcsse verbunden mit duftendem Lavendel und balsamischer Myrrhe schenken uns eine \u00e4therische Wolke f\u00fcr tiefe Entspannung und sanftes hineinschweben ins Traumland.<br \/>\nEine wunderbare Unterst\u00fctzung f\u00fcr alle Menschen mit Schlafproblemen.<\/p>\n<p>Die \u201eGuter Schlaf R\u00e4ucherst\u00e4bchen\u201c werden aus 100% nat\u00fcrlichen Substanzen hergestellt.<b><\/b><\/p>\n<p>Lieferumfang:<br \/>\ngem\u00e4\u00df Auswahl<b><br \/>\nNettoinhalt: <\/b>10 g pro Einzelpackung<br \/>\n<b>Box:<\/b> Bei Kauf einer gesamten Schachtel (12 Packungen \u00e1 10 g) sparen Sie <b>\u20ac 7,00<\/b><\/p>\n","protected":false},"excerpt":{"rendered":"<p>aus Schlafnuss, Lavendel &amp; Myrrhe<\/p>\n","protected":false},"featured_media":16915,"comment_status":"open","ping_status":"closed","template":"","meta":{"_links_to":"","_links_to_target":""},"pwb-brand":[307],"product_brand":[],"product_cat":[3012],"product_tag":[712,1044,681,225,1042,415,680,1043],"class_list":{"0":"post-6209","1":"product","2":"type-product","3":"status-publish","4":"has-post-thumbnail","6":"pwb-brand-berk","7":"product_cat-holy-smokes-spezial","8":"product_tag-berk","9":"product_tag-guter-schlaf","10":"product_tag-holy-smokes","11":"product_tag-lavendel","12":"product_tag-maidal","13":"product_tag-myrrhe","14":"product_tag-raeucherstaebchen","15":"product_tag-schlafnuss","17":"first","18":"instock","19":"taxable","20":"shipping-taxable","21":"purchasable","22":"product-type-variable"},"blog_post_layout_featured_media_urls":{"thumbnail":["https:\/\/www.lebens-qi.at\/qishop\/wp-content\/uploads\/guterschlaf-einzelpackung-150x150.png",150,150,true],"full":["https:\/\/www.lebens-qi.at\/qishop\/wp-content\/uploads\/guterschlaf-einzelpackung.png",800,800,false]},"categories":["307"],"categories_names":{"307":{"name":"Berk","link":"https:\/\/www.lebens-qi.at\/qishop\/brand\/berk\/"}},"comments_number":"0","brands":[{"id":307,"name":"Berk","slug":"berk"}],"_links":{"self":[{"href":"https:\/\/www.lebens-qi.at\/qishop\/wp-json\/wp\/v2\/product\/6209","targetHints":{"allow":["GET"]}}],"collection":[{"href":"https:\/\/www.lebens-qi.at\/qishop\/wp-json\/wp\/v2\/product"}],"about":[{"href":"https:\/\/www.lebens-qi.at\/qishop\/wp-json\/wp\/v2\/types\/product"}],"replies":[{"embeddable":true,"href":"https:\/\/www.lebens-qi.at\/qishop\/wp-json\/wp\/v2\/comments?post=6209"}],"wp:featuredmedia":[{"embeddable":true,"href":"https:\/\/www.lebens-qi.at\/qishop\/wp-json\/wp\/v2\/media\/16915"}],"wp:attachment":[{"href":"https:\/\/www.lebens-qi.at\/qishop\/wp-json\/wp\/v2\/media?parent=6209"}],"wp:term":[{"taxonomy":"pwb-brand","embeddable":true,"href":"https:\/\/www.lebens-qi.at\/qishop\/wp-json\/wp\/v2\/pwb-brand?post=6209"},{"taxonomy":"product_brand","embeddable":true,"href":"https:\/\/www.lebens-qi.at\/qishop\/wp-json\/wp\/v2\/product_brand?post=6209"},{"taxonomy":"product_cat","embeddable":true,"href":"https:\/\/www.lebens-qi.at\/qishop\/wp-json\/wp\/v2\/product_cat?post=6209"},{"taxonomy":"product_tag","embeddable":true,"href":"https:\/\/www.lebens-qi.at\/qishop\/wp-json\/wp\/v2\/product_tag?post=6209"}],"curies":[{"name":"wp","href":"https:\/\/api.w.org\/{rel}","templated":true}]}}