{"id":6222,"date":"2024-03-29T10:59:41","date_gmt":"2024-03-29T09:59:41","guid":{"rendered":"https:\/\/www.lebens-qi.at\/qishop\/?post_type=product&#038;p=6222"},"modified":"2025-09-17T20:28:58","modified_gmt":"2025-09-17T18:28:58","slug":"citronella-raeucherstaebchen","status":"publish","type":"product","link":"https:\/\/www.lebens-qi.at\/qishop\/produkt\/citronella-raeucherstaebchen\/","title":{"rendered":"Citronella R\u00e4ucherst\u00e4bchen"},"content":{"rendered":"<p><b>Citronella<br \/><\/b><em>handgefertigte indischische R\u00e4ucherst\u00e4bchen &#8211; Export Qualit\u00e4t<\/p>\n<p><\/em>Inhalt: 20 R\u00e4ucherst\u00e4bchen pro Packung, verpackt in 6-eckiger Schachtel<br \/><b>Box: <\/b> Bei Kauf von 6 Packungen erhalten Sie <b>einen Vorteilspreis <\/b><\/p>\n","protected":false},"excerpt":{"rendered":"<p>perfekt f\u00fcr laue Sommer-Abende<\/p>\n","protected":false},"featured_media":6254,"comment_status":"open","ping_status":"closed","template":"","meta":{"_links_to":"","_links_to_target":""},"pwb-brand":[1048],"product_brand":[],"product_cat":[3015],"product_tag":[405,1045,1046,680],"class_list":{"0":"post-6222","1":"product","2":"type-product","3":"status-publish","4":"has-post-thumbnail","6":"pwb-brand-hem","7":"product_cat-satya-goloka-hem","8":"product_tag-citronella","9":"product_tag-hem","10":"product_tag-mueckenabwehr","11":"product_tag-raeucherstaebchen","13":"first","14":"instock","15":"taxable","16":"shipping-taxable","17":"purchasable","18":"product-type-variable"},"blog_post_layout_featured_media_urls":{"thumbnail":["https:\/\/www.lebens-qi.at\/qishop\/wp-content\/uploads\/rd-41-150x150.jpg",150,150,true],"full":["https:\/\/www.lebens-qi.at\/qishop\/wp-content\/uploads\/rd-41.jpg",600,600,false]},"categories":["1048"],"categories_names":{"1048":{"name":"HEM","link":"https:\/\/www.lebens-qi.at\/qishop\/brand\/hem\/"}},"comments_number":"0","brands":[{"id":1048,"name":"HEM","slug":"hem"}],"_links":{"self":[{"href":"https:\/\/www.lebens-qi.at\/qishop\/wp-json\/wp\/v2\/product\/6222","targetHints":{"allow":["GET"]}}],"collection":[{"href":"https:\/\/www.lebens-qi.at\/qishop\/wp-json\/wp\/v2\/product"}],"about":[{"href":"https:\/\/www.lebens-qi.at\/qishop\/wp-json\/wp\/v2\/types\/product"}],"replies":[{"embeddable":true,"href":"https:\/\/www.lebens-qi.at\/qishop\/wp-json\/wp\/v2\/comments?post=6222"}],"wp:featuredmedia":[{"embeddable":true,"href":"https:\/\/www.lebens-qi.at\/qishop\/wp-json\/wp\/v2\/media\/6254"}],"wp:attachment":[{"href":"https:\/\/www.lebens-qi.at\/qishop\/wp-json\/wp\/v2\/media?parent=6222"}],"wp:term":[{"taxonomy":"pwb-brand","embeddable":true,"href":"https:\/\/www.lebens-qi.at\/qishop\/wp-json\/wp\/v2\/pwb-brand?post=6222"},{"taxonomy":"product_brand","embeddable":true,"href":"https:\/\/www.lebens-qi.at\/qishop\/wp-json\/wp\/v2\/product_brand?post=6222"},{"taxonomy":"product_cat","embeddable":true,"href":"https:\/\/www.lebens-qi.at\/qishop\/wp-json\/wp\/v2\/product_cat?post=6222"},{"taxonomy":"product_tag","embeddable":true,"href":"https:\/\/www.lebens-qi.at\/qishop\/wp-json\/wp\/v2\/product_tag?post=6222"}],"curies":[{"name":"wp","href":"https:\/\/api.w.org\/{rel}","templated":true}]}}