{"id":6314,"date":"2024-04-01T13:47:24","date_gmt":"2024-04-01T11:47:24","guid":{"rendered":"https:\/\/www.lebens-qi.at\/qishop\/produkt\/sternzeichen-skorpion-anhaenger-schwarz-inkl-kette\/"},"modified":"2025-05-09T11:58:23","modified_gmt":"2025-05-09T09:58:23","slug":"sternzeichen-skorpion-anhaenger-schwarz-inkl-kette","status":"publish","type":"product","link":"https:\/\/www.lebens-qi.at\/qishop\/produkt\/sternzeichen-skorpion-anhaenger-schwarz-inkl-kette\/","title":{"rendered":"Sternzeichen Skorpion &#8211; Anh\u00e4nger schwarz inkl. Kette"},"content":{"rendered":"<p><b>Zodiac sign &#8211; Sternzeichen<\/p>\n<p>SKORPION<br \/>\n24.10.-22.11.<\/p>\n<p><\/b>goldfarbener Edelstahlanh\u00e4nger mit Sternzeichensymbol auf schwarzem Hintergrund<br \/>\nMaterial: Edelstahl<br \/>\nGr\u00f6\u00dfe des Anh\u00e4ngers: ca. 12 mm x 16 mm (23 mm inkl. \u00d6se)<br \/>\nKettenl\u00e4nge: ca. 45 cm<\/p>\n<p><em>Hinweis: Symbolfoto<br \/>\nLieferumfang: Sie erhalten 1x das Sternzeichensymbol Skorpion in der Farbvariante Schwarz inkl. Kette<\/em><\/p>\n","protected":false},"excerpt":{"rendered":"<p>Zodiac Sign<\/p>\n","protected":false},"featured_media":14850,"comment_status":"open","ping_status":"closed","template":"","meta":{"_links_to":"","_links_to_target":""},"pwb-brand":[1051],"product_brand":[],"product_cat":[1049],"product_tag":[117,1050,784,170,997,118,532,521],"class_list":{"0":"post-6314","1":"product","2":"type-product","3":"status-publish","4":"has-post-thumbnail","6":"pwb-brand-blumenkind","7":"product_cat-sternzeichen","8":"product_tag-anhaenger","9":"product_tag-blumenkind","10":"product_tag-edelstahl","11":"product_tag-gold","12":"product_tag-kette","13":"product_tag-schmuck","14":"product_tag-skorpion","15":"product_tag-sternzeichen","17":"first","18":"instock","19":"taxable","20":"shipping-taxable","21":"purchasable","22":"product-type-simple"},"blog_post_layout_featured_media_urls":{"thumbnail":["https:\/\/www.lebens-qi.at\/qishop\/wp-content\/uploads\/Skorpion-schwarz-150x150.png",150,150,true],"full":["https:\/\/www.lebens-qi.at\/qishop\/wp-content\/uploads\/Skorpion-schwarz.png",800,800,false]},"categories":["1051"],"categories_names":{"1051":{"name":"blumenkind","link":"https:\/\/www.lebens-qi.at\/qishop\/brand\/blumenkind\/"}},"comments_number":"0","brands":[{"id":1051,"name":"blumenkind","slug":"blumenkind"}],"_links":{"self":[{"href":"https:\/\/www.lebens-qi.at\/qishop\/wp-json\/wp\/v2\/product\/6314","targetHints":{"allow":["GET"]}}],"collection":[{"href":"https:\/\/www.lebens-qi.at\/qishop\/wp-json\/wp\/v2\/product"}],"about":[{"href":"https:\/\/www.lebens-qi.at\/qishop\/wp-json\/wp\/v2\/types\/product"}],"replies":[{"embeddable":true,"href":"https:\/\/www.lebens-qi.at\/qishop\/wp-json\/wp\/v2\/comments?post=6314"}],"wp:featuredmedia":[{"embeddable":true,"href":"https:\/\/www.lebens-qi.at\/qishop\/wp-json\/wp\/v2\/media\/14850"}],"wp:attachment":[{"href":"https:\/\/www.lebens-qi.at\/qishop\/wp-json\/wp\/v2\/media?parent=6314"}],"wp:term":[{"taxonomy":"pwb-brand","embeddable":true,"href":"https:\/\/www.lebens-qi.at\/qishop\/wp-json\/wp\/v2\/pwb-brand?post=6314"},{"taxonomy":"product_brand","embeddable":true,"href":"https:\/\/www.lebens-qi.at\/qishop\/wp-json\/wp\/v2\/product_brand?post=6314"},{"taxonomy":"product_cat","embeddable":true,"href":"https:\/\/www.lebens-qi.at\/qishop\/wp-json\/wp\/v2\/product_cat?post=6314"},{"taxonomy":"product_tag","embeddable":true,"href":"https:\/\/www.lebens-qi.at\/qishop\/wp-json\/wp\/v2\/product_tag?post=6314"}],"curies":[{"name":"wp","href":"https:\/\/api.w.org\/{rel}","templated":true}]}}