{"id":6333,"date":"2024-04-01T19:11:12","date_gmt":"2024-04-01T17:11:12","guid":{"rendered":"https:\/\/www.lebens-qi.at\/qishop\/produkt\/schwesterherz-armcandy\/"},"modified":"2025-05-14T10:40:20","modified_gmt":"2025-05-14T08:40:20","slug":"schwesterherz-armcandy","status":"publish","type":"product","link":"https:\/\/www.lebens-qi.at\/qishop\/produkt\/schwesterherz-armcandy\/","title":{"rendered":"schwesterherz &#8211; Armcandy"},"content":{"rendered":"<p>Sag es mich Schmuck&#8230;.<\/p>\n<p><b>schwesterherz<\/b><\/p>\n<p>Original Armcandy Armreif von blumenkind aus Edelstahl<br \/>\nerh\u00e4ltlich in der Farbe Stahl<\/p>\n<p><b>Strahle mit unseren Armcandys pure Lebensfreude aus! \u30c4<\/b><br \/>\nMit den supers\u00fc\u00dfen Bangles kannst du es schaffen alle Blicke auf dich zu ziehen. Jedoch kannst du mit den Bangles auch Liebe Verschenken und deinen Liebsten ein L\u00e4cheln ins Gesicht zaubern.<\/p>\n<p><b>Material:<\/b> Edelstahl<br \/>\n<b>Gr\u00f6\u00dfe:<\/b> 3 mm breit, Durchmesser 60 mm<\/p>\n<p>Die Armreifen sind stufenlos gr\u00f6\u00dfenverstellbar und passen an fast jedes Handgelenk. Einfach den Armreif anlegen und zusammendr\u00fccken. Zum \u00d6ffnen den Armreif wieder mit Gef\u00fchl auseinander ziehen.<\/p>\n<p><b>FASHION-TIPP:<\/b> Mehrere Armcandy Reifen (auch unterschiedlicher Farbe) gemeinsam tragen!<\/p>\n","protected":false},"excerpt":{"rendered":"<p>in der Farbe Stahl<\/p>\n","protected":false},"featured_media":14913,"comment_status":"open","ping_status":"closed","template":"","meta":{"_links_to":"","_links_to_target":""},"pwb-brand":[1051],"product_brand":[],"product_cat":[1052],"product_tag":[1053,1054,1050,784,118,320],"class_list":{"0":"post-6333","1":"product","2":"type-product","3":"status-publish","4":"has-post-thumbnail","6":"pwb-brand-blumenkind","7":"product_cat-armreifen","8":"product_tag-armcandy","9":"product_tag-armreifen","10":"product_tag-blumenkind","11":"product_tag-edelstahl","12":"product_tag-schmuck","13":"product_tag-spruch","15":"first","16":"instock","17":"taxable","18":"shipping-taxable","19":"purchasable","20":"product-type-simple"},"blog_post_layout_featured_media_urls":{"thumbnail":["https:\/\/www.lebens-qi.at\/qishop\/wp-content\/uploads\/Schwesterherz-silber1-150x150.png",150,150,true],"full":["https:\/\/www.lebens-qi.at\/qishop\/wp-content\/uploads\/Schwesterherz-silber1.png",800,800,false]},"categories":["1051"],"categories_names":{"1051":{"name":"blumenkind","link":"https:\/\/www.lebens-qi.at\/qishop\/brand\/blumenkind\/"}},"comments_number":"0","brands":[{"id":1051,"name":"blumenkind","slug":"blumenkind"}],"_links":{"self":[{"href":"https:\/\/www.lebens-qi.at\/qishop\/wp-json\/wp\/v2\/product\/6333","targetHints":{"allow":["GET"]}}],"collection":[{"href":"https:\/\/www.lebens-qi.at\/qishop\/wp-json\/wp\/v2\/product"}],"about":[{"href":"https:\/\/www.lebens-qi.at\/qishop\/wp-json\/wp\/v2\/types\/product"}],"replies":[{"embeddable":true,"href":"https:\/\/www.lebens-qi.at\/qishop\/wp-json\/wp\/v2\/comments?post=6333"}],"wp:featuredmedia":[{"embeddable":true,"href":"https:\/\/www.lebens-qi.at\/qishop\/wp-json\/wp\/v2\/media\/14913"}],"wp:attachment":[{"href":"https:\/\/www.lebens-qi.at\/qishop\/wp-json\/wp\/v2\/media?parent=6333"}],"wp:term":[{"taxonomy":"pwb-brand","embeddable":true,"href":"https:\/\/www.lebens-qi.at\/qishop\/wp-json\/wp\/v2\/pwb-brand?post=6333"},{"taxonomy":"product_brand","embeddable":true,"href":"https:\/\/www.lebens-qi.at\/qishop\/wp-json\/wp\/v2\/product_brand?post=6333"},{"taxonomy":"product_cat","embeddable":true,"href":"https:\/\/www.lebens-qi.at\/qishop\/wp-json\/wp\/v2\/product_cat?post=6333"},{"taxonomy":"product_tag","embeddable":true,"href":"https:\/\/www.lebens-qi.at\/qishop\/wp-json\/wp\/v2\/product_tag?post=6333"}],"curies":[{"name":"wp","href":"https:\/\/api.w.org\/{rel}","templated":true}]}}