{"id":6682,"date":"2024-04-09T17:46:35","date_gmt":"2024-04-09T15:46:35","guid":{"rendered":"https:\/\/www.lebens-qi.at\/qishop\/?post_type=product&#038;p=6682"},"modified":"2025-09-17T19:00:08","modified_gmt":"2025-09-17T17:00:08","slug":"chakra-raeucherstaebchen-sortimentspackung","status":"publish","type":"product","link":"https:\/\/www.lebens-qi.at\/qishop\/produkt\/chakra-raeucherstaebchen-sortimentspackung\/","title":{"rendered":"Chakra R\u00e4ucherst\u00e4bchen Sortimentspackung"},"content":{"rendered":"<p><strong>Sortimentspackung Chakra Line R\u00e4ucherst\u00e4bchen<\/strong><br \/>\nIn dieser Packung sind je 2 St\u00e4bchen 7 verschiedener Sorten Chakra R\u00e4ucherst\u00e4bchen enthalten.<\/p>\n<p><em>14 g netto pro Packung, Glimmdauer jeweils 30-60 Minuten<\/em><\/p>\n<p>F\u00fcr jedes Chakra exakt abgestimmten Pflanzen, Wurzeln und Bl\u00fcten sind in diesen R\u00e4ucherst\u00e4bchen verarbeitet, um so eine bestm\u00f6gliche Unterst\u00fctzung auf feinstofflicher Ebene zu bieten. Selbstverst\u00e4ndlich wurden einzig nat\u00fcrliche Zutaten verwendet und mit 100% reinen \u00e4therischen \u00d6len vermengt.<br \/>\nSie werden sorgsam zu einem Teig verarbeitet und liebevoll von Hand gerollt.<br \/>\n<strong>Sie unterst\u00fctzen das jeweilige Chakra bei dessen \u00d6ffnung und Ausbalancierung. Blockaden werden gel\u00f6st und unsere Anbindung an unsere feineren K\u00f6rper gest\u00e4rkt.<\/strong><br \/>\nDie sieben Chakren sind Energiezentren in unserem K\u00f6rper, welche sowohl mit Organen, als auch mit Emotionen in Zusammenhang gebracht werden.<\/p>\n<p>Erh\u00e4ltlich als Einzelpackung oder ganze Box mit 6 Packungen Inhalt!<\/p>\n","protected":false},"excerpt":{"rendered":"<p>Sortimentspackung Chakra Line R\u00e4ucherst\u00e4bchen In dieser Packung sind je 2 St\u00e4bchen 7 verschiedener Sorten Chakra R\u00e4ucherst\u00e4bchen enthalten. 14 g netto pro Packung, Glimmdauer jeweils 30-60 Minuten F\u00fcr jedes Chakra exakt abgestimmten Pflanzen, Wurzeln und Bl\u00fcten sind in diesen R\u00e4ucherst\u00e4bchen verarbeitet, um so eine bestm\u00f6gliche Unterst\u00fctzung auf feinstofflicher Ebene zu bieten. Selbstverst\u00e4ndlich wurden einzig nat\u00fcrliche Zutaten<\/p>\n<div class=\"more-link\">\n\t\t\t\t <a href=\"https:\/\/www.lebens-qi.at\/qishop\/produkt\/chakra-raeucherstaebchen-sortimentspackung\/\" class=\"btn theme-btn\"><span>Continue Reading  <\/span><i class=\"icofont-thin-double-right\"><\/i><\/a>\n\t\t\t<\/div>\n","protected":false},"featured_media":6687,"comment_status":"open","ping_status":"closed","template":"","meta":{"_links_to":"","_links_to_target":""},"pwb-brand":[307],"product_brand":[],"product_cat":[2526,3012],"product_tag":[712,198,446,681,680],"class_list":{"0":"post-6682","1":"product","2":"type-product","3":"status-publish","4":"has-post-thumbnail","6":"pwb-brand-berk","7":"product_cat-chakra-raeucherstaebchen","8":"product_cat-holy-smokes-spezial","9":"product_tag-berk","10":"product_tag-chakra","11":"product_tag-chakren","12":"product_tag-holy-smokes","13":"product_tag-raeucherstaebchen","14":"pa_herkunft-indien","16":"first","17":"instock","18":"sale","19":"taxable","20":"shipping-taxable","21":"purchasable","22":"product-type-variable"},"blog_post_layout_featured_media_urls":{"thumbnail":["https:\/\/www.lebens-qi.at\/qishop\/wp-content\/uploads\/HS-CL_1-150x150.jpg",150,150,true],"full":["https:\/\/www.lebens-qi.at\/qishop\/wp-content\/uploads\/HS-CL_1.jpg",800,800,false]},"categories":["307"],"categories_names":{"307":{"name":"Berk","link":"https:\/\/www.lebens-qi.at\/qishop\/brand\/berk\/"}},"comments_number":"0","brands":[{"id":307,"name":"Berk","slug":"berk"}],"_links":{"self":[{"href":"https:\/\/www.lebens-qi.at\/qishop\/wp-json\/wp\/v2\/product\/6682","targetHints":{"allow":["GET"]}}],"collection":[{"href":"https:\/\/www.lebens-qi.at\/qishop\/wp-json\/wp\/v2\/product"}],"about":[{"href":"https:\/\/www.lebens-qi.at\/qishop\/wp-json\/wp\/v2\/types\/product"}],"replies":[{"embeddable":true,"href":"https:\/\/www.lebens-qi.at\/qishop\/wp-json\/wp\/v2\/comments?post=6682"}],"wp:featuredmedia":[{"embeddable":true,"href":"https:\/\/www.lebens-qi.at\/qishop\/wp-json\/wp\/v2\/media\/6687"}],"wp:attachment":[{"href":"https:\/\/www.lebens-qi.at\/qishop\/wp-json\/wp\/v2\/media?parent=6682"}],"wp:term":[{"taxonomy":"pwb-brand","embeddable":true,"href":"https:\/\/www.lebens-qi.at\/qishop\/wp-json\/wp\/v2\/pwb-brand?post=6682"},{"taxonomy":"product_brand","embeddable":true,"href":"https:\/\/www.lebens-qi.at\/qishop\/wp-json\/wp\/v2\/product_brand?post=6682"},{"taxonomy":"product_cat","embeddable":true,"href":"https:\/\/www.lebens-qi.at\/qishop\/wp-json\/wp\/v2\/product_cat?post=6682"},{"taxonomy":"product_tag","embeddable":true,"href":"https:\/\/www.lebens-qi.at\/qishop\/wp-json\/wp\/v2\/product_tag?post=6682"}],"curies":[{"name":"wp","href":"https:\/\/api.w.org\/{rel}","templated":true}]}}