{"id":6697,"date":"2024-04-10T18:07:07","date_gmt":"2024-04-10T16:07:07","guid":{"rendered":"https:\/\/www.lebens-qi.at\/qishop\/?post_type=product&#038;p=6697"},"modified":"2024-12-12T14:12:03","modified_gmt":"2024-12-12T13:12:03","slug":"die-geistige-welt-hilft-uns","status":"publish","type":"product","link":"https:\/\/www.lebens-qi.at\/qishop\/produkt\/die-geistige-welt-hilft-uns\/","title":{"rendered":"Die geistige Welt hilft uns"},"content":{"rendered":"<p><strong>Die geistige Welt hilft uns<\/strong><br \/>\nRituale mit Engeln und Geistf\u00fchrern<br \/>\n<em>von Pascal Voggenhuber<br \/>\n<\/em><\/p>\n<p><em>\u00bbSchon immer gab es Menschen, die an Engel und die Geistige Welt glaubten, doch viele haben heute den Zugang zu ihnen verloren\u00ab<\/em>, sagt Pascal Voggenhuber \u2013 und zeigt, wie wir uns mit dieser unsichtbaren Welt wieder verbinden.<\/p>\n<p>T\u00e4gliche Rituale und kleine \u00dcbungen helfen, Probleme im Beruf, in der Liebe und im Umgang mit den Mitmenschen zu l\u00f6sen. Engel und Geistf\u00fchrer \u00f6ffnen die T\u00fcr zu tiefer Selbsterkenntnis und pers\u00f6nlichem Wachstum \u2500 damit wir den verborgenen Plan unserer Seele erkennen und im Einklang mit unserer wahren Bestimmung leben k\u00f6nnen.<\/p>\n<p>&nbsp;<\/p>\n<p>&nbsp;<\/p>\n","protected":false},"excerpt":{"rendered":"<p>Rituale mit Engeln und Geistf\u00fchrern<\/p>\n","protected":false},"featured_media":6698,"comment_status":"open","ping_status":"closed","template":"","meta":{"_links_to":"","_links_to_target":""},"pwb-brand":[1208],"product_brand":[],"product_cat":[806,952,805],"product_tag":[580,545,1209,1211,1214,1210,1213,1212,834],"class_list":{"0":"post-6697","1":"product","2":"type-product","3":"status-publish","4":"has-post-thumbnail","6":"pwb-brand-heyne","7":"product_cat-engel-buecher","8":"product_cat-engelbuecher-kartendecks","9":"product_cat-spiritualitaet","10":"product_tag-buch","11":"product_tag-engel","12":"product_tag-geistfuehrer","13":"product_tag-hilfe","14":"product_tag-pascal-voggenhuber","15":"product_tag-rituale","16":"product_tag-seelenplan","17":"product_tag-selbsterkenntnis","18":"product_tag-spiritualitaet","20":"first","21":"instock","22":"taxable","23":"shipping-taxable","24":"purchasable","25":"product-type-simple"},"blog_post_layout_featured_media_urls":{"thumbnail":["https:\/\/www.lebens-qi.at\/qishop\/wp-content\/uploads\/die-geistige-welt-hilft-uns-150x150.jpg",150,150,true],"full":["https:\/\/www.lebens-qi.at\/qishop\/wp-content\/uploads\/die-geistige-welt-hilft-uns.jpg",648,648,false]},"categories":["1208"],"categories_names":{"1208":{"name":"Heyne","link":"https:\/\/www.lebens-qi.at\/qishop\/brand\/heyne\/"}},"comments_number":"0","brands":[{"id":1208,"name":"Heyne","slug":"heyne"}],"_links":{"self":[{"href":"https:\/\/www.lebens-qi.at\/qishop\/wp-json\/wp\/v2\/product\/6697","targetHints":{"allow":["GET"]}}],"collection":[{"href":"https:\/\/www.lebens-qi.at\/qishop\/wp-json\/wp\/v2\/product"}],"about":[{"href":"https:\/\/www.lebens-qi.at\/qishop\/wp-json\/wp\/v2\/types\/product"}],"replies":[{"embeddable":true,"href":"https:\/\/www.lebens-qi.at\/qishop\/wp-json\/wp\/v2\/comments?post=6697"}],"wp:featuredmedia":[{"embeddable":true,"href":"https:\/\/www.lebens-qi.at\/qishop\/wp-json\/wp\/v2\/media\/6698"}],"wp:attachment":[{"href":"https:\/\/www.lebens-qi.at\/qishop\/wp-json\/wp\/v2\/media?parent=6697"}],"wp:term":[{"taxonomy":"pwb-brand","embeddable":true,"href":"https:\/\/www.lebens-qi.at\/qishop\/wp-json\/wp\/v2\/pwb-brand?post=6697"},{"taxonomy":"product_brand","embeddable":true,"href":"https:\/\/www.lebens-qi.at\/qishop\/wp-json\/wp\/v2\/product_brand?post=6697"},{"taxonomy":"product_cat","embeddable":true,"href":"https:\/\/www.lebens-qi.at\/qishop\/wp-json\/wp\/v2\/product_cat?post=6697"},{"taxonomy":"product_tag","embeddable":true,"href":"https:\/\/www.lebens-qi.at\/qishop\/wp-json\/wp\/v2\/product_tag?post=6697"}],"curies":[{"name":"wp","href":"https:\/\/api.w.org\/{rel}","templated":true}]}}