{"id":6708,"date":"2024-04-12T11:29:43","date_gmt":"2024-04-12T09:29:43","guid":{"rendered":"https:\/\/www.lebens-qi.at\/qishop\/?post_type=product&#038;p=6708"},"modified":"2024-12-13T12:49:16","modified_gmt":"2024-12-13T11:49:16","slug":"chakra-traumfaenger","status":"publish","type":"product","link":"https:\/\/www.lebens-qi.at\/qishop\/produkt\/chakra-traumfaenger\/","title":{"rendered":"Chakra Traumf\u00e4nger"},"content":{"rendered":"<p><b>Bunter Traumf\u00e4nger in den klassischen 7 Chakra-Farben<br \/>\n<\/b><br \/>\nDekoriert mit Federn und bunten Glasperlen<\/p>\n<p>L\u00e4nge ca. 15cm<br \/>\nDurchmesser des Netzes ca. 8 cm<\/p>\n<p><b>Traumf\u00e4nger<\/b><br \/>\nDie Geschichte der Dreamcatcher (Traumf\u00e4nger) stammt aus der indianischen Mythologie. Sie besagt, dass schlechte Tr\u00e4ume sich im Dreamcatcher verfangen, w\u00e4hrend gute Tr\u00e4ume zum Schlafenden gelangen k\u00f6nnen. Ein inspirierender Raumschmuck.<\/p>\n","protected":false},"excerpt":{"rendered":"<p>mit allen 7 Chakrafarben<\/p>\n","protected":false},"featured_media":6709,"comment_status":"open","ping_status":"closed","template":"","meta":{"_links_to":"","_links_to_target":""},"pwb-brand":[617],"product_brand":[],"product_cat":[1215],"product_tag":[1216,198,1217,994],"class_list":{"0":"post-6708","1":"product","2":"type-product","3":"status-publish","4":"has-post-thumbnail","6":"pwb-brand-yantra","7":"product_cat-traumfaenger","8":"product_tag-bunt","9":"product_tag-chakra","10":"product_tag-regenbogen","11":"product_tag-traumfaenger","13":"first","14":"instock","15":"taxable","16":"shipping-taxable","17":"purchasable","18":"product-type-simple"},"blog_post_layout_featured_media_urls":{"thumbnail":["https:\/\/www.lebens-qi.at\/qishop\/wp-content\/uploads\/chakra-traumfaenger-150x150.jpg",150,150,true],"full":["https:\/\/www.lebens-qi.at\/qishop\/wp-content\/uploads\/chakra-traumfaenger.jpg",600,600,false]},"categories":["617"],"categories_names":{"617":{"name":"Yantra","link":"https:\/\/www.lebens-qi.at\/qishop\/brand\/yantra\/"}},"comments_number":"0","brands":[{"id":617,"name":"Yantra","slug":"yantra"}],"_links":{"self":[{"href":"https:\/\/www.lebens-qi.at\/qishop\/wp-json\/wp\/v2\/product\/6708","targetHints":{"allow":["GET"]}}],"collection":[{"href":"https:\/\/www.lebens-qi.at\/qishop\/wp-json\/wp\/v2\/product"}],"about":[{"href":"https:\/\/www.lebens-qi.at\/qishop\/wp-json\/wp\/v2\/types\/product"}],"replies":[{"embeddable":true,"href":"https:\/\/www.lebens-qi.at\/qishop\/wp-json\/wp\/v2\/comments?post=6708"}],"wp:featuredmedia":[{"embeddable":true,"href":"https:\/\/www.lebens-qi.at\/qishop\/wp-json\/wp\/v2\/media\/6709"}],"wp:attachment":[{"href":"https:\/\/www.lebens-qi.at\/qishop\/wp-json\/wp\/v2\/media?parent=6708"}],"wp:term":[{"taxonomy":"pwb-brand","embeddable":true,"href":"https:\/\/www.lebens-qi.at\/qishop\/wp-json\/wp\/v2\/pwb-brand?post=6708"},{"taxonomy":"product_brand","embeddable":true,"href":"https:\/\/www.lebens-qi.at\/qishop\/wp-json\/wp\/v2\/product_brand?post=6708"},{"taxonomy":"product_cat","embeddable":true,"href":"https:\/\/www.lebens-qi.at\/qishop\/wp-json\/wp\/v2\/product_cat?post=6708"},{"taxonomy":"product_tag","embeddable":true,"href":"https:\/\/www.lebens-qi.at\/qishop\/wp-json\/wp\/v2\/product_tag?post=6708"}],"curies":[{"name":"wp","href":"https:\/\/api.w.org\/{rel}","templated":true}]}}