{"id":6777,"date":"2024-05-03T10:46:55","date_gmt":"2024-05-03T08:46:55","guid":{"rendered":"https:\/\/www.lebens-qi.at\/qishop\/?post_type=product&#038;p=6777"},"modified":"2024-05-14T17:27:52","modified_gmt":"2024-05-14T15:27:52","slug":"buddha-sitzend-teelichthalter","status":"publish","type":"product","link":"https:\/\/www.lebens-qi.at\/qishop\/produkt\/buddha-sitzend-teelichthalter\/","title":{"rendered":"Buddha sitzend Teelichthalter"},"content":{"rendered":"<p><strong>Buddha silber<br \/>\n<\/strong><\/p>\n<p>Silberne Buddha-Figur aus Kunstharz. Anmutiger Buddha-Kerzenhalter geeignet f\u00fcr handels\u00fcbliche Teelichter, mit antik silber gl\u00e4nzendem Finish<\/p>\n<p><b>Buddha Figur, sitzend mit Teelichthalter<\/b><br \/>\nMaterial: Kunstharz<br \/>\nGr\u00f6\u00dfe: 12 x 12 x 16 cm<\/p>\n","protected":false},"excerpt":{"rendered":"<p>antik-silbern<\/p>\n","protected":false},"featured_media":6778,"comment_status":"open","ping_status":"closed","template":"","meta":{"_links_to":"","_links_to_target":""},"pwb-brand":[],"product_brand":[],"product_cat":[1236,988],"product_tag":[734,1237,1238,1241,1240],"class_list":{"0":"post-6777","1":"product","2":"type-product","3":"status-publish","4":"has-post-thumbnail","6":"product_cat-spirituelle-figuren","7":"product_cat-teelicht-votivkerzenhalter","8":"product_tag-buddha","9":"product_tag-figur","10":"product_tag-gottheit","11":"product_tag-silber","12":"product_tag-teelichthalter","14":"first","15":"instock","16":"taxable","17":"shipping-taxable","18":"purchasable","19":"product-type-simple"},"blog_post_layout_featured_media_urls":{"thumbnail":["https:\/\/www.lebens-qi.at\/qishop\/wp-content\/uploads\/buddha-silber-teelichthalter2-150x150.jpg",150,150,true],"full":["https:\/\/www.lebens-qi.at\/qishop\/wp-content\/uploads\/buddha-silber-teelichthalter2.jpg",800,800,false]},"categories":null,"categories_names":null,"comments_number":"0","brands":[],"_links":{"self":[{"href":"https:\/\/www.lebens-qi.at\/qishop\/wp-json\/wp\/v2\/product\/6777","targetHints":{"allow":["GET"]}}],"collection":[{"href":"https:\/\/www.lebens-qi.at\/qishop\/wp-json\/wp\/v2\/product"}],"about":[{"href":"https:\/\/www.lebens-qi.at\/qishop\/wp-json\/wp\/v2\/types\/product"}],"replies":[{"embeddable":true,"href":"https:\/\/www.lebens-qi.at\/qishop\/wp-json\/wp\/v2\/comments?post=6777"}],"wp:featuredmedia":[{"embeddable":true,"href":"https:\/\/www.lebens-qi.at\/qishop\/wp-json\/wp\/v2\/media\/6778"}],"wp:attachment":[{"href":"https:\/\/www.lebens-qi.at\/qishop\/wp-json\/wp\/v2\/media?parent=6777"}],"wp:term":[{"taxonomy":"pwb-brand","embeddable":true,"href":"https:\/\/www.lebens-qi.at\/qishop\/wp-json\/wp\/v2\/pwb-brand?post=6777"},{"taxonomy":"product_brand","embeddable":true,"href":"https:\/\/www.lebens-qi.at\/qishop\/wp-json\/wp\/v2\/product_brand?post=6777"},{"taxonomy":"product_cat","embeddable":true,"href":"https:\/\/www.lebens-qi.at\/qishop\/wp-json\/wp\/v2\/product_cat?post=6777"},{"taxonomy":"product_tag","embeddable":true,"href":"https:\/\/www.lebens-qi.at\/qishop\/wp-json\/wp\/v2\/product_tag?post=6777"}],"curies":[{"name":"wp","href":"https:\/\/api.w.org\/{rel}","templated":true}]}}