{"id":6795,"date":"2024-05-06T16:52:55","date_gmt":"2024-05-06T14:52:55","guid":{"rendered":"https:\/\/www.lebens-qi.at\/qishop\/?post_type=product&#038;p=6795"},"modified":"2024-12-13T12:49:13","modified_gmt":"2024-12-13T11:49:13","slug":"tibetische-gebetsfahnen-klein","status":"publish","type":"product","link":"https:\/\/www.lebens-qi.at\/qishop\/produkt\/tibetische-gebetsfahnen-klein\/","title":{"rendered":"Tibetische Gebetsfahnen klein"},"content":{"rendered":"<p><strong>Tibetische Gebetsfahnen<\/strong><\/p>\n<p>Herrlich bunt flattern sie \u00fcberall in Nepal verspielt auf D\u00e4chern, Tempeln, Br\u00fccken oder heiligen Quellen im Wind. Dennoch haben sie eine tiefe Bedeutung f\u00fcr die dort lebenden Menschen. Sie sollen stets an das G\u00f6ttliche erinnern. Die Mantren und Abbildungen auf den F\u00e4hnchen sollen dem gesamten Universum und allem Leben Schutz und Segen bringen. Probleme oder Leiden werden durch das Aufh\u00e4ngen einer Gebetsfahne dem Wind zur Transformation \u00fcbergeben, so dass das Leben wieder flie\u00dfen kann. Die bunten Fahnen stehen symbolisch f\u00fcr die f\u00fcnf Elemente. Mit der Zeit l\u00f6sen sich Gebetsfahnen durch die Einwirkung von Sonne, Wind und Regen auf. Dies ist auch gew\u00fcnscht, weil so der Segen in die f\u00fcnf Elemente gelangen kann.<\/p>\n<p><b>WICHTIGER HINWEIS:<\/b> Im Handel bekommen Sie sehr oft tibetische Gebetsfahnen aus PLASTIK\/POLYESTER. Da sich die Fahnen im Freien aufl\u00f6sen und vom Wind vertragen werden, wird durch diese die Umwelt unn\u00f6tig mit Kunststoff verschmutzt. Bitte achten Sie daher beim Kauf immer auf umweltvertr\u00e4gliches Material!<\/p>\n<p><strong>Gebetsfahnen &#8211; klein<\/strong><\/p>\n<p>L\u00e4nge: 1,7 m<\/p>\n<p><strong>10 bunte Fahnen\u00a0<\/strong> \u00e0 17,5 x 17,5 cm Gr\u00f6\u00dfe<\/p>\n","protected":false},"excerpt":{"rendered":"<p>f\u00fcr Schutz und Segen<\/p>\n","protected":false},"featured_media":6796,"comment_status":"open","ping_status":"closed","template":"","meta":{"_links_to":"","_links_to_target":""},"pwb-brand":[617],"product_brand":[],"product_cat":[1184],"product_tag":[980,1185,830,452,971],"class_list":{"0":"post-6795","1":"product","2":"type-product","3":"status-publish","4":"has-post-thumbnail","6":"pwb-brand-yantra","7":"product_cat-gebetsfahnen","8":"product_tag-baumwolle","9":"product_tag-gebetsfahnen","10":"product_tag-mantra","11":"product_tag-nepal","12":"product_tag-tibet","14":"first","15":"instock","16":"taxable","17":"shipping-taxable","18":"purchasable","19":"product-type-simple"},"blog_post_layout_featured_media_urls":{"thumbnail":["https:\/\/www.lebens-qi.at\/qishop\/wp-content\/uploads\/gebetsfahnen-baumwolle-lp-08-150x150.jpg",150,150,true],"full":["https:\/\/www.lebens-qi.at\/qishop\/wp-content\/uploads\/gebetsfahnen-baumwolle-lp-08.jpg",600,600,false]},"categories":["617"],"categories_names":{"617":{"name":"Yantra","link":"https:\/\/www.lebens-qi.at\/qishop\/brand\/yantra\/"}},"comments_number":"0","brands":[{"id":617,"name":"Yantra","slug":"yantra"}],"_links":{"self":[{"href":"https:\/\/www.lebens-qi.at\/qishop\/wp-json\/wp\/v2\/product\/6795","targetHints":{"allow":["GET"]}}],"collection":[{"href":"https:\/\/www.lebens-qi.at\/qishop\/wp-json\/wp\/v2\/product"}],"about":[{"href":"https:\/\/www.lebens-qi.at\/qishop\/wp-json\/wp\/v2\/types\/product"}],"replies":[{"embeddable":true,"href":"https:\/\/www.lebens-qi.at\/qishop\/wp-json\/wp\/v2\/comments?post=6795"}],"wp:featuredmedia":[{"embeddable":true,"href":"https:\/\/www.lebens-qi.at\/qishop\/wp-json\/wp\/v2\/media\/6796"}],"wp:attachment":[{"href":"https:\/\/www.lebens-qi.at\/qishop\/wp-json\/wp\/v2\/media?parent=6795"}],"wp:term":[{"taxonomy":"pwb-brand","embeddable":true,"href":"https:\/\/www.lebens-qi.at\/qishop\/wp-json\/wp\/v2\/pwb-brand?post=6795"},{"taxonomy":"product_brand","embeddable":true,"href":"https:\/\/www.lebens-qi.at\/qishop\/wp-json\/wp\/v2\/product_brand?post=6795"},{"taxonomy":"product_cat","embeddable":true,"href":"https:\/\/www.lebens-qi.at\/qishop\/wp-json\/wp\/v2\/product_cat?post=6795"},{"taxonomy":"product_tag","embeddable":true,"href":"https:\/\/www.lebens-qi.at\/qishop\/wp-json\/wp\/v2\/product_tag?post=6795"}],"curies":[{"name":"wp","href":"https:\/\/api.w.org\/{rel}","templated":true}]}}