{"id":6877,"date":"2024-05-08T19:52:19","date_gmt":"2024-05-08T17:52:19","guid":{"rendered":"https:\/\/www.lebens-qi.at\/qishop\/?post_type=product&#038;p=6877"},"modified":"2026-04-07T12:27:13","modified_gmt":"2026-04-07T10:27:13","slug":"das-orakel-der-priesterinnen-des-lichts-karten-set","status":"publish","type":"product","link":"https:\/\/www.lebens-qi.at\/qishop\/produkt\/das-orakel-der-priesterinnen-des-lichts-karten-set\/","title":{"rendered":"Das Orakel der Priesterinnen des Lichts &#8211; Karten-Set"},"content":{"rendered":"<p><b>Kartenset: Das Orakel der Priesterinnen des Lichts<\/b><br \/>\n53 Priesterinnenkarten mit Anleitungsbuch<br \/>\n<em>von Sandra Anne Taylor<\/em><\/p>\n<div class=\"coverText\">\n<p><strong>Die Weisheit der Priesterinnen f\u00fcr spirituelle Klarheit und pers\u00f6nliches Wachstum<\/strong><\/p>\n<p>Gemeinsam mit K\u00fcnstlerin Kimberly Webber hat die Orakel-Expertin und Bestseller-Autorin Sandra Anne Taylor ein einzigartiges Kartendeck kreiert. Jede der 53 wundersch\u00f6n gestalteten Priesterinnen-Karten taucht in unser Unterbewusstsein ein und verspricht spirituelle Klarheit und pers\u00f6nliches Wachstum.<\/p>\n<p>Abgebildet sind Tiere, Geistf\u00fchrer, g\u00f6ttliche weibliche Archetypen und heilige Geometrie. Die Priesterinnen stehen dabei symbolisch f\u00fcr das Licht, das in jedem Tier und in jeder Person scheint. Die Karten k\u00f6nnen f\u00fcr Vorhersagen genutzt werden, zeigen uns aber auch unsere derzeitige Energie an. Sie ermutigen uns dazu, Priesterinnen oder Priester des Lichts zu werden und unsere ureigenen Kr\u00e4fte zu feiern.<\/p>\n<p>Das Begleitbuch erl\u00e4utert die Bedeutung jeder einzelnen Karte und zeigt verschiedene Legungsarten. Affirmationen unterst\u00fctzen die heilsame Energie jeder Karte.<\/p>\n<p>Der Lichteffekt in den Karten entsteht durch die Beimengung von Mineralien, Kristallen und Edelmetallen im Originalgem\u00e4lde. Gemeinsam haben Kimberly Webber und Sandra Anne Taylor somit ein modernes und empowerndes Kartendeck geschaffen, das sowohl f\u00fcr Anf\u00e4nger als auch f\u00fcr Fortgeschrittene geeignet ist.<\/p>\n<\/div>\n","protected":false},"excerpt":{"rendered":"<p>Die Weisheit der Priesterinnen f\u00fcr spirituelle Klarheit und pers\u00f6nliches Wachstum<\/p>\n","protected":false},"featured_media":6878,"comment_status":"open","ping_status":"closed","template":"","meta":{"_links_to":"","_links_to_target":""},"pwb-brand":[885],"product_brand":[],"product_cat":[3168,862],"product_tag":[588,1209,511,667,888,863,1270,868],"class_list":{"0":"post-6877","1":"product","2":"type-product","3":"status-publish","4":"has-post-thumbnail","6":"pwb-brand-knaur-menssana","7":"product_cat-fuer-goettinnen-weibliche-kraft","8":"product_cat-impulskarten","9":"product_tag-affirmation","10":"product_tag-geistfuehrer","11":"product_tag-goettin","12":"product_tag-kartendeck","13":"product_tag-krafttiere","14":"product_tag-orakel","15":"product_tag-sandra-anne-taylor","16":"product_tag-weiblichkeit","18":"first","19":"instock","20":"taxable","21":"shipping-taxable","22":"purchasable","23":"product-type-simple"},"blog_post_layout_featured_media_urls":{"thumbnail":["https:\/\/www.lebens-qi.at\/qishop\/wp-content\/uploads\/priesterinnen-des-lichts-9783426659083-X-150x150.jpg",150,150,true],"full":["https:\/\/www.lebens-qi.at\/qishop\/wp-content\/uploads\/priesterinnen-des-lichts-9783426659083-X.jpg",648,648,false]},"categories":["885"],"categories_names":{"885":{"name":"Knaur Menssana","link":"https:\/\/www.lebens-qi.at\/qishop\/brand\/knaur-menssana\/"}},"comments_number":"0","brands":[{"id":885,"name":"Knaur Menssana","slug":"knaur-menssana"}],"_links":{"self":[{"href":"https:\/\/www.lebens-qi.at\/qishop\/wp-json\/wp\/v2\/product\/6877","targetHints":{"allow":["GET"]}}],"collection":[{"href":"https:\/\/www.lebens-qi.at\/qishop\/wp-json\/wp\/v2\/product"}],"about":[{"href":"https:\/\/www.lebens-qi.at\/qishop\/wp-json\/wp\/v2\/types\/product"}],"replies":[{"embeddable":true,"href":"https:\/\/www.lebens-qi.at\/qishop\/wp-json\/wp\/v2\/comments?post=6877"}],"wp:featuredmedia":[{"embeddable":true,"href":"https:\/\/www.lebens-qi.at\/qishop\/wp-json\/wp\/v2\/media\/6878"}],"wp:attachment":[{"href":"https:\/\/www.lebens-qi.at\/qishop\/wp-json\/wp\/v2\/media?parent=6877"}],"wp:term":[{"taxonomy":"pwb-brand","embeddable":true,"href":"https:\/\/www.lebens-qi.at\/qishop\/wp-json\/wp\/v2\/pwb-brand?post=6877"},{"taxonomy":"product_brand","embeddable":true,"href":"https:\/\/www.lebens-qi.at\/qishop\/wp-json\/wp\/v2\/product_brand?post=6877"},{"taxonomy":"product_cat","embeddable":true,"href":"https:\/\/www.lebens-qi.at\/qishop\/wp-json\/wp\/v2\/product_cat?post=6877"},{"taxonomy":"product_tag","embeddable":true,"href":"https:\/\/www.lebens-qi.at\/qishop\/wp-json\/wp\/v2\/product_tag?post=6877"}],"curies":[{"name":"wp","href":"https:\/\/api.w.org\/{rel}","templated":true}]}}