{"id":6885,"date":"2024-05-10T09:53:47","date_gmt":"2024-05-10T07:53:47","guid":{"rendered":"https:\/\/www.lebens-qi.at\/qishop\/?post_type=product&#038;p=6885"},"modified":"2024-06-01T10:47:51","modified_gmt":"2024-06-01T08:47:51","slug":"heilsteine","status":"publish","type":"product","link":"https:\/\/www.lebens-qi.at\/qishop\/produkt\/heilsteine\/","title":{"rendered":"Heilsteine"},"content":{"rendered":"<p><b>Heilsteine<\/b><br \/>\n50 Steine und ihre therapeutische Anwendung f\u00fcr K\u00f6rper und Seele<br \/>\n<em>von Julia Labacher <\/em><\/p>\n<p><strong>Die wichtigsten Heilsteine auf einen Blick<\/strong><br \/>\nSchon vor Tausenden von Jahren wusste man um die belebende Kraft von Mineralien und Edelsteinen. Heute ist dieses Wissen naturwissenschaftlich belegt und immer mehr Menschen nutzen die positive Wirkung ihrer Schwingungen und Farben. Dieser handliche Ratgeber portr\u00e4tiert kompakt, \u00fcbersichtlich und leicht verst\u00e4ndlich die 50 wichtigsten und gebr\u00e4uchlichsten Heilsteine. Man erf\u00e4hrt alles Wissenswertes zur Steinpflege, den entsprechenden Sternzeichen und Chakras sowie die heilende Wirkung auf K\u00f6rper und Seele. So lernt man den jeweils passenden Stein optimal f\u00fcr sich zu nutzen.<\/p>\n<p>&nbsp;<\/p>\n","protected":false},"excerpt":{"rendered":"<p>50 Steine und ihre therapeutische Anwendung f\u00fcr K\u00f6rper und Seele<\/p>\n","protected":false},"featured_media":6886,"comment_status":"open","ping_status":"closed","template":"","meta":{"_links_to":"","_links_to_target":""},"pwb-brand":[894],"product_brand":[],"product_cat":[803,1619],"product_tag":[580,870,1274,1276,1275,1282,1273],"class_list":{"0":"post-6885","1":"product","2":"type-product","3":"status-publish","4":"has-post-thumbnail","6":"pwb-brand-irisiana","7":"product_cat-heilsteine","8":"product_cat-steinebuecher","9":"product_tag-buch","10":"product_tag-heilsteine","11":"product_tag-heilsteinkunden","12":"product_tag-julia-labacher","13":"product_tag-lithotherapie","14":"product_tag-taschenbuch","15":"product_tag-therapie","17":"first","18":"instock","19":"taxable","20":"shipping-taxable","21":"purchasable","22":"product-type-simple"},"blog_post_layout_featured_media_urls":{"thumbnail":["https:\/\/www.lebens-qi.at\/qishop\/wp-content\/uploads\/heilsteine-9783424152210-X-150x150.jpg",150,150,true],"full":["https:\/\/www.lebens-qi.at\/qishop\/wp-content\/uploads\/heilsteine-9783424152210-X.jpg",648,648,false]},"categories":["894"],"categories_names":{"894":{"name":"Irisiana","link":"https:\/\/www.lebens-qi.at\/qishop\/brand\/irisiana\/"}},"comments_number":"0","brands":[{"id":894,"name":"Irisiana","slug":"irisiana"}],"_links":{"self":[{"href":"https:\/\/www.lebens-qi.at\/qishop\/wp-json\/wp\/v2\/product\/6885","targetHints":{"allow":["GET"]}}],"collection":[{"href":"https:\/\/www.lebens-qi.at\/qishop\/wp-json\/wp\/v2\/product"}],"about":[{"href":"https:\/\/www.lebens-qi.at\/qishop\/wp-json\/wp\/v2\/types\/product"}],"replies":[{"embeddable":true,"href":"https:\/\/www.lebens-qi.at\/qishop\/wp-json\/wp\/v2\/comments?post=6885"}],"wp:featuredmedia":[{"embeddable":true,"href":"https:\/\/www.lebens-qi.at\/qishop\/wp-json\/wp\/v2\/media\/6886"}],"wp:attachment":[{"href":"https:\/\/www.lebens-qi.at\/qishop\/wp-json\/wp\/v2\/media?parent=6885"}],"wp:term":[{"taxonomy":"pwb-brand","embeddable":true,"href":"https:\/\/www.lebens-qi.at\/qishop\/wp-json\/wp\/v2\/pwb-brand?post=6885"},{"taxonomy":"product_brand","embeddable":true,"href":"https:\/\/www.lebens-qi.at\/qishop\/wp-json\/wp\/v2\/product_brand?post=6885"},{"taxonomy":"product_cat","embeddable":true,"href":"https:\/\/www.lebens-qi.at\/qishop\/wp-json\/wp\/v2\/product_cat?post=6885"},{"taxonomy":"product_tag","embeddable":true,"href":"https:\/\/www.lebens-qi.at\/qishop\/wp-json\/wp\/v2\/product_tag?post=6885"}],"curies":[{"name":"wp","href":"https:\/\/api.w.org\/{rel}","templated":true}]}}