{"id":6891,"date":"2024-05-10T11:12:08","date_gmt":"2024-05-10T09:12:08","guid":{"rendered":"https:\/\/www.lebens-qi.at\/qishop\/?post_type=product&#038;p=6891"},"modified":"2024-12-12T15:11:09","modified_gmt":"2024-12-12T14:11:09","slug":"mit-der-kraft-der-kristalle","status":"publish","type":"product","link":"https:\/\/www.lebens-qi.at\/qishop\/produkt\/mit-der-kraft-der-kristalle\/","title":{"rendered":"Mit der Kraft der Kristalle"},"content":{"rendered":"<p><strong>Mit der Kraft der Kristalle<\/strong><br \/>\nDein magischer Begleiter f\u00fcr das ganze Jahr<br \/>\n<em>von Claire Titmus<br \/>\n<\/em><\/p>\n<p><strong>Heilsteine, Rituale und Mondwissen<\/strong><\/p>\n<p><strong>Das Kristallbuch: Die Magie und Heilkraft von Kristallen nutzen<\/strong><\/p>\n<p>Dieser kleine zauberhafte Begleiter ist der ideale Einstieg in die Welt der Kristalle und eignet dich f\u00fcr alle, die sich ein wenig Magie in ihrem Leben w\u00fcnschen. Entdecken Sie Monat f\u00fcr Monat welche Energien aus verschiedenen Heilsteine gezogen werden k\u00f6nnen und wie diese sich positiv auf Ihr Leben und Ihr Wohlbefinden auswirken k\u00f6nnen. So best\u00e4rkt beispielsweise die Kraft von Karneol einen im Januar bei den Neujahrsvors\u00e4tzen und Sodalith gibt dem Selbstbewusstsein im Juli einen Boost. Dabei lernen Sie au\u00dferdem, Kristallenergien zu b\u00fcndeln und mit Ritualen und der Kraft des Mondes zu verbinden, damit ihre Magie Sie das ganze Jahr \u00fcber begleitet.<\/p>\n<p><strong>Kristallwissen Monat f\u00fcr Monat, um die eigenen Kr\u00e4fte und Potenziale freizusetzen<\/strong><\/p>\n<p>In diesem Kristallbuch erfahren Sie, wie Sie sich die magischen Eigenschaften der Kristalle ideal zu Nutze machen, indem Sie sie auf wichtige Daten, Jahreszeiten oder den richtigen Monat abstimmen. Au\u00dferdem finden sich in diesem magischen Leitfaden f\u00fcr jeden Monat Informationen zum jeweiligen Vollmondnamen und Krafttier, passende Pflanzen, sowie eine Zusammenstellung mystischer Traditionen, besonderer Ereignisse und traditioneller Feste, die die Magie der Natur feiern. Hinzu kommen noch Affirmationen sowie Rituale zur Selbstf\u00fcrsorge und Meditationen. Abgeschlossen wird das Kristall-Handbuch durch allgemeine Infos zur Arbeit mit Kristallen und Tipps zur richtigen Pflege der Steine sowie einem Exkurs in die Mondphasen.<\/p>\n<p>Mystisches Wissen f\u00fcr alle, die sich auf die Natur einstimmen m\u00f6chten, die Magie der Kristalle in jeder Jahreszeit entdecken und so neue Kr\u00e4fte aktivieren wollen!<\/p>\n<p>&nbsp;<\/p>\n","protected":false},"excerpt":{"rendered":"<p>Dein magischer Begleiter f\u00fcr das ganze Jahr<\/p>\n","protected":false},"featured_media":6892,"comment_status":"open","ping_status":"closed","template":"","meta":{"_links_to":"","_links_to_target":""},"pwb-brand":[2018],"product_brand":[],"product_cat":[803,819,1619],"product_tag":[580,1285,870,1283,1284,1159,747,1210],"class_list":{"0":"post-6891","1":"product","2":"type-product","3":"status-publish","4":"has-post-thumbnail","6":"pwb-brand-knesebeck","7":"product_cat-heilsteine","8":"product_cat-magie-mythologie","9":"product_cat-steinebuecher","10":"product_tag-buch","11":"product_tag-claire-titmus","12":"product_tag-heilsteine","13":"product_tag-kristalle","14":"product_tag-kristallenergie","15":"product_tag-magie","16":"product_tag-mond","17":"product_tag-rituale","19":"first","20":"instock","21":"taxable","22":"shipping-taxable","23":"purchasable","24":"product-type-simple"},"blog_post_layout_featured_media_urls":{"thumbnail":["https:\/\/www.lebens-qi.at\/qishop\/wp-content\/uploads\/kraft-der-kristalle-9783957287625-X-150x150.jpg",150,150,true],"full":["https:\/\/www.lebens-qi.at\/qishop\/wp-content\/uploads\/kraft-der-kristalle-9783957287625-X.jpg",621,621,false]},"categories":["2018"],"categories_names":{"2018":{"name":"Knesebeck","link":"https:\/\/www.lebens-qi.at\/qishop\/brand\/knesebeck\/"}},"comments_number":"0","brands":[{"id":2018,"name":"Knesebeck","slug":"knesebeck"}],"_links":{"self":[{"href":"https:\/\/www.lebens-qi.at\/qishop\/wp-json\/wp\/v2\/product\/6891","targetHints":{"allow":["GET"]}}],"collection":[{"href":"https:\/\/www.lebens-qi.at\/qishop\/wp-json\/wp\/v2\/product"}],"about":[{"href":"https:\/\/www.lebens-qi.at\/qishop\/wp-json\/wp\/v2\/types\/product"}],"replies":[{"embeddable":true,"href":"https:\/\/www.lebens-qi.at\/qishop\/wp-json\/wp\/v2\/comments?post=6891"}],"wp:featuredmedia":[{"embeddable":true,"href":"https:\/\/www.lebens-qi.at\/qishop\/wp-json\/wp\/v2\/media\/6892"}],"wp:attachment":[{"href":"https:\/\/www.lebens-qi.at\/qishop\/wp-json\/wp\/v2\/media?parent=6891"}],"wp:term":[{"taxonomy":"pwb-brand","embeddable":true,"href":"https:\/\/www.lebens-qi.at\/qishop\/wp-json\/wp\/v2\/pwb-brand?post=6891"},{"taxonomy":"product_brand","embeddable":true,"href":"https:\/\/www.lebens-qi.at\/qishop\/wp-json\/wp\/v2\/product_brand?post=6891"},{"taxonomy":"product_cat","embeddable":true,"href":"https:\/\/www.lebens-qi.at\/qishop\/wp-json\/wp\/v2\/product_cat?post=6891"},{"taxonomy":"product_tag","embeddable":true,"href":"https:\/\/www.lebens-qi.at\/qishop\/wp-json\/wp\/v2\/product_tag?post=6891"}],"curies":[{"name":"wp","href":"https:\/\/api.w.org\/{rel}","templated":true}]}}