{"id":6895,"date":"2024-05-10T11:34:33","date_gmt":"2024-05-10T09:34:33","guid":{"rendered":"https:\/\/www.lebens-qi.at\/qishop\/?post_type=product&#038;p=6895"},"modified":"2024-06-01T10:47:49","modified_gmt":"2024-06-01T08:47:49","slug":"heilsteine-fuer-einsteiger","status":"publish","type":"product","link":"https:\/\/www.lebens-qi.at\/qishop\/produkt\/heilsteine-fuer-einsteiger\/","title":{"rendered":"Heilsteine f\u00fcr Einsteiger"},"content":{"rendered":"<p><strong>Heilsteine f\u00fcr Einsteiger<\/strong><br \/>\nDie Kraft der Steine und Kristalle f\u00fcr mehr Energie, Ausgeglichenheit, Schutz und Kreativit\u00e4t nutzen<br \/>\n<em>von Karen Frazier<br \/>\n<\/em><\/p>\n<p><strong>Finde Gleichgewicht und emotionale Heilung mit Kristallen<br \/>\n<\/strong><\/p>\n<p>Heilsteine und Kristalle helfen, Stress zu bek\u00e4mpfen, mit Angst und anderen Emotionen besser umzugehen und K\u00f6rper, Geist und Seele ins Gleichgewicht zu bringen. Noch nie einen Heilstein ber\u00fchrt? Keine Sorge \u2013 die erfahrene Energieheilerin Karen Frazier f\u00fchrt Schritt f\u00fcr Schritt in die Heilung mit Steinen ein und erkl\u00e4rt die wichtigsten Basics. Sie stellt 50 Heilsteine und ihre Wirkung vor, gibt n\u00fctzliche Tipps zum Kauf, Reinigung und Umgang und erkl\u00e4rt verst\u00e4ndlich, wie die Steine richtig angewendet werden.<\/p>\n<p><strong>Der einfache Einstieg f\u00fcr alle, die ihr Leben mit Heilsteinen positiv beeinflussen wollen.<\/strong><\/p>\n<p>&nbsp;<\/p>\n<p>&nbsp;<\/p>\n","protected":false},"excerpt":{"rendered":"<p>Die Kraft der Steine und Kristalle f\u00fcr mehr Energie, Ausgeglichenheit, Schutz und Kreativit\u00e4t nutzen<\/p>\n","protected":false},"featured_media":6896,"comment_status":"open","ping_status":"closed","template":"","meta":{"_links_to":"","_links_to_target":""},"pwb-brand":[896],"product_brand":[],"product_cat":[803,1619],"product_tag":[1290,580,640,870,1289,1291,1283,121,1024],"class_list":{"0":"post-6895","1":"product","2":"type-product","3":"status-publish","4":"has-post-thumbnail","6":"pwb-brand-mvg","7":"product_cat-heilsteine","8":"product_cat-steinebuecher","9":"product_tag-ausgeglichenheit","10":"product_tag-buch","11":"product_tag-energie","12":"product_tag-heilsteine","13":"product_tag-karen-frazier","14":"product_tag-kreativitaet","15":"product_tag-kristalle","16":"product_tag-schutz","17":"product_tag-stressbewaeltigung","19":"first","20":"instock","21":"taxable","22":"shipping-taxable","23":"purchasable","24":"product-type-simple"},"blog_post_layout_featured_media_urls":{"thumbnail":["https:\/\/www.lebens-qi.at\/qishop\/wp-content\/uploads\/heilsteine-fuer-einsteiger-9783747402887-X-150x150.jpg",150,150,true],"full":["https:\/\/www.lebens-qi.at\/qishop\/wp-content\/uploads\/heilsteine-fuer-einsteiger-9783747402887-X.jpg",648,648,false]},"categories":["896"],"categories_names":{"896":{"name":"mvg","link":"https:\/\/www.lebens-qi.at\/qishop\/brand\/mvg\/"}},"comments_number":"0","brands":[{"id":896,"name":"mvg","slug":"mvg"}],"_links":{"self":[{"href":"https:\/\/www.lebens-qi.at\/qishop\/wp-json\/wp\/v2\/product\/6895","targetHints":{"allow":["GET"]}}],"collection":[{"href":"https:\/\/www.lebens-qi.at\/qishop\/wp-json\/wp\/v2\/product"}],"about":[{"href":"https:\/\/www.lebens-qi.at\/qishop\/wp-json\/wp\/v2\/types\/product"}],"replies":[{"embeddable":true,"href":"https:\/\/www.lebens-qi.at\/qishop\/wp-json\/wp\/v2\/comments?post=6895"}],"wp:featuredmedia":[{"embeddable":true,"href":"https:\/\/www.lebens-qi.at\/qishop\/wp-json\/wp\/v2\/media\/6896"}],"wp:attachment":[{"href":"https:\/\/www.lebens-qi.at\/qishop\/wp-json\/wp\/v2\/media?parent=6895"}],"wp:term":[{"taxonomy":"pwb-brand","embeddable":true,"href":"https:\/\/www.lebens-qi.at\/qishop\/wp-json\/wp\/v2\/pwb-brand?post=6895"},{"taxonomy":"product_brand","embeddable":true,"href":"https:\/\/www.lebens-qi.at\/qishop\/wp-json\/wp\/v2\/product_brand?post=6895"},{"taxonomy":"product_cat","embeddable":true,"href":"https:\/\/www.lebens-qi.at\/qishop\/wp-json\/wp\/v2\/product_cat?post=6895"},{"taxonomy":"product_tag","embeddable":true,"href":"https:\/\/www.lebens-qi.at\/qishop\/wp-json\/wp\/v2\/product_tag?post=6895"}],"curies":[{"name":"wp","href":"https:\/\/api.w.org\/{rel}","templated":true}]}}