{"id":6906,"date":"2024-05-10T15:16:05","date_gmt":"2024-05-10T13:16:05","guid":{"rendered":"https:\/\/www.lebens-qi.at\/qishop\/?post_type=product&#038;p=6906"},"modified":"2024-12-10T11:24:10","modified_gmt":"2024-12-10T10:24:10","slug":"energetischer-selbstschutz","status":"publish","type":"product","link":"https:\/\/www.lebens-qi.at\/qishop\/produkt\/energetischer-selbstschutz\/","title":{"rendered":"Energetischer Selbstschutz"},"content":{"rendered":"<p><b>Energetischer Selbstschutz<\/b><br \/>\nPsychische Immunst\u00e4rke gegen bewusste und unbewusste \u00dcbergriffe<em><br \/>\nvon Master Choa Kok Sui<\/em><\/p>\n<p><strong>So sch\u00fctzen Sie Ihre Lebensenergie!<\/strong><\/p>\n<p>Bewusste oder unbewusste Angriffe auf unsere seelische Gesundheit sind eine allt\u00e4gliche Gefahr. Was k\u00f6nnen wir dagegen tun? Master Choa Kok Sui gibt uns einfache, wirksame, \u00fcberall anwendbare Mittel und Methoden an die Hand, um uns in der Kunst psychischer Selbstverteidigung fit zu machen.<\/p>\n<p><b>G\u00e4be es ein Leben ohne Stress, Aggressivit\u00e4t und Egoismus, m\u00fcsste es auch diesen Ratgeber nicht geben.<br \/>\n<\/b><br \/>\nMaster Choa Kok Sui zeigt, wie einem weit verbreiteten Problem in der heutigen Zeit begegnet werden kann: den allt\u00e4glichen Angriffen auf unsere seelische Unversehrtheit, seien sie gewollt oder ungewollt.<\/p>\n<p>&#8211; Einen Aura-Schutzschild gegen eine negative Umwelt aufbauen<br \/>\n&#8211; Entsorgung ersch\u00f6pfter Energien aus der Aura<br \/>\n&#8211; R\u00e4ume von atmosph\u00e4rischen Spannungen reinigen<br \/>\n&#8211; Erste Hilfe bei akuten Folgen psychischer \u00dcbergriffe<br \/>\n&#8211; Heilung chronischer Folgen von seelischen Verletzungen<br \/>\n&#8211; Spezialkapitel: Wie man bewussten und gezielten psychischen Angriffen begegnet<\/p>\n<p><b>Das hochwirksame Praxisprogramm des weltber\u00fchmten spirituellen Lehrers.<\/b><\/p>\n","protected":false},"excerpt":{"rendered":"<p>Psychische Immunst\u00e4rke gegen bewusste und unbewusste \u00dcbergriffe<\/p>\n","protected":false},"featured_media":6907,"comment_status":"open","ping_status":"closed","template":"","meta":{"_links_to":"","_links_to_target":""},"pwb-brand":[897],"product_brand":[],"product_cat":[804],"product_tag":[517,580,1194,1196,829,841,121,178,1295],"class_list":{"0":"post-6906","1":"product","2":"type-product","3":"status-publish","4":"has-post-thumbnail","6":"pwb-brand-ansata","7":"product_cat-energiearbeit","8":"product_tag-aura","9":"product_tag-buch","10":"product_tag-energiearbeit","11":"product_tag-lebensenergie","12":"product_tag-master-choa-kok-sui","13":"product_tag-pranic-healing","14":"product_tag-schutz","15":"product_tag-seele","16":"product_tag-selbstschutz","18":"first","19":"instock","20":"taxable","21":"shipping-taxable","22":"purchasable","23":"product-type-simple"},"blog_post_layout_featured_media_urls":{"thumbnail":["https:\/\/www.lebens-qi.at\/qishop\/wp-content\/uploads\/energetischer-selbstschutz-9783778775271-X-150x150.jpg",150,150,true],"full":["https:\/\/www.lebens-qi.at\/qishop\/wp-content\/uploads\/energetischer-selbstschutz-9783778775271-X.jpg",648,648,false]},"categories":["897"],"categories_names":{"897":{"name":"Ansata","link":"https:\/\/www.lebens-qi.at\/qishop\/brand\/ansata\/"}},"comments_number":"0","brands":[{"id":897,"name":"Ansata","slug":"ansata"}],"_links":{"self":[{"href":"https:\/\/www.lebens-qi.at\/qishop\/wp-json\/wp\/v2\/product\/6906","targetHints":{"allow":["GET"]}}],"collection":[{"href":"https:\/\/www.lebens-qi.at\/qishop\/wp-json\/wp\/v2\/product"}],"about":[{"href":"https:\/\/www.lebens-qi.at\/qishop\/wp-json\/wp\/v2\/types\/product"}],"replies":[{"embeddable":true,"href":"https:\/\/www.lebens-qi.at\/qishop\/wp-json\/wp\/v2\/comments?post=6906"}],"wp:featuredmedia":[{"embeddable":true,"href":"https:\/\/www.lebens-qi.at\/qishop\/wp-json\/wp\/v2\/media\/6907"}],"wp:attachment":[{"href":"https:\/\/www.lebens-qi.at\/qishop\/wp-json\/wp\/v2\/media?parent=6906"}],"wp:term":[{"taxonomy":"pwb-brand","embeddable":true,"href":"https:\/\/www.lebens-qi.at\/qishop\/wp-json\/wp\/v2\/pwb-brand?post=6906"},{"taxonomy":"product_brand","embeddable":true,"href":"https:\/\/www.lebens-qi.at\/qishop\/wp-json\/wp\/v2\/product_brand?post=6906"},{"taxonomy":"product_cat","embeddable":true,"href":"https:\/\/www.lebens-qi.at\/qishop\/wp-json\/wp\/v2\/product_cat?post=6906"},{"taxonomy":"product_tag","embeddable":true,"href":"https:\/\/www.lebens-qi.at\/qishop\/wp-json\/wp\/v2\/product_tag?post=6906"}],"curies":[{"name":"wp","href":"https:\/\/api.w.org\/{rel}","templated":true}]}}