{"id":6916,"date":"2024-05-10T17:49:32","date_gmt":"2024-05-10T15:49:32","guid":{"rendered":"https:\/\/www.lebens-qi.at\/qishop\/?post_type=product&#038;p=6916"},"modified":"2024-12-11T12:18:29","modified_gmt":"2024-12-11T11:18:29","slug":"licht-heilung","status":"publish","type":"product","link":"https:\/\/www.lebens-qi.at\/qishop\/produkt\/licht-heilung\/","title":{"rendered":"Licht-Heilung"},"content":{"rendered":"<p><b>Licht-Heilung<\/b><br \/>\nDer Proze\u00df der Genesung auf allen Ebenen von K\u00f6rper, Gef\u00fchl und Geist<em><br \/>\nvon Barbara Ann Brennan<br \/>\n<\/em><\/p>\n<div class=\"coverText\">\n<p><b>Nicht der menschliche K\u00f6rper, sondern sein Energiefeld, seine Aura, war zuerst da!<\/b><\/p>\n<p>Dieses Buch er\u00f6ffnet einen faszinierenden Zugang zur Welt des Heilens. Mit zahlreichen \u00dcbungen, Fallbeispielen und Illustrationen ist es ein praktischer Leitfaden f\u00fcr alle Energieheiler, eine anspruchsvolle und kritische Einf\u00fchrung f\u00fcr skeptische \u00c4rzte sowie eine verl\u00e4ssliche Kontrolle f\u00fcr jeden, der sich in Heilbehandlung befindet.<br \/>\nJahrzehntelange Erfahrung und Forschung bilden das Fundament zu einem Heilansatz, der die Kooperation von Patient, Heiler und Arzt unter holographischen Gesichtspunkten fordert und unterst\u00fctzt.&#8220;Wir brauchen nichts als Licht und Liebe f\u00fcr unsere Heilung, und niemand durchschaut das so klar wie Barbara Ann Brennan. <i>Licht-Heilung <\/i> er\u00f6ffnet uns einzigartige Quellen des Heilwissens. Man kann es nur empfehlen!&#8220; <i>Louise Hay<\/i><\/p>\n<p>Ausstattung: mit zahlreichen Abbildungen<\/p>\n<\/div>\n<p>&nbsp;<\/p>\n","protected":false},"excerpt":{"rendered":"<p>Der Proze\u00df der Genesung auf allen Ebenen von K\u00f6rper, Gef\u00fchl und Geist<\/p>\n","protected":false},"featured_media":6917,"comment_status":"open","ping_status":"closed","template":"","meta":{"_links_to":"","_links_to_target":""},"pwb-brand":[1531],"product_brand":[],"product_cat":[804],"product_tag":[517,1300,580,1194,546,1298,1196,1299],"class_list":{"0":"post-6916","1":"product","2":"type-product","3":"status-publish","4":"has-post-thumbnail","6":"pwb-brand-goldmann","7":"product_cat-energiearbeit","8":"product_tag-aura","9":"product_tag-barbara-ann-brennan","10":"product_tag-buch","11":"product_tag-energiearbeit","12":"product_tag-gesundheit","13":"product_tag-heilung","14":"product_tag-lebensenergie","15":"product_tag-lichtarbeit","17":"first","18":"instock","19":"taxable","20":"shipping-taxable","21":"purchasable","22":"product-type-simple"},"blog_post_layout_featured_media_urls":{"thumbnail":["https:\/\/www.lebens-qi.at\/qishop\/wp-content\/uploads\/licht-heilung-9783442122226-X-150x150.jpg",150,150,true],"full":["https:\/\/www.lebens-qi.at\/qishop\/wp-content\/uploads\/licht-heilung-9783442122226-X.jpg",648,648,false]},"categories":["1531"],"categories_names":{"1531":{"name":"Goldmann","link":"https:\/\/www.lebens-qi.at\/qishop\/brand\/goldmann\/"}},"comments_number":"0","brands":[{"id":1531,"name":"Goldmann","slug":"goldmann"}],"_links":{"self":[{"href":"https:\/\/www.lebens-qi.at\/qishop\/wp-json\/wp\/v2\/product\/6916","targetHints":{"allow":["GET"]}}],"collection":[{"href":"https:\/\/www.lebens-qi.at\/qishop\/wp-json\/wp\/v2\/product"}],"about":[{"href":"https:\/\/www.lebens-qi.at\/qishop\/wp-json\/wp\/v2\/types\/product"}],"replies":[{"embeddable":true,"href":"https:\/\/www.lebens-qi.at\/qishop\/wp-json\/wp\/v2\/comments?post=6916"}],"wp:featuredmedia":[{"embeddable":true,"href":"https:\/\/www.lebens-qi.at\/qishop\/wp-json\/wp\/v2\/media\/6917"}],"wp:attachment":[{"href":"https:\/\/www.lebens-qi.at\/qishop\/wp-json\/wp\/v2\/media?parent=6916"}],"wp:term":[{"taxonomy":"pwb-brand","embeddable":true,"href":"https:\/\/www.lebens-qi.at\/qishop\/wp-json\/wp\/v2\/pwb-brand?post=6916"},{"taxonomy":"product_brand","embeddable":true,"href":"https:\/\/www.lebens-qi.at\/qishop\/wp-json\/wp\/v2\/product_brand?post=6916"},{"taxonomy":"product_cat","embeddable":true,"href":"https:\/\/www.lebens-qi.at\/qishop\/wp-json\/wp\/v2\/product_cat?post=6916"},{"taxonomy":"product_tag","embeddable":true,"href":"https:\/\/www.lebens-qi.at\/qishop\/wp-json\/wp\/v2\/product_tag?post=6916"}],"curies":[{"name":"wp","href":"https:\/\/api.w.org\/{rel}","templated":true}]}}