{"id":7005,"date":"2024-05-11T11:18:51","date_gmt":"2024-05-11T09:18:51","guid":{"rendered":"https:\/\/www.lebens-qi.at\/qishop\/?post_type=product&#038;p=7005"},"modified":"2024-05-11T11:25:57","modified_gmt":"2024-05-11T09:25:57","slug":"impfen-ja-oder-nein","status":"publish","type":"product","link":"https:\/\/www.lebens-qi.at\/qishop\/produkt\/impfen-ja-oder-nein\/","title":{"rendered":"Impfen ja oder nein?"},"content":{"rendered":"<p><b>Impfen ja oder nein?<br \/>\n<\/b>Der Ratgeber f\u00fcr eine bewusste Entscheidung<br \/>\n<em>von Dr. med. Roman Machens und Christoph Eydt<br \/>\n<\/em><\/p>\n<p>F\u00fcr und Wider zum umstrittenen Thema Impfen werden in diesem aktuellen Ratgeber durchleuchtet. Denn sp\u00e4testens seit dem verst\u00e4rkten Ausbruch der Masern in Deutschland ist der Sinn des Impfens wieder Teil der \u00f6ffentlichen Diskussion geworden \u2013 es wird sogar schon von Impfpflicht gesprochen.<\/p>\n<p><b> Doch was ist dran an Schutzimpfungen?<\/b> Sind sie medizinische Wunderwaffen gegen Krankheitsepidemien oder Ursachen zahlreicher gesundheitlicher St\u00f6rungen und verursachen damit mehr Schaden als Nutzen? Wie wirkt sich Impfen bzw. Nicht-Impfen auf Kinder und Eltern aus? Ist Impfen gar eine gesellschaftliche Norm und f\u00fchrt Nicht-Impfen zu Ausgrenzung?<\/p>\n<p>Diese und weitere Fragen werden in diesem Ratgeber beantwortet. Denn die Entscheidung f\u00fcr oder gegen Impfen h\u00e4ngt nicht nur von medizinischen Gesichtspunkten ab, sondern sollte auch historische, soziale, wirtschaftliche und politische Aspekte ber\u00fccksichtigen. Untermalt werden die verschiedenen Aspekte durch Interviews mit Impfbef\u00fcrwortern wie auch mit Impfgegnern.<\/p>\n<p>Dieses Buch ist f\u00fcr alle, die vor einer Impfentscheidung stehen, sowie f\u00fcr Interessierte, die den Impf-Diskurs verfolgen und sich eine eigene Meinung bilden m\u00f6chten.<\/p>\n<p><strong>Ein Interview mit dem bekannten Arzt, Psychotherapeuten und Autor Dr. med. Ruediger Dahlke rundet die Darstellung der verschiedenen Aspekte ab.<\/strong><\/p>\n<p>&nbsp;<\/p>\n<p>&nbsp;<\/p>\n","protected":false},"excerpt":{"rendered":"<p>Der Ratgeber f\u00fcr eine bewusste Entscheidung<\/p>\n","protected":false},"featured_media":7006,"comment_status":"open","ping_status":"closed","template":"","meta":{"_links_to":"","_links_to_target":""},"pwb-brand":[],"product_brand":[],"product_cat":[811],"product_tag":[580,1455,1453,1457,1451,1456,1452,1454,1446],"class_list":{"0":"post-7005","1":"product","2":"type-product","3":"status-publish","4":"has-post-thumbnail","6":"product_cat-gesundheit","7":"product_tag-buch","8":"product_tag-christoph-eydt","9":"product_tag-entscheidung","10":"product_tag-epidemie","11":"product_tag-impfung","12":"product_tag-masern","13":"product_tag-ratgeber","14":"product_tag-roman-machens","15":"product_tag-ruediger-dahlke","17":"first","18":"instock","19":"taxable","20":"shipping-taxable","21":"purchasable","22":"product-type-simple"},"blog_post_layout_featured_media_urls":{"thumbnail":["https:\/\/www.lebens-qi.at\/qishop\/wp-content\/uploads\/impfen-buch.jpg",145,145,false],"full":["https:\/\/www.lebens-qi.at\/qishop\/wp-content\/uploads\/impfen-buch.jpg",145,145,false]},"categories":null,"categories_names":null,"comments_number":"0","brands":[],"_links":{"self":[{"href":"https:\/\/www.lebens-qi.at\/qishop\/wp-json\/wp\/v2\/product\/7005","targetHints":{"allow":["GET"]}}],"collection":[{"href":"https:\/\/www.lebens-qi.at\/qishop\/wp-json\/wp\/v2\/product"}],"about":[{"href":"https:\/\/www.lebens-qi.at\/qishop\/wp-json\/wp\/v2\/types\/product"}],"replies":[{"embeddable":true,"href":"https:\/\/www.lebens-qi.at\/qishop\/wp-json\/wp\/v2\/comments?post=7005"}],"wp:featuredmedia":[{"embeddable":true,"href":"https:\/\/www.lebens-qi.at\/qishop\/wp-json\/wp\/v2\/media\/7006"}],"wp:attachment":[{"href":"https:\/\/www.lebens-qi.at\/qishop\/wp-json\/wp\/v2\/media?parent=7005"}],"wp:term":[{"taxonomy":"pwb-brand","embeddable":true,"href":"https:\/\/www.lebens-qi.at\/qishop\/wp-json\/wp\/v2\/pwb-brand?post=7005"},{"taxonomy":"product_brand","embeddable":true,"href":"https:\/\/www.lebens-qi.at\/qishop\/wp-json\/wp\/v2\/product_brand?post=7005"},{"taxonomy":"product_cat","embeddable":true,"href":"https:\/\/www.lebens-qi.at\/qishop\/wp-json\/wp\/v2\/product_cat?post=7005"},{"taxonomy":"product_tag","embeddable":true,"href":"https:\/\/www.lebens-qi.at\/qishop\/wp-json\/wp\/v2\/product_tag?post=7005"}],"curies":[{"name":"wp","href":"https:\/\/api.w.org\/{rel}","templated":true}]}}