{"id":7007,"date":"2024-05-11T11:31:41","date_gmt":"2024-05-11T09:31:41","guid":{"rendered":"https:\/\/www.lebens-qi.at\/qishop\/?post_type=product&#038;p=7007"},"modified":"2024-12-11T11:52:15","modified_gmt":"2024-12-11T10:52:15","slug":"gute-imfpung-schlechte-impfung","status":"publish","type":"product","link":"https:\/\/www.lebens-qi.at\/qishop\/produkt\/gute-imfpung-schlechte-impfung\/","title":{"rendered":"Gute Impfung Schlechte Impfung"},"content":{"rendered":"<p><b>Gute Impfung Schlechte Impfung<br \/>\n<\/b>Der umfassende Ratgeber<br \/>\n<em>von Bert Ehgartner<br \/>\n<\/em><\/p>\n<p><strong>Impfungen auf dem Pr\u00fcfstand<\/strong><\/p>\n<p>Noch nie zuvor wurde so massiv geimpft wie heute. Doch sind so viele Impfungen \u00fcberhaupt notwendig? Bert Ehgartner &#8211; weder Impfgegner noch kritikloser Bef\u00fcrworter &#8211; analysiert und bewertet 17 verschiedene Impfungen hinsichtlich Nutzen und Gefahren.<\/p>\n<ul>\n<li>Viele Impfungen haben positive Auswirkungen auf das Immunsystem, sie wirken und sind sicher.<\/li>\n<li>Bei anderen ist die Wirkung schlecht oder ungewiss. Sie enthalten zudem toxische Zusatzstoffe, z.B. Aluminium<\/li>\n<\/ul>\n<p>Impfungen sind zu einer heiligen Kuh des Medizinbetriebs geworden. Der Autor beleuchtet die Hintergr\u00fcnde und nimmt die Pharmaindustrie kritisch unter die Lupe. Den Einsch\u00e4tzungen der Beh\u00f6rden stellt er eine sorgf\u00e4ltige Recherche gegen\u00fcber, die von den alten Seuchenzeiten bis zum heutigen Ph\u00e4nomen der Autoimmunerkrankungen f\u00fchrt.<\/p>\n<p>Von sicheren Impfstoffen sind wir meilenweit entfernt. Bert Ehgartner &#8211; als unabh\u00e4ngiger Wissenschaftsjournalist seit mehr als zwanzig Jahren Kenner der Impfthematik &#8211; fordert eine offene, ehrliche Diskussion. Dieses Buch ist ein Ansto\u00df dazu.<\/p>\n<p>&nbsp;<\/p>\n<p>&nbsp;<\/p>\n","protected":false},"excerpt":{"rendered":"<p>Der umfassende Ratgeber<\/p>\n","protected":false},"featured_media":7008,"comment_status":"open","ping_status":"closed","template":"","meta":{"_links_to":"","_links_to_target":""},"pwb-brand":[1551],"product_brand":[],"product_cat":[811],"product_tag":[1459,1460,1458,580,1453,1457,1451,1456,1360,1362,1364,1452],"class_list":{"0":"post-7007","1":"product","2":"type-product","3":"status-publish","4":"has-post-thumbnail","6":"pwb-brand-ennsthaler","7":"product_cat-gesundheit","8":"product_tag-aluminium","9":"product_tag-autoimmunerkrankung","10":"product_tag-bert-ehgartner","11":"product_tag-buch","12":"product_tag-entscheidung","13":"product_tag-epidemie","14":"product_tag-impfung","15":"product_tag-masern","16":"product_tag-pharma","17":"product_tag-pharmakonzerne","18":"product_tag-pharmazie","19":"product_tag-ratgeber","21":"first","22":"instock","23":"taxable","24":"shipping-taxable","25":"purchasable","26":"product-type-simple"},"blog_post_layout_featured_media_urls":{"thumbnail":["https:\/\/www.lebens-qi.at\/qishop\/wp-content\/uploads\/gute-impfung-schlechte-impfung-buch-150x150.jpg",150,150,true],"full":["https:\/\/www.lebens-qi.at\/qishop\/wp-content\/uploads\/gute-impfung-schlechte-impfung-buch.jpg",555,555,false]},"categories":["1551"],"categories_names":{"1551":{"name":"Ennsthaler","link":"https:\/\/www.lebens-qi.at\/qishop\/brand\/ennsthaler\/"}},"comments_number":"0","brands":[{"id":1551,"name":"Ennsthaler","slug":"ennsthaler"}],"_links":{"self":[{"href":"https:\/\/www.lebens-qi.at\/qishop\/wp-json\/wp\/v2\/product\/7007","targetHints":{"allow":["GET"]}}],"collection":[{"href":"https:\/\/www.lebens-qi.at\/qishop\/wp-json\/wp\/v2\/product"}],"about":[{"href":"https:\/\/www.lebens-qi.at\/qishop\/wp-json\/wp\/v2\/types\/product"}],"replies":[{"embeddable":true,"href":"https:\/\/www.lebens-qi.at\/qishop\/wp-json\/wp\/v2\/comments?post=7007"}],"wp:featuredmedia":[{"embeddable":true,"href":"https:\/\/www.lebens-qi.at\/qishop\/wp-json\/wp\/v2\/media\/7008"}],"wp:attachment":[{"href":"https:\/\/www.lebens-qi.at\/qishop\/wp-json\/wp\/v2\/media?parent=7007"}],"wp:term":[{"taxonomy":"pwb-brand","embeddable":true,"href":"https:\/\/www.lebens-qi.at\/qishop\/wp-json\/wp\/v2\/pwb-brand?post=7007"},{"taxonomy":"product_brand","embeddable":true,"href":"https:\/\/www.lebens-qi.at\/qishop\/wp-json\/wp\/v2\/product_brand?post=7007"},{"taxonomy":"product_cat","embeddable":true,"href":"https:\/\/www.lebens-qi.at\/qishop\/wp-json\/wp\/v2\/product_cat?post=7007"},{"taxonomy":"product_tag","embeddable":true,"href":"https:\/\/www.lebens-qi.at\/qishop\/wp-json\/wp\/v2\/product_tag?post=7007"}],"curies":[{"name":"wp","href":"https:\/\/api.w.org\/{rel}","templated":true}]}}