{"id":7014,"date":"2024-05-12T22:59:46","date_gmt":"2024-05-12T20:59:46","guid":{"rendered":"https:\/\/www.lebens-qi.at\/qishop\/?post_type=product&#038;p=7014"},"modified":"2026-03-12T16:01:46","modified_gmt":"2026-03-12T15:01:46","slug":"agnihotra-kupferpyramide","status":"publish","type":"product","link":"https:\/\/www.lebens-qi.at\/qishop\/produkt\/agnihotra-kupferpyramide\/","title":{"rendered":"Agnihotra Kupferpyramide"},"content":{"rendered":"<p><b>Agnihotra-Pyramide <\/b><\/p>\n<p>F\u00fcr Agnihotra ben\u00f6tigt man eine Kupferpyramide mit festgelegter Form und Gr\u00f6\u00dfe.<br \/>\nKupfer ist ein Leiter auch f\u00fcr feine Energien.<\/p>\n<p>\u2022 Zur Ausf\u00fchrung des Agnihotra-Feuers<br \/>\n\u2022 Agnihotra basiert auf dem Zyklus des Sonnenauf- und Untergang<br \/>\n\u2022 Schafft eine positive, aufgeladene Atmosph\u00e4re<br \/>\n\u2022 Bringt alle Bereiche des Lebens zur\u00fcck in Harmonie<\/p>\n<p>Pyramide aus Kupfer<br \/>\nBreite ca. 15,5 cm<\/p>\n<p><b> AGNIHOTRA &amp; HOMA THERAPIE<\/b><\/p>\n<p>Die alte Wissenschaft des Heilens Agnihotra ist ein Geschenk an die Menschheit aus den \u00e4ltesten vedischen Wissenschaften der Bioenergie, Medizin, Landwirtschaft und der Klimawissenschaft.<br \/>\nAGNIHOTRA ist das grundlegende Feuer der HOMA-THERAPIE. Agnihotra ist ein Vorgang zur Reinigung der Atmosph\u00e4re mit Hilfe von Feuer. Es wird in einer Kupferpyramide im Einklang mit dem Biorhythmus von Sonnenaufgang und Sonnenuntergang durchgef\u00fchrt. So werden die Folgen der Umweltverschmutzung auf Pflanzen, Tiere und Menschen neutralisiert. Alle Bereiche des Lebens auf diesem Planeten kommen wieder in Harmonie &#8230; wir heilen unsere Welt.<\/p>\n<p>In der alten wissenschaftlichen Tradition der Vedenwird folgendes \u00fcber Agnihotra gesagt:<\/p>\n<p><b> Wirkungsweise von Agnihotra<\/b><\/p>\n<p>Genau zum Sonnenaufgang str\u00f6mt eine Flut von feinen Energien zur Agnihotra-Pyramide hin. Sie bewegen sich in Form einer Pyramide. Bei Sonnenuntergang werden sie dann in genau derselben Form wieder hinausgeschleudert.<br \/>\nWo immer dieser Energiestrom bei Sonnenaufgang auftrifft, l\u00f6st er starke Reinigungswirkungen auf allen Ebenen aus. Agnihotra verst\u00e4rkt diesen Prozess auf folgende Weise: Die \u00e4therischen Energien f\u00fchren eine feine Musik mit sich. Die Agnihotra- Mantras spiegeln diese Musik wider. Im Zusammenspiel des exakten Zeitpunkts, der Kupferpyramide, den sehr speziellen f\u00fcr das Feuer verwendeten Materialien sowie der Kraft der Mantras wird \u00fcber der Pyramide ein Kanal durch die ganze Atmosph\u00e4re geschaffen, durch den sich Prana-Energie frei bewegen kann.<br \/>\nGenau zum Zeitpunkt von Agnihotra sammeln sich gewaltige Energien um die Agnihotra-Kupferpyramide. Die Pyramide wirkt als Generator, das Feuer wie eine Turbine. Eine Art Magnetfeld wird erzeugt, welches negative Energien und Informationen neutralisiert und positive Energien verst\u00e4rkt. Gleichzeitig sammelt der bei der Durchf\u00fchrung von Agnihotra entstehende Rauch sch\u00e4dliche Strahlungsteilchen der Atmosph\u00e4re ein und neutralisiert auf einer sehr feinstofflichen Ebene deren radioaktive Wirkung. Nichts wird zerst\u00f6rt, sondern nur umgewandelt. Aus der Agnihotra-Pyramide str\u00f6men viele heilende Energien. Es bildet sich ein Aura-Energie-Feld um Pflanzen in der N\u00e4he der Pyramide. So werden die Pflanzen st\u00e4rker und widerstandsf\u00e4higer gegen Krankheiten. Wenn die Flamme erlischt zieht sich dieses Energiefeld in die Asche zur\u00fcck. Diese wird daher als Grundlage f\u00fcr Volksmedizin verwendet. Auf diese Weise entsteht durch regelm\u00e4\u00dfiges Ausf\u00fchren von Agnihotra ein alle Ebenen umfassendes positives Energiemuster.<\/p>\n<p><b> Wirkungen von Agnihotra<\/b><\/p>\n<p>Wenn sich Pflanzen in einem Raum befinden, in dem die Schwingungen von Agnihotra durch regelm\u00e4\u00dfiges Ausf\u00fchren dieses Pyramidenfeuers aufrechterhalten werden, kann man &#8211; wenn die eigene Wahrnehmung nurhinreichend fein entwickelt ist &#8211; f\u00f6rmlich sehen, wie die Pflanzen wachsen, wie sie miteinander kommunizieren. Pflanzen erhalten Nahrung von der Agnihotra-Atmosph\u00e4re, sie f\u00fchlen sich wohl und wachsen besser. Auf die gleiche Weise n\u00e4hrt Agnihotra auch Menschen und Tiere. Wenn man Agnihotra ausf\u00fchrt stellt man fest, da\u00df der Druck auf die Psyche schwindet und innerer Frieden eintritt. Die Psyche wird auf eine wunderbare Weise ohne Anstrengung erneuert. Agnihotra erneuert die Gehirnzellen. Es revitalisiert die Haut. Es reinigt das Blut. Es ist der ganzheitliche Zugang zum Leben. Agnihotra hat die F\u00e4higkeit, krankheitserregende Bakterien zu neutralisieren. Man sitzt am Agnihotra-Feuer und atmet den Rauch ein, dessen Inhaltsstoffe schnell den Blutstrom und die Lungen erreichen. Dies hat eine ausgezeichnete Wirkung auf den Kreislauf, das Gehirn und das Nervensystem. Diese Wirkung wird noch verst\u00e4rkt, wenn man Agnihotra-Asche einnimmt. Tausende von Menschen auf allen Kontinenten &#8211; Menschen, die verschiedene Sprachen sprechen, die verschiedenen Rassen und Religionen angeh\u00f6ren &#8211; praktizieren Agnihotra. Sie berichten, dass sie sich durch die Ausf\u00fchrung von t\u00e4glichem Homa (d. h. durch Agnihotra bei Sonnenaufgang und Sonnenuntergang) so f\u00fchlen, als ob sie von einer sch\u00fctzenden H\u00fclle umgeben sind.<\/p>\n<p><b> Materialien f\u00fcr Agnihotra<\/b><\/p>\n<p>Pyramide: F\u00fcr Agnihotra ben\u00f6tigt man eine Kupferpyramide mit festgelegter Form und Gr\u00f6\u00dfe. Kupfer ist ein Leiter auch f\u00fcr feine Energien.<br \/>\nReis: Vollkornreis &#8211; stark polierter Reis verliert N\u00e4hrstoffe, daher verwendet man f\u00fcr Agnihotra Vollkornreis. Man sollte nur ganze, ungebrochene Reisk\u00f6rner verwenden. Wenn Reisk\u00f6rner zerbrochen sind, ist die feinstoffliche Energiestruktur gest\u00f6rt. Gebrochene Reisk\u00f6rner eignen sich daher nicht f\u00fcr das heilende Agnihotra-Feuer. Ghee (ausgelassene Butter): Man nimmt reine, ungesalzene Butter, die aus Kuhmilch ohne irgendwelche Zus\u00e4tze hergestellt wurde. Diese Butter erhitzt man bei geringer W\u00e4rme. Das in der Butter enthaltene Wasser verdunstet; das enthaltene Eiwei\u00df gerinnt und steigt zur Oberfl\u00e4che, wo man es mit einem Schauml\u00f6ffel absch\u00f6pft. Danach gibt man die Fl\u00fcssigkeit durch einen feinen Filter und erh\u00e4lt so ausgelassene Butter oder Ghee.<br \/>\nEs h\u00e4lt sich lange Zeit auch ohne K\u00fchlung. Ghee ist eine ganz besondere medizinische Substanz. Bei der Verwendung im Agnihotra-Feuer wirkt es als Tr\u00e4gersubstanz f\u00fcr feine Energien. M\u00e4chtige Energien sind in dieser Substanz eingeschlossen.<br \/>\nGetrockneter Kuhdung: Man nimmt Dung von m\u00e4nnlichen oder weiblichen K\u00fchen, macht kleine Fladen und trocknet sie in der Sonne. F\u00fcr das Agnihotra-Feuer wird dieser getrocknete Kuhdung verwendet. In allen alten Kulturen, ob bei den Indianern von Nord- oder S\u00fcdamerika, ob in Skandinavien, Ost- oder Westeuropa, Afrika oder Asien, \u00fcberall wird Kuhdung als medizinische Substanz mit starker desinfizierender und entgiftender Wirkung betrachtet. Aus Kuhdung, Ghee und Reis bildet sich durch den Prozess von Agnihotra eine Kombination, die einerseits in die Atmosph\u00e4re aufsteigt und Negatives neutralisiert sowie andererseits Nahrung f\u00fcr alles Leben gibt. Die Ernteertr\u00e4ge steigen und Mutter Erde kommt wieder in Harmonie mit dem Kosmos.<\/p>\n<p>Agnihotra-Zeiten: siehe www.homatherapie.de. Hier k\u00f6nnen Sie sich kostenlos das Zeitenprogramm herunterladen, um die Zeiten selber ausrechnen zu k\u00f6nnen.<\/p>\n","protected":false},"excerpt":{"rendered":"<p>zur Ausf\u00fchrung des Agnihotra-Feuers<\/p>\n","protected":false},"featured_media":7015,"comment_status":"open","ping_status":"closed","template":"","meta":{"_links_to":"","_links_to_target":""},"pwb-brand":[307],"product_brand":[],"product_cat":[1466],"product_tag":[775,1469,567,1467,1468],"class_list":{"0":"post-7014","1":"product","2":"type-product","3":"status-publish","4":"has-post-thumbnail","6":"pwb-brand-berk","7":"product_cat-agnihotra","8":"product_tag-agnihotra","9":"product_tag-feuerzeremonie","10":"product_tag-kupfer","11":"product_tag-pyramid","12":"product_tag-ritual","14":"first","15":"instock","16":"taxable","17":"shipping-taxable","18":"purchasable","19":"product-type-simple"},"blog_post_layout_featured_media_urls":{"thumbnail":["https:\/\/www.lebens-qi.at\/qishop\/wp-content\/uploads\/kupferpyramide-HT-1_6-150x150.jpg",150,150,true],"full":["https:\/\/www.lebens-qi.at\/qishop\/wp-content\/uploads\/kupferpyramide-HT-1_6.jpg",500,500,false]},"categories":["307"],"categories_names":{"307":{"name":"Berk","link":"https:\/\/www.lebens-qi.at\/qishop\/brand\/berk\/"}},"comments_number":"0","brands":[{"id":307,"name":"Berk","slug":"berk"}],"_links":{"self":[{"href":"https:\/\/www.lebens-qi.at\/qishop\/wp-json\/wp\/v2\/product\/7014","targetHints":{"allow":["GET"]}}],"collection":[{"href":"https:\/\/www.lebens-qi.at\/qishop\/wp-json\/wp\/v2\/product"}],"about":[{"href":"https:\/\/www.lebens-qi.at\/qishop\/wp-json\/wp\/v2\/types\/product"}],"replies":[{"embeddable":true,"href":"https:\/\/www.lebens-qi.at\/qishop\/wp-json\/wp\/v2\/comments?post=7014"}],"wp:featuredmedia":[{"embeddable":true,"href":"https:\/\/www.lebens-qi.at\/qishop\/wp-json\/wp\/v2\/media\/7015"}],"wp:attachment":[{"href":"https:\/\/www.lebens-qi.at\/qishop\/wp-json\/wp\/v2\/media?parent=7014"}],"wp:term":[{"taxonomy":"pwb-brand","embeddable":true,"href":"https:\/\/www.lebens-qi.at\/qishop\/wp-json\/wp\/v2\/pwb-brand?post=7014"},{"taxonomy":"product_brand","embeddable":true,"href":"https:\/\/www.lebens-qi.at\/qishop\/wp-json\/wp\/v2\/product_brand?post=7014"},{"taxonomy":"product_cat","embeddable":true,"href":"https:\/\/www.lebens-qi.at\/qishop\/wp-json\/wp\/v2\/product_cat?post=7014"},{"taxonomy":"product_tag","embeddable":true,"href":"https:\/\/www.lebens-qi.at\/qishop\/wp-json\/wp\/v2\/product_tag?post=7014"}],"curies":[{"name":"wp","href":"https:\/\/api.w.org\/{rel}","templated":true}]}}