{"id":7056,"date":"2024-05-13T00:04:26","date_gmt":"2024-05-12T22:04:26","guid":{"rendered":"https:\/\/www.lebens-qi.at\/qishop\/?post_type=product&#038;p=7056"},"modified":"2024-12-12T16:06:31","modified_gmt":"2024-12-12T15:06:31","slug":"kerzenteller-malachitgruen-mit-blume-des-lebens","status":"publish","type":"product","link":"https:\/\/www.lebens-qi.at\/qishop\/produkt\/kerzenteller-malachitgruen-mit-blume-des-lebens\/","title":{"rendered":"Kerzenteller &#8222;Malachitgr\u00fcn&#8220; mit Blume des Lebens"},"content":{"rendered":"<p>Handgefertigter Keramikuntersetzer<br \/>\n<b> Kerzenteller mit Relief einer offenen Blume des Leben<br \/>\n<\/b> Diese Untersetzer wurde von Hand aus Keramik geformt. Charakteristisch ist die leicht unregelm\u00e4\u00dfige Form. So ist jede Schale ein einigartiges St\u00fcck &#8211; kein Exemplar gleicht dem anderen! Mit leicht erhabenen Rand, damit eventuell abtropfendes Kerzenwachs am Teller bleibt.<\/p>\n<p><b>Farbe:<\/b> Malachitgr\u00fcn<br \/>\n<b>Material: <\/b>Keramik<br \/>\n<b>erh\u00e4ltlich in 2 Gr\u00f6\u00dfen:<br \/>\n<\/b> klein &#8211; Durchmesser ca. 8 bis 8,5 cm, H\u00f6he ca. 1,2 cm<br \/>\ngro\u00df &#8211; Durchmesser ca. 9,5 bis 10 cm, H\u00f6he ca. 1,5 cm<\/p>\n<p><b> Symbol Blume des Lebens<\/b><br \/>\nein altes Symbol f\u00fcr Energie und Harmonie, verst\u00e4rkt durch die nach au\u00dfen offene Gestaltung ohne Umrandung<\/p>\n<p><em><b>Hinweise: <\/b><br \/>\n\u2022 Die kleinen Kerzenteller eignen sich f\u00fcr unsere mini und kleinen Energiekerzen, die gro\u00dfen Kerzenteller f\u00fcr die kleinen und normalen Energiekerzen. Die gro\u00dfen Kerzen passen auch auf den gro\u00dfen Teller, es ist jedoch nicht viel Rand \u00fcbrig.<br \/>\n\u2022 Der Untersetzer kann auch als<b> Seifenschale<\/b> OHNE L\u00f6cher verwendet werden &#8211; wenn kein Seifenwasser auf den Untergrund gelangen soll.<br \/>\n\u2022 Bei dem Produktfoto handelt es sich um ein Symbolfoto &#8211; da jedes St\u00fcck handgefertigt ist, sind kleine Abweichungen in Form und Glasur normal.<br \/>\n\u2022 Lieferumfang 1 St\u00fcck in der gew\u00e4hlten Gr\u00f6\u00dfe, ohne Kerze oder Deko.<\/em><\/p>\n","protected":false},"excerpt":{"rendered":"<p>erh\u00e4ltlich in 2 Gr\u00f6\u00dfen<\/p>\n","protected":false},"featured_media":7031,"comment_status":"open","ping_status":"closed","template":"","meta":{"_links_to":"","_links_to_target":""},"pwb-brand":[323],"product_brand":[],"product_cat":[582,591],"product_tag":[308,1473,303,593,1475,1474,302,583],"class_list":{"0":"post-7056","1":"product","2":"type-product","3":"status-publish","4":"has-post-thumbnail","6":"pwb-brand-kreatives-by-petra","7":"product_cat-blume-des-lebens-produkte","8":"product_cat-kerzenteller-halter","9":"product_tag-blume-des-lebens","10":"product_tag-handgemacht","11":"product_tag-keramik","12":"product_tag-kerzenteller","13":"product_tag-kerzenuntersetzer","14":"product_tag-schale","15":"product_tag-seifenschale","16":"product_tag-untersetzer","18":"first","19":"instock","20":"taxable","21":"shipping-taxable","22":"purchasable","23":"product-type-variable"},"blog_post_layout_featured_media_urls":{"thumbnail":["https:\/\/www.lebens-qi.at\/qishop\/wp-content\/uploads\/kerzenteller-gruen-150x150.jpg",150,150,true],"full":["https:\/\/www.lebens-qi.at\/qishop\/wp-content\/uploads\/kerzenteller-gruen.jpg",2048,2048,false]},"categories":["323"],"categories_names":{"323":{"name":"Kreatives by Petra","link":"https:\/\/www.lebens-qi.at\/qishop\/brand\/kreatives-by-petra\/"}},"comments_number":"0","brands":[{"id":323,"name":"Kreatives by Petra","slug":"kreatives-by-petra"}],"_links":{"self":[{"href":"https:\/\/www.lebens-qi.at\/qishop\/wp-json\/wp\/v2\/product\/7056","targetHints":{"allow":["GET"]}}],"collection":[{"href":"https:\/\/www.lebens-qi.at\/qishop\/wp-json\/wp\/v2\/product"}],"about":[{"href":"https:\/\/www.lebens-qi.at\/qishop\/wp-json\/wp\/v2\/types\/product"}],"replies":[{"embeddable":true,"href":"https:\/\/www.lebens-qi.at\/qishop\/wp-json\/wp\/v2\/comments?post=7056"}],"wp:featuredmedia":[{"embeddable":true,"href":"https:\/\/www.lebens-qi.at\/qishop\/wp-json\/wp\/v2\/media\/7031"}],"wp:attachment":[{"href":"https:\/\/www.lebens-qi.at\/qishop\/wp-json\/wp\/v2\/media?parent=7056"}],"wp:term":[{"taxonomy":"pwb-brand","embeddable":true,"href":"https:\/\/www.lebens-qi.at\/qishop\/wp-json\/wp\/v2\/pwb-brand?post=7056"},{"taxonomy":"product_brand","embeddable":true,"href":"https:\/\/www.lebens-qi.at\/qishop\/wp-json\/wp\/v2\/product_brand?post=7056"},{"taxonomy":"product_cat","embeddable":true,"href":"https:\/\/www.lebens-qi.at\/qishop\/wp-json\/wp\/v2\/product_cat?post=7056"},{"taxonomy":"product_tag","embeddable":true,"href":"https:\/\/www.lebens-qi.at\/qishop\/wp-json\/wp\/v2\/product_tag?post=7056"}],"curies":[{"name":"wp","href":"https:\/\/api.w.org\/{rel}","templated":true}]}}