{"id":7362,"date":"2024-05-13T10:36:49","date_gmt":"2024-05-13T08:36:49","guid":{"rendered":"https:\/\/www.lebens-qi.at\/qishop\/?post_type=product&#038;p=7362"},"modified":"2025-02-21T15:45:22","modified_gmt":"2025-02-21T14:45:22","slug":"yogi-yogini-yogagurt-weiss","status":"publish","type":"product","link":"https:\/\/www.lebens-qi.at\/qishop\/produkt\/yogi-yogini-yogagurt-weiss\/","title":{"rendered":"Yogi &#038; Yogini Yogagurt wei\u00df"},"content":{"rendered":"<p><b>Yogi &amp; Yogini Yogagurt <\/b><br \/>\nmit D-Ring<\/p>\n<p>Ein Yogagurt hilft dabei, h\u00e4ngende Schultern und einen gekr\u00fcmmten R\u00fccken zu vermeiden. Er f\u00f6rdert eine korrekte Haltung, da die Gliedma\u00dfen gestreckt werden. Das erleichtert in erster Linie die Atmung und hilft dabei, l\u00e4nger in einer Asana verbleiben zu k\u00f6nnen. Au\u00dferdem verringert sich das Risiko auf \u00dcberdehnungen und Verletzungen.<\/p>\n<p>Yogi &amp; Yogini Yogagurt mit D-Ring Verschluss ist ein unentbehrliches und erschwingliches Yoga-Hilfsmittel f\u00fcr zu Hause oder im Studio. Der Gurt sorgt f\u00fcr eine korrekte Ausrichtung und mehr Flexibilit\u00e4t.<\/p>\n<p>Dieser Gurt in Standardl\u00e4nge ist nicht zu lang und einfach zu gebrauchen. Hergestellt aus robuster Baumwolle mit einem D-Ring-Verschluss, der das Einstellen der L\u00e4nge erleichtert.<\/p>\n<p>Der Unterschied zwischen einer Klickschnalle und dem D-Ring besteht darin, dass der D-Ring sehr leicht einstellbar und besonders variabel in der L\u00e4nge ist.<\/p>\n<p>Material: Baumwolle<br \/>\nFarbe: Wei\u00df<br \/>\nBreite: 3 cm<br \/>\nL\u00e4nge: 250 cm<\/p>\n<p>Gebrauchsanweisung:<br \/>\nF\u00fchre das nicht ringf\u00f6rmige Ende des Gurts durch beide Ringe und falte das lose Ende dann zur\u00fcck. F\u00fchre dieses G\u00fcrtelende dann nur durch den zweiten Ring zur\u00fcck und ziehe es auf die gew\u00fcnschte Schlaufengr\u00f6\u00dfe an. Diese Vorbereitung erleichtert es, den Gurt an verschiedene Posen und Ausrichtungen anzupassen.<\/p>\n","protected":false},"excerpt":{"rendered":"<p>Yoga-Hilfsmittel mit D-Ring<\/p>\n","protected":false},"featured_media":7363,"comment_status":"open","ping_status":"closed","template":"","meta":{"_links_to":"","_links_to_target":""},"pwb-brand":[922],"product_brand":[],"product_cat":[1182],"product_tag":[158,1482,1481],"class_list":{"0":"post-7362","1":"product","2":"type-product","3":"status-publish","4":"has-post-thumbnail","6":"pwb-brand-yogi-yogini-meditation","7":"product_cat-yogamatten","8":"product_tag-yoga","9":"product_tag-yogagurt","10":"product_tag-yogazubehoer","11":"pa_herkunft-china","13":"first","14":"instock","15":"taxable","16":"shipping-taxable","17":"purchasable","18":"product-type-simple"},"blog_post_layout_featured_media_urls":{"thumbnail":["https:\/\/www.lebens-qi.at\/qishop\/wp-content\/uploads\/yogagurt-weiss-4119-150x150.jpg",150,150,true],"full":["https:\/\/www.lebens-qi.at\/qishop\/wp-content\/uploads\/yogagurt-weiss-4119.jpg",800,800,false]},"categories":["922"],"categories_names":{"922":{"name":"Yogi &amp; Yogini - Meditation","link":"https:\/\/www.lebens-qi.at\/qishop\/brand\/yogi-yogini-meditation\/"}},"comments_number":"0","brands":[{"id":922,"name":"Yogi &amp; Yogini - Meditation","slug":"yogi-yogini-meditation"}],"_links":{"self":[{"href":"https:\/\/www.lebens-qi.at\/qishop\/wp-json\/wp\/v2\/product\/7362","targetHints":{"allow":["GET"]}}],"collection":[{"href":"https:\/\/www.lebens-qi.at\/qishop\/wp-json\/wp\/v2\/product"}],"about":[{"href":"https:\/\/www.lebens-qi.at\/qishop\/wp-json\/wp\/v2\/types\/product"}],"replies":[{"embeddable":true,"href":"https:\/\/www.lebens-qi.at\/qishop\/wp-json\/wp\/v2\/comments?post=7362"}],"wp:featuredmedia":[{"embeddable":true,"href":"https:\/\/www.lebens-qi.at\/qishop\/wp-json\/wp\/v2\/media\/7363"}],"wp:attachment":[{"href":"https:\/\/www.lebens-qi.at\/qishop\/wp-json\/wp\/v2\/media?parent=7362"}],"wp:term":[{"taxonomy":"pwb-brand","embeddable":true,"href":"https:\/\/www.lebens-qi.at\/qishop\/wp-json\/wp\/v2\/pwb-brand?post=7362"},{"taxonomy":"product_brand","embeddable":true,"href":"https:\/\/www.lebens-qi.at\/qishop\/wp-json\/wp\/v2\/product_brand?post=7362"},{"taxonomy":"product_cat","embeddable":true,"href":"https:\/\/www.lebens-qi.at\/qishop\/wp-json\/wp\/v2\/product_cat?post=7362"},{"taxonomy":"product_tag","embeddable":true,"href":"https:\/\/www.lebens-qi.at\/qishop\/wp-json\/wp\/v2\/product_tag?post=7362"}],"curies":[{"name":"wp","href":"https:\/\/api.w.org\/{rel}","templated":true}]}}