{"id":7431,"date":"2024-05-13T18:38:46","date_gmt":"2024-05-13T16:38:46","guid":{"rendered":"https:\/\/www.lebens-qi.at\/qishop\/?post_type=product&#038;p=7431"},"modified":"2024-12-12T16:05:38","modified_gmt":"2024-12-12T15:05:38","slug":"keramik-duftstein-blume-des-lebens","status":"publish","type":"product","link":"https:\/\/www.lebens-qi.at\/qishop\/produkt\/keramik-duftstein-blume-des-lebens\/","title":{"rendered":"Keramik Duftstein Blume des Lebens"},"content":{"rendered":"<p><b>Handgefertigter Keramik Duftstein: Blume des Lebens<\/b><br \/>\nDuftstein und Untersetzer wurden handgefertigt in einem Atelier in Weikendorf\/Nieder\u00f6sterreich &#8211; jedes St\u00fcck ist aufgrund von Relief und Glasur ein Unikat.<\/p>\n<p>Duftsteine sind eine wunderbare M\u00f6glichkeit der Aromatherapie, um \u00c4therische \u00d6le ohne Hitzeeinwirkung oder Strom zu verwenden. Es werden einfach <b>3 bis 4 Tropfen<\/b> des gew\u00fcnschten \u00d6ls auf den Stein getropft. Aufgrund seiner por\u00f6sen Oberfl\u00e4che nimmt dieser das \u00c4therische \u00d6l auf und verbreitet danach f\u00fcr l\u00e4ngere Zeit den Duft. Perfekt zur Verwendung in Schlafr\u00e4umen, Kinderzimmern, im Badezimmer oder WC, B\u00fcror\u00e4umen, etc.<\/p>\n<p>Der dazugeh\u00f6rige Untersetzer wurde glasiert und ist daher \u00f6ldicht &#8211; wodurch die Fl\u00e4che, auf welcher der Duftstein aufgestellt wird, vor Verunreinigung gesch\u00fctzt ist.<\/p>\n<p><strong>Gr\u00f6\u00dfe:<\/strong> 8 cm (Duftstein 5,5 cm)<br \/>\n<strong>Farbe Untersetzer:<\/strong> nach Wahl ODER Duftstein ohne Untersetzer<br \/>\n<strong>Duftstein:<\/strong> Blume des Lebens wei\u00df<\/p>\n<p>Handarbeit aus \u00d6sterreich, daher sind Abweichungen in Form, Struktur und Farbe vom Foto m\u00f6glich. Lieferung ohne Zubeh\u00f6r oder Deko. \u00c4therische \u00d6le ebenfalls bitte separat bestellen!<\/p>\n","protected":false},"excerpt":{"rendered":"<p>handgefertigt aus N\u00d6, Untersetzer in Wunschfarbe<\/p>\n","protected":false},"featured_media":7454,"comment_status":"open","ping_status":"closed","template":"","meta":{"_links_to":"","_links_to_target":""},"pwb-brand":[323],"product_brand":[],"product_cat":[582,1199],"product_tag":[855,308,1489,1488,305,1473,303],"class_list":{"0":"post-7431","1":"product","2":"type-product","3":"status-publish","4":"has-post-thumbnail","6":"pwb-brand-kreatives-by-petra","7":"product_cat-blume-des-lebens-produkte","8":"product_cat-zubehoer-fuer-aromatherapie","9":"product_tag-aromatherapie","10":"product_tag-blume-des-lebens","11":"product_tag-diffuser","12":"product_tag-duftstein","13":"product_tag-handgefertigt","14":"product_tag-handgemacht","15":"product_tag-keramik","16":"pa_herkunft-oesterreich","18":"first","19":"instock","20":"taxable","21":"shipping-taxable","22":"purchasable","23":"product-type-variable"},"blog_post_layout_featured_media_urls":{"thumbnail":["https:\/\/www.lebens-qi.at\/qishop\/wp-content\/uploads\/bdl-duftstein-passionsblume-150x150.jpeg",150,150,true],"full":["https:\/\/www.lebens-qi.at\/qishop\/wp-content\/uploads\/bdl-duftstein-passionsblume.jpeg",2048,2048,false]},"categories":["323"],"categories_names":{"323":{"name":"Kreatives by Petra","link":"https:\/\/www.lebens-qi.at\/qishop\/brand\/kreatives-by-petra\/"}},"comments_number":"0","brands":[{"id":323,"name":"Kreatives by Petra","slug":"kreatives-by-petra"}],"_links":{"self":[{"href":"https:\/\/www.lebens-qi.at\/qishop\/wp-json\/wp\/v2\/product\/7431","targetHints":{"allow":["GET"]}}],"collection":[{"href":"https:\/\/www.lebens-qi.at\/qishop\/wp-json\/wp\/v2\/product"}],"about":[{"href":"https:\/\/www.lebens-qi.at\/qishop\/wp-json\/wp\/v2\/types\/product"}],"replies":[{"embeddable":true,"href":"https:\/\/www.lebens-qi.at\/qishop\/wp-json\/wp\/v2\/comments?post=7431"}],"wp:featuredmedia":[{"embeddable":true,"href":"https:\/\/www.lebens-qi.at\/qishop\/wp-json\/wp\/v2\/media\/7454"}],"wp:attachment":[{"href":"https:\/\/www.lebens-qi.at\/qishop\/wp-json\/wp\/v2\/media?parent=7431"}],"wp:term":[{"taxonomy":"pwb-brand","embeddable":true,"href":"https:\/\/www.lebens-qi.at\/qishop\/wp-json\/wp\/v2\/pwb-brand?post=7431"},{"taxonomy":"product_brand","embeddable":true,"href":"https:\/\/www.lebens-qi.at\/qishop\/wp-json\/wp\/v2\/product_brand?post=7431"},{"taxonomy":"product_cat","embeddable":true,"href":"https:\/\/www.lebens-qi.at\/qishop\/wp-json\/wp\/v2\/product_cat?post=7431"},{"taxonomy":"product_tag","embeddable":true,"href":"https:\/\/www.lebens-qi.at\/qishop\/wp-json\/wp\/v2\/product_tag?post=7431"}],"curies":[{"name":"wp","href":"https:\/\/api.w.org\/{rel}","templated":true}]}}