{"id":7683,"date":"2024-05-25T10:15:11","date_gmt":"2024-05-25T08:15:11","guid":{"rendered":"https:\/\/www.lebens-qi.at\/qishop\/?post_type=product&#038;p=7683"},"modified":"2024-12-11T10:19:43","modified_gmt":"2024-12-11T09:19:43","slug":"heilkraeuter-und-zauberpflanzen","status":"publish","type":"product","link":"https:\/\/www.lebens-qi.at\/qishop\/produkt\/heilkraeuter-und-zauberpflanzen\/","title":{"rendered":"Heilkr\u00e4uter und Zauberpflanzen"},"content":{"rendered":"<p><b>Heilkr\u00e4uter und Zauberpflanzen <\/b><br \/>\nzwischen Haust\u00fcr und Gartentor<br \/>\n<em>von Wolf-Dieter Storl<\/em><\/p>\n<p><b>Einheimische Heilkr\u00e4uter, ihre Eigenschaften und Anwendungen<\/b><br \/>\nBei vielen der effektivsten Heilkr\u00e4uter und Zauberpflanzen handelt es sich nicht um seltene, exotische oder sonst ungew\u00f6hnliche Gew\u00e4chse. Seit alter Zeit wussten die wahren Kr\u00e4uterkundigen, dass selbst die einfachsten, gew\u00f6hnlichsten Wildkr\u00e4uter, die wir heute eher als Unkraut bezeichnen w\u00fcrden, ihren Wert haben. Und dass schon eine Handvoll davon gen\u00fcgt, um s\u00e4mtliche Leiden zu heilen. Wesentlich ist dabei, die Pflanzen nicht nur als Beh\u00e4lter chemischer Wirkstoffe zu betrachten, sondern als Pers\u00f6nlichkeiten mit eigenem Wesen und einer eigenen Geschichte.<\/p>\n<p>Neun gew\u00f6hnliche Wildkr\u00e4uter, die oft kaum beachtet \u00fcberall in unserer n\u00e4chsten Umgebung wachsen, greift Wolf-Dieter Storl heraus: Brennnessel, Beifuss, Gundermann, Geissfuss, Wegerich, Schachtelhalm, G\u00e4nsebl\u00fcmchen, Vogelmiere und L\u00f6wenzahn. Er beschreibt ihre Eigenschaften und ihre Heilkr\u00e4fte, ihre Bedeutung in der Volksmedizin, ihre Rolle in Sage, M\u00e4rchen und Aberglaube und ihre planetarischen Bez\u00fcge.<br \/>\n<b><br \/>\nAusf\u00fchrliche Heilkr\u00e4uterkunde<\/b><br \/>\nDer Pflanzenfreund vermag kaum jede einzelne Pflanzenpers\u00f6nlichkeit kennen zu lernen und sich mit ihr zu befreunden. Das ist auch gar nicht n\u00f6tig, denn man braucht auch nur eine Handvoll &#8211; sieben oder acht gen\u00fcgen, um s\u00e4mtliche Leiden heilen zu k\u00f6nnen. Wesentlich aber ist, dass man diese Pflanzen durch und durch kennt und liebt, und sie als Pers\u00f6nlichkeiten begreift, dann werden sie regelrechte Wunder vollbringen. Denn eine Heilpflanze ist mehr als nur die Summe der Stoffe, die sie enth\u00e4lt.<\/p>\n<p>Neun solche Heilkr\u00e4uter, von Wolf-Dieter Storl willk\u00fcrlich ausgew\u00e4hlt, werden in diesem Buch ausf\u00fchrlich behandelt. Es sind gew\u00f6hnliche Wildkr\u00e4uter, die auf dem Rasen, am Gartenweg, am Zaun und in der Hecke wachsen. Sie geh\u00f6ren zur einheimischen Flora Nord-, Mittel- und Westeuropas und haben ihren festen Platz nicht nur in den W\u00e4ldern und Feldern dieser Region, sondern auch in den Riten, den Zeremonien, den Sagen und der Heilkunde der hier ans\u00e4ssigen megalithischen und sp\u00e4ter keltischen und germanischen St\u00e4mme.<\/p>\n<p><b>Heilkr\u00e4uterrezepte<\/b><br \/>\nIn diesem Buch finden sich zu jeder Heilpflanze verschiedene Rezepte zur Herstellung von leckeren Gerichten und weitere Anwendungsm\u00f6glichkeiten. Wolf-Dieter Storl pr\u00e4sentiert Rezepte f\u00fcr diverse Tees, Brennnesselsuppe, englischen Nettle Pudding, Nettle Beer, Gundermannbrotbelag, Kr\u00e4utersuppe mit Geissfuss, russischen Spitzwegerichsalat, ged\u00fcnstete Schachtelhalmkolben, G\u00e4nsebl\u00fcmchengem\u00fcse, Salat aus Vogelmiere und B\u00e4rlauch, L\u00f6wenzahn mit heissem Speck und vieles mehr.<\/p>\n<p>Zudem finden Sie Anleitungen zur Herstellung von Brennnesseljauche, einem Beifuss-Fussbad und -Einreibe\u00f6l, Schachtelhalmspritzmittel, F\u00e4rbemittel f\u00fcr Wolle und Baumwolle, einer Gichtkur mit Geissfuss und sogar Gundermannschnupftabak.<\/p>\n<p><b><em>\u00dcber den Autor:<\/em><\/b><br \/>\nWolf-Dieter Storl ist Kulturanthropologe und Ethnobotaniker. Lehrte als Dozent an verschiedenen Universit\u00e4ten und hat zahlreiche B\u00fccher publiziert, die zu erfolgreichen Longsellern wurden. Er lebt auf einem Ein\u00f6dhof im Allg\u00e4u.<\/p>\n","protected":false},"excerpt":{"rendered":"<p>zwischen Haust\u00fcr und Gartentor<\/p>\n","protected":false},"featured_media":7684,"comment_status":"open","ping_status":"closed","template":"","meta":{"_links_to":"","_links_to_target":""},"pwb-brand":[1521],"product_brand":[],"product_cat":[811,819],"product_tag":[580,1402,1332,306,1418,1334,1320,1529],"class_list":{"0":"post-7683","1":"product","2":"type-product","3":"status-publish","4":"has-post-thumbnail","6":"pwb-brand-at-verlag","7":"product_cat-gesundheit","8":"product_cat-magie-mythologie","9":"product_tag-buch","10":"product_tag-heilkunde","11":"product_tag-heilpflanzen","12":"product_tag-kraeuter","13":"product_tag-naturheilkunde","14":"product_tag-rezepte","15":"product_tag-wolf-dieter-storl","16":"product_tag-zauberpflanzen","18":"first","19":"instock","20":"taxable","21":"shipping-taxable","22":"purchasable","23":"product-type-simple"},"blog_post_layout_featured_media_urls":{"thumbnail":["https:\/\/www.lebens-qi.at\/qishop\/wp-content\/uploads\/heilkraeuter-zauberpflanzen-9783038000600-X-150x150.jpg",150,150,true],"full":["https:\/\/www.lebens-qi.at\/qishop\/wp-content\/uploads\/heilkraeuter-zauberpflanzen-9783038000600-X.jpg",648,648,false]},"categories":["1521"],"categories_names":{"1521":{"name":"AT Verlag","link":"https:\/\/www.lebens-qi.at\/qishop\/brand\/at-verlag\/"}},"comments_number":"0","brands":[{"id":1521,"name":"AT Verlag","slug":"at-verlag"}],"_links":{"self":[{"href":"https:\/\/www.lebens-qi.at\/qishop\/wp-json\/wp\/v2\/product\/7683","targetHints":{"allow":["GET"]}}],"collection":[{"href":"https:\/\/www.lebens-qi.at\/qishop\/wp-json\/wp\/v2\/product"}],"about":[{"href":"https:\/\/www.lebens-qi.at\/qishop\/wp-json\/wp\/v2\/types\/product"}],"replies":[{"embeddable":true,"href":"https:\/\/www.lebens-qi.at\/qishop\/wp-json\/wp\/v2\/comments?post=7683"}],"wp:featuredmedia":[{"embeddable":true,"href":"https:\/\/www.lebens-qi.at\/qishop\/wp-json\/wp\/v2\/media\/7684"}],"wp:attachment":[{"href":"https:\/\/www.lebens-qi.at\/qishop\/wp-json\/wp\/v2\/media?parent=7683"}],"wp:term":[{"taxonomy":"pwb-brand","embeddable":true,"href":"https:\/\/www.lebens-qi.at\/qishop\/wp-json\/wp\/v2\/pwb-brand?post=7683"},{"taxonomy":"product_brand","embeddable":true,"href":"https:\/\/www.lebens-qi.at\/qishop\/wp-json\/wp\/v2\/product_brand?post=7683"},{"taxonomy":"product_cat","embeddable":true,"href":"https:\/\/www.lebens-qi.at\/qishop\/wp-json\/wp\/v2\/product_cat?post=7683"},{"taxonomy":"product_tag","embeddable":true,"href":"https:\/\/www.lebens-qi.at\/qishop\/wp-json\/wp\/v2\/product_tag?post=7683"}],"curies":[{"name":"wp","href":"https:\/\/api.w.org\/{rel}","templated":true}]}}