{"id":7685,"date":"2024-05-25T10:27:08","date_gmt":"2024-05-25T08:27:08","guid":{"rendered":"https:\/\/www.lebens-qi.at\/qishop\/?post_type=product&#038;p=7685"},"modified":"2024-12-10T11:34:05","modified_gmt":"2024-12-10T10:34:05","slug":"kraeuterzauber","status":"publish","type":"product","link":"https:\/\/www.lebens-qi.at\/qishop\/produkt\/kraeuterzauber\/","title":{"rendered":"Kr\u00e4uterzauber"},"content":{"rendered":"<p><b>Kr\u00e4uterzauber<\/b><br \/>\nEin ABC der Heil- und Zauberpflanzen<br \/>\n<em>von Dido Nitz<br \/>\n<\/em><\/p>\n<p><strong>\u00dcber heilsame Wirkung und zauberhafte Nebenwirkungen heimischer Kr\u00e4uter<\/strong><\/p>\n<p>Gegen alles ist ein Kraut gewachsen! Beifu\u00df am Bein hilft gegen Liebeskummer und Erbsen gegen Warzen. So glaubte man &#8211; und das ist manches Mal noch gar nicht lange her. Eine unendliche Vielfalt geheimnisvoller Mythen rankt sich seit alter Zeit um die Pflanzen vor unserer Haust\u00fcr. Aus gutem Grund, denn die unscheinbarsten Gew\u00e4chse verf\u00fcgen oft \u00fcber reiche Gaben: eigenwillige Sch\u00f6nheit, vielf\u00e4ltige Heilwirkung oder sinnlichen Duft und Geschmack. Ein zauberhaftes ABC aus unserer heimischen Pflanzenwelt f\u00fcr Hobbyg\u00e4rtner, Mittelalterfans, Anh\u00e4nger der Naturheilkunde und Freunde gesunder Kr\u00e4uterk\u00fcche. Von Autorin Dido Nitz spannend erz\u00e4hlt, mit zahlreichen Abbildungen und Rezepten.<\/p>\n<ul>\n<li>Altes Wissen als originelles Geschenk: Schenken Sie sich oder einer lieben Freundin, Schwester oder Kollegin einen Einblick in das Thema Kr\u00e4uterkunde &#8211; in einzigartiger Optik und mit magischen Ans\u00e4tzen<\/li>\n<li>Mythos Kr\u00e4utermagie: Lesen Sie Kurioses und Faszinierendes \u00fcber die Bedeutung und die Wirkungen, die der Kr\u00e4uterkunde und einzelnen Kr\u00e4utern \u00fcber die Jahrhunderte hinweg zugeschrieben wurden<\/li>\n<li>\u00dcbersichtliche Einteilung: Von A wie Alraune bis Z wie Zinnkraut finden Sie in diesem Almanach der Kr\u00e4uterkunde zahlreiche Heilpflanzen oder Zauberpflanzen<\/li>\n<li>Aufwendige Gestaltung: Die Macht der Heilkr\u00e4uter wird beim Lesen dieses liebevoll gestalteten Buches lebendig<\/li>\n<\/ul>\n<p><strong>Die Kraft der Kr\u00e4uter<\/strong><\/p>\n<p>Seit Tausenden von Jahren werden Pflanzen f\u00fcr magische Kr\u00e4uterzauber und zum Herstellen von Medizin genutzt. Erfahren Sie in diesem zauberhaften Kr\u00e4uter-ABC mehr \u00fcber unsere heimische Pflanzenwelt, ihre heilende Kraft und ihre Geheimnisse. Tauchen Sie tief ein in die Faszination und die Weisheiten des alten Hexenwissens \u00fcber Heilanwendungen, gew\u00fcrzt mit m\u00e4rchenhaften Sagen und wundersch\u00f6nen Fotografien.<\/p>\n<p>&nbsp;<\/p>\n","protected":false},"excerpt":{"rendered":"<p>Ein ABC der Heil- und Zauberpflanzen<\/p>\n","protected":false},"featured_media":7686,"comment_status":"open","ping_status":"closed","template":"","meta":{"_links_to":"","_links_to_target":""},"pwb-brand":[895],"product_brand":[],"product_cat":[811,819],"product_tag":[580,1530,1402,1332,306,1418,1334,905,1529],"class_list":{"0":"post-7685","1":"product","2":"type-product","3":"status-publish","4":"has-post-thumbnail","6":"pwb-brand-arsedition","7":"product_cat-gesundheit","8":"product_cat-magie-mythologie","9":"product_tag-buch","10":"product_tag-dido-nitz","11":"product_tag-heilkunde","12":"product_tag-heilpflanzen","13":"product_tag-kraeuter","14":"product_tag-naturheilkunde","15":"product_tag-rezepte","16":"product_tag-wirkung","17":"product_tag-zauberpflanzen","19":"first","20":"instock","21":"taxable","22":"shipping-taxable","23":"purchasable","24":"product-type-simple"},"blog_post_layout_featured_media_urls":{"thumbnail":["https:\/\/www.lebens-qi.at\/qishop\/wp-content\/uploads\/kraeuterzauber-9783845843230-X-150x150.jpg",150,150,true],"full":["https:\/\/www.lebens-qi.at\/qishop\/wp-content\/uploads\/kraeuterzauber-9783845843230-X.jpg",601,601,false]},"categories":["895"],"categories_names":{"895":{"name":"arsEdition","link":"https:\/\/www.lebens-qi.at\/qishop\/brand\/arsedition\/"}},"comments_number":"0","brands":[{"id":895,"name":"arsEdition","slug":"arsedition"}],"_links":{"self":[{"href":"https:\/\/www.lebens-qi.at\/qishop\/wp-json\/wp\/v2\/product\/7685","targetHints":{"allow":["GET"]}}],"collection":[{"href":"https:\/\/www.lebens-qi.at\/qishop\/wp-json\/wp\/v2\/product"}],"about":[{"href":"https:\/\/www.lebens-qi.at\/qishop\/wp-json\/wp\/v2\/types\/product"}],"replies":[{"embeddable":true,"href":"https:\/\/www.lebens-qi.at\/qishop\/wp-json\/wp\/v2\/comments?post=7685"}],"wp:featuredmedia":[{"embeddable":true,"href":"https:\/\/www.lebens-qi.at\/qishop\/wp-json\/wp\/v2\/media\/7686"}],"wp:attachment":[{"href":"https:\/\/www.lebens-qi.at\/qishop\/wp-json\/wp\/v2\/media?parent=7685"}],"wp:term":[{"taxonomy":"pwb-brand","embeddable":true,"href":"https:\/\/www.lebens-qi.at\/qishop\/wp-json\/wp\/v2\/pwb-brand?post=7685"},{"taxonomy":"product_brand","embeddable":true,"href":"https:\/\/www.lebens-qi.at\/qishop\/wp-json\/wp\/v2\/product_brand?post=7685"},{"taxonomy":"product_cat","embeddable":true,"href":"https:\/\/www.lebens-qi.at\/qishop\/wp-json\/wp\/v2\/product_cat?post=7685"},{"taxonomy":"product_tag","embeddable":true,"href":"https:\/\/www.lebens-qi.at\/qishop\/wp-json\/wp\/v2\/product_tag?post=7685"}],"curies":[{"name":"wp","href":"https:\/\/api.w.org\/{rel}","templated":true}]}}