{"id":7736,"date":"2024-05-27T10:09:49","date_gmt":"2024-05-27T08:09:49","guid":{"rendered":"https:\/\/www.lebens-qi.at\/qishop\/?post_type=product&#038;p=7736"},"modified":"2025-02-21T15:45:21","modified_gmt":"2025-02-21T14:45:21","slug":"yogi-yogini-yogamatte-indigo","status":"publish","type":"product","link":"https:\/\/www.lebens-qi.at\/qishop\/produkt\/yogi-yogini-yogamatte-indigo\/","title":{"rendered":"Yogi &#038; Yogini Yogamatte indigo"},"content":{"rendered":"<div class=\"content--description\">\n<div class=\"product--description\">\n<p><strong>Yogi &amp; Yogini Yogamatte indigo<br \/>\n<\/strong><\/p>\n<p>die Yogi &amp; Yogini Yogamatte zeichnet sich durch hervorragende Rutschfestigkeit aus. Sie ist geschmeidig und leicht, die ideale Yogamatte, um Yoga sichger und komfortabel auszu\u00fcben. Geeignet f\u00fcr Yoga mit leichter bis mittlerer Intensit\u00e4t wie Hatha und Yin Yoga. Nicht geeignet f\u00fcr intensivere Formen wie Power Yoga oder Ashtanga.<\/p>\n<p><strong>Produktspezifikationen<\/strong><br \/>\n\u2022 Gr\u00f6\u00dfe: 183 x 61 cm<br \/>\n\u2022 St\u00e4rke: 0,5 cm<br \/>\n\u2022 Gewicht: 1200 g<br \/>\n\u2022 hohe Rutschfestigkeit<br \/>\n\u2022 wasserdicht und w\u00e4rmeisolierend<br \/>\n\u2022 sto\u00dfd\u00e4mpfend<br \/>\n\u2022 enth\u00e4lt keine sch\u00e4dlichen Substanzen, erf\u00fcllt die Erfordernisse der Sicherheitsnorm EN71-3, des REACH Standards und der Qualit\u00e4tsnorm ISO 9001.<br \/>\n\u2022 AZO-freie Farbstoffe.<\/p>\n<\/div>\n<div class=\"product--description\">\n<p>Material: Vinylschaum\/PVC<\/p>\n<p><strong>Aufbewahrung und Pflege<\/strong><br \/>\nVor dem ersten Gebrauch die Matte ausrollen und 2-3 Tage l\u00fcften.<br \/>\nMit einem feuchten Tuch mit kaltem Wasser und milder Seife oder Yogamattenreiniger reinigen. Liegend trocknen lassen.<br \/>\nLagern Sie die Matte trocken und k\u00fchl, am besten zusammengerollt in einer Yogamattentasche.<br \/>\nSetzen Sie es nicht f\u00fcr l\u00e4ngere Zeit direktem Sonnenlicht oder einem zu hei\u00dfen Ort aus, wie z. B. dem Kofferraum eines in der Sonne geparkten Autos.<\/p>\n<\/div>\n<\/div>\n","protected":false},"excerpt":{"rendered":"<p>rutschfest, geschmeidig und leicht<\/p>\n","protected":false},"featured_media":7737,"comment_status":"open","ping_status":"closed","template":"","meta":{"_links_to":"","_links_to_target":""},"pwb-brand":[922],"product_brand":[],"product_cat":[1182],"product_tag":[1253,158,1183,1234],"class_list":{"0":"post-7736","1":"product","2":"type-product","3":"status-publish","4":"has-post-thumbnail","6":"pwb-brand-yogi-yogini-meditation","7":"product_cat-yogamatten","8":"product_tag-blau","9":"product_tag-yoga","10":"product_tag-yogamatte","11":"product_tag-yogi-yogini","13":"first","14":"instock","15":"taxable","16":"shipping-taxable","17":"purchasable","18":"product-type-simple"},"blog_post_layout_featured_media_urls":{"thumbnail":["https:\/\/www.lebens-qi.at\/qishop\/wp-content\/uploads\/2116-yogamatte-indigo-150x150.jpg",150,150,true],"full":["https:\/\/www.lebens-qi.at\/qishop\/wp-content\/uploads\/2116-yogamatte-indigo.jpg",800,800,false]},"categories":["922"],"categories_names":{"922":{"name":"Yogi &amp; Yogini - Meditation","link":"https:\/\/www.lebens-qi.at\/qishop\/brand\/yogi-yogini-meditation\/"}},"comments_number":"0","brands":[{"id":922,"name":"Yogi &amp; Yogini - Meditation","slug":"yogi-yogini-meditation"}],"_links":{"self":[{"href":"https:\/\/www.lebens-qi.at\/qishop\/wp-json\/wp\/v2\/product\/7736","targetHints":{"allow":["GET"]}}],"collection":[{"href":"https:\/\/www.lebens-qi.at\/qishop\/wp-json\/wp\/v2\/product"}],"about":[{"href":"https:\/\/www.lebens-qi.at\/qishop\/wp-json\/wp\/v2\/types\/product"}],"replies":[{"embeddable":true,"href":"https:\/\/www.lebens-qi.at\/qishop\/wp-json\/wp\/v2\/comments?post=7736"}],"wp:featuredmedia":[{"embeddable":true,"href":"https:\/\/www.lebens-qi.at\/qishop\/wp-json\/wp\/v2\/media\/7737"}],"wp:attachment":[{"href":"https:\/\/www.lebens-qi.at\/qishop\/wp-json\/wp\/v2\/media?parent=7736"}],"wp:term":[{"taxonomy":"pwb-brand","embeddable":true,"href":"https:\/\/www.lebens-qi.at\/qishop\/wp-json\/wp\/v2\/pwb-brand?post=7736"},{"taxonomy":"product_brand","embeddable":true,"href":"https:\/\/www.lebens-qi.at\/qishop\/wp-json\/wp\/v2\/product_brand?post=7736"},{"taxonomy":"product_cat","embeddable":true,"href":"https:\/\/www.lebens-qi.at\/qishop\/wp-json\/wp\/v2\/product_cat?post=7736"},{"taxonomy":"product_tag","embeddable":true,"href":"https:\/\/www.lebens-qi.at\/qishop\/wp-json\/wp\/v2\/product_tag?post=7736"}],"curies":[{"name":"wp","href":"https:\/\/api.w.org\/{rel}","templated":true}]}}