{"id":7753,"date":"2024-05-27T11:20:12","date_gmt":"2024-05-27T09:20:12","guid":{"rendered":"https:\/\/www.lebens-qi.at\/qishop\/?post_type=product&#038;p=7753"},"modified":"2025-02-21T11:37:22","modified_gmt":"2025-02-21T10:37:22","slug":"rosenquarz-granat-armband-mit-herz","status":"publish","type":"product","link":"https:\/\/www.lebens-qi.at\/qishop\/produkt\/rosenquarz-granat-armband-mit-herz\/","title":{"rendered":"Rosenquarz-Granat Armband mit Herz"},"content":{"rendered":"<p><b>Armband Granat\/Rosenquarz<br \/>\n<\/b>mit Herz-Anh\u00e4nger<br \/>\nauf Elastikband<\/p>\n<p><b>Granat<\/b><br \/>\nist ein sehr harter Stein und daf\u00fcr bekannt, den \u00dcberlebensinstinkt und die Willenskraft anzufeuern. Er ist daher ein gutes Gegengewicht zu depressiven und mutlosen Gef\u00fchlen. Der Stein f\u00f6rdert Mut, Optimismus und Hoffnung. Es ist ein wahrer belebender Stein, er schenkt uns Kraft und best\u00e4rkt uns in Krisenzeiten.<\/p>\n<p><b>Rosenquarz<\/b><br \/>\nstimuliert das Herzchakra und die F\u00e4higkeit, Liebe zu geben und zu empfangen. Er harmonisiert die Beziehungen und erh\u00f6ht Selbstliebe und -akzeptanz.<\/p>\n<p><b>Herz<\/b><br \/>\nAls Symbol der Liebe &#8211; zu anderen, aber auch sich selbst.<\/p>\n<p>Material: Stein, die Metall-Komponenten bestehen aus einer Zink-Legierung<br \/>\n<em>Dieser Artikel ist nickel-, blei- und cadmiumfrei. Das bedeutet, dass diese Metalle entweder \u00fcberhaupt nicht enthalten sind oder in so geringen Mengen, dass sie unter die geltenden europ\u00e4ischen Normen f\u00fct Produktsicherheit fallen.<\/em><\/p>\n<p>Steindurchmesser: ca. 8 mm<\/p>\n","protected":false},"excerpt":{"rendered":"<p>Steinschmuck mit Symbolanh\u00e4nger<\/p>\n","protected":false},"featured_media":7754,"comment_status":"open","ping_status":"closed","template":"","meta":{"_links_to":"","_links_to_target":""},"pwb-brand":[276],"product_brand":[],"product_cat":[920,921],"product_tag":[1223,171,1478,173],"class_list":{"0":"post-7753","1":"product","2":"type-product","3":"status-publish","4":"has-post-thumbnail","6":"pwb-brand-mani-bhadra-phoenix-import","7":"product_cat-armbaender","8":"product_cat-armbaender-steinschmuck","9":"product_tag-armband","10":"product_tag-granat","11":"product_tag-herz","12":"product_tag-rosenquarz","14":"first","15":"instock","16":"taxable","17":"shipping-taxable","18":"purchasable","19":"product-type-simple"},"blog_post_layout_featured_media_urls":{"thumbnail":["https:\/\/www.lebens-qi.at\/qishop\/wp-content\/uploads\/12600-granat-rosenquarz-armband-150x150.jpg",150,150,true],"full":["https:\/\/www.lebens-qi.at\/qishop\/wp-content\/uploads\/12600-granat-rosenquarz-armband.jpg",800,800,false]},"categories":["276"],"categories_names":{"276":{"name":"Mani Bhadra - Phoenix Import","link":"https:\/\/www.lebens-qi.at\/qishop\/brand\/mani-bhadra-phoenix-import\/"}},"comments_number":"0","brands":[{"id":276,"name":"Mani Bhadra - Phoenix Import","slug":"mani-bhadra-phoenix-import"}],"_links":{"self":[{"href":"https:\/\/www.lebens-qi.at\/qishop\/wp-json\/wp\/v2\/product\/7753","targetHints":{"allow":["GET"]}}],"collection":[{"href":"https:\/\/www.lebens-qi.at\/qishop\/wp-json\/wp\/v2\/product"}],"about":[{"href":"https:\/\/www.lebens-qi.at\/qishop\/wp-json\/wp\/v2\/types\/product"}],"replies":[{"embeddable":true,"href":"https:\/\/www.lebens-qi.at\/qishop\/wp-json\/wp\/v2\/comments?post=7753"}],"wp:featuredmedia":[{"embeddable":true,"href":"https:\/\/www.lebens-qi.at\/qishop\/wp-json\/wp\/v2\/media\/7754"}],"wp:attachment":[{"href":"https:\/\/www.lebens-qi.at\/qishop\/wp-json\/wp\/v2\/media?parent=7753"}],"wp:term":[{"taxonomy":"pwb-brand","embeddable":true,"href":"https:\/\/www.lebens-qi.at\/qishop\/wp-json\/wp\/v2\/pwb-brand?post=7753"},{"taxonomy":"product_brand","embeddable":true,"href":"https:\/\/www.lebens-qi.at\/qishop\/wp-json\/wp\/v2\/product_brand?post=7753"},{"taxonomy":"product_cat","embeddable":true,"href":"https:\/\/www.lebens-qi.at\/qishop\/wp-json\/wp\/v2\/product_cat?post=7753"},{"taxonomy":"product_tag","embeddable":true,"href":"https:\/\/www.lebens-qi.at\/qishop\/wp-json\/wp\/v2\/product_tag?post=7753"}],"curies":[{"name":"wp","href":"https:\/\/api.w.org\/{rel}","templated":true}]}}