{"id":7788,"date":"2024-05-27T18:19:43","date_gmt":"2024-05-27T16:19:43","guid":{"rendered":"https:\/\/www.lebens-qi.at\/qishop\/?post_type=product&#038;p=7788"},"modified":"2024-12-11T11:20:22","modified_gmt":"2024-12-11T10:20:22","slug":"phurba-dolch","status":"publish","type":"product","link":"https:\/\/www.lebens-qi.at\/qishop\/produkt\/phurba-dolch\/","title":{"rendered":"Phurba Dolch"},"content":{"rendered":"<div class=\"content--description\">\n<div class=\"product--description\">\n<p><strong>Phurba Dolch klein<\/strong><\/p>\n<p>Der Phurba (=Dolch mit 3-seitiger Klinge) wird auch D\u00e4monendolch genannt. Ein Phurba ist ein rituelles Instrument, das vorwiegend von nepalesischen Schamanen und tibetischen Buddhisten verwendet wird.<br \/>\nEin Phurba ist ein sehr kraftvolles Instrument, um negative Energien oder D\u00e4monen in ihre Schranken zu verweisen, sie in die unteren Reiche zu verjagen oder sie festzunageln, damit es f\u00fcr sie kein Entrinnen mehr gibt. Die Dreiheit des Dolches, die zur Spitze zusammenfinden, stellen die drei Gifte Gier, Hass und Verblendung dar. Diese werden durch das Sto\u00dfen des Dolches transformiert.<br \/>\nEin Phurba sollte vor Gebrauch immer erst gesegnet und auf sich eingestimmt werden. So kann er in seinem Gebrauch gute Dienste leisten. Um negative Energien oder D\u00e4monen in die untere Astralwelt zu verdammen, st\u00f6\u00dft man den Phurba kraftvoll in die Erde. Werden R\u00e4ume gereinigt, kann man auch eine Schale mit Reis, Getreide oder Erde benutzen.<\/p>\n<p>Material: Kupfer<br \/>\nGr\u00f6\u00dfe: 13 cm<\/p>\n<\/div>\n<\/div>\n","protected":false},"excerpt":{"rendered":"<p>D\u00e4monendolch zur rituellen Raumreinigung und Transformation<\/p>\n","protected":false},"featured_media":7789,"comment_status":"open","ping_status":"closed","template":"","meta":{"_links_to":"","_links_to_target":""},"pwb-brand":[307],"product_brand":[],"product_cat":[1600],"product_tag":[1575,1605,452,1304,1602,891,971,1606],"class_list":{"0":"post-7788","1":"product","2":"type-product","3":"status-publish","4":"has-post-thumbnail","6":"pwb-brand-berk","7":"product_cat-symbole-ritualgegenstaende","8":"product_tag-buddhismus","9":"product_tag-daemonen","10":"product_tag-nepal","11":"product_tag-raumreinigung","12":"product_tag-ritualgegenstand","13":"product_tag-schamanismus","14":"product_tag-tibet","15":"product_tag-transformation","17":"first","18":"instock","19":"taxable","20":"shipping-taxable","21":"purchasable","22":"product-type-simple"},"blog_post_layout_featured_media_urls":{"thumbnail":["https:\/\/www.lebens-qi.at\/qishop\/wp-content\/uploads\/KH-192_1-phurba-dolch-150x150.jpg",150,150,true],"full":["https:\/\/www.lebens-qi.at\/qishop\/wp-content\/uploads\/KH-192_1-phurba-dolch.jpg",800,800,false]},"categories":["307"],"categories_names":{"307":{"name":"Berk","link":"https:\/\/www.lebens-qi.at\/qishop\/brand\/berk\/"}},"comments_number":"0","brands":[{"id":307,"name":"Berk","slug":"berk"}],"_links":{"self":[{"href":"https:\/\/www.lebens-qi.at\/qishop\/wp-json\/wp\/v2\/product\/7788","targetHints":{"allow":["GET"]}}],"collection":[{"href":"https:\/\/www.lebens-qi.at\/qishop\/wp-json\/wp\/v2\/product"}],"about":[{"href":"https:\/\/www.lebens-qi.at\/qishop\/wp-json\/wp\/v2\/types\/product"}],"replies":[{"embeddable":true,"href":"https:\/\/www.lebens-qi.at\/qishop\/wp-json\/wp\/v2\/comments?post=7788"}],"wp:featuredmedia":[{"embeddable":true,"href":"https:\/\/www.lebens-qi.at\/qishop\/wp-json\/wp\/v2\/media\/7789"}],"wp:attachment":[{"href":"https:\/\/www.lebens-qi.at\/qishop\/wp-json\/wp\/v2\/media?parent=7788"}],"wp:term":[{"taxonomy":"pwb-brand","embeddable":true,"href":"https:\/\/www.lebens-qi.at\/qishop\/wp-json\/wp\/v2\/pwb-brand?post=7788"},{"taxonomy":"product_brand","embeddable":true,"href":"https:\/\/www.lebens-qi.at\/qishop\/wp-json\/wp\/v2\/product_brand?post=7788"},{"taxonomy":"product_cat","embeddable":true,"href":"https:\/\/www.lebens-qi.at\/qishop\/wp-json\/wp\/v2\/product_cat?post=7788"},{"taxonomy":"product_tag","embeddable":true,"href":"https:\/\/www.lebens-qi.at\/qishop\/wp-json\/wp\/v2\/product_tag?post=7788"}],"curies":[{"name":"wp","href":"https:\/\/api.w.org\/{rel}","templated":true}]}}