{"id":7807,"date":"2024-05-28T14:16:46","date_gmt":"2024-05-28T12:16:46","guid":{"rendered":"https:\/\/www.lebens-qi.at\/qishop\/?post_type=product&#038;p=7807"},"modified":"2025-02-26T14:30:09","modified_gmt":"2025-02-26T13:30:09","slug":"qi-gong-kugeln-drache-und-phoenix-blau","status":"publish","type":"product","link":"https:\/\/www.lebens-qi.at\/qishop\/produkt\/qi-gong-kugeln-drache-und-phoenix-blau\/","title":{"rendered":"Qi Gong Kugeln Drache und Ph\u00f6nix blau"},"content":{"rendered":"<p><b>Email Qi Gong Kugeln &#8222;Drache &amp; Ph\u00f6nix&#8220;<br \/>\n<\/b> mit Klang<br \/>\nEmail blau mit bunter Einlage Drache bzw. Ph\u00f6nix<br \/>\nGr\u00f6\u00dfe: 40 mm<\/p>\n<p>Seit vielen Jahrhunderten werden Qi Gong Kugeln in der chinesischen Medizin eingesetzt, um die Beweglichkeit und die Durchblutung der Finger zu f\u00f6rdern. Qi Gong Kugeln werden zur Reflexzonenmassage der H\u00e4nde verwendet. Die Kugeln werden dazu in der Handfl\u00e4che so bewegt, dass sie abwechselnd nach links und nach rechts kreisen. Wenn dies gut l\u00e4uft, dann werden die Kugeln so gerollt, dass sie sich dabei nicht mehr ber\u00fchren. Im Innern dieser Kugeln befindet sich ein Klangmechanismus, der einen zarten klingenden Ton beim Anwenden erzeugt.<\/p>\n<ul>\n<li>zur Reflexzonenmassage der H\u00e4nde<\/li>\n<li>Steigerung des Energieflusses (Qi) in den Meridianen<\/li>\n<li>Verbesserung der Flexibilit\u00e4t und Beweglichkeit von Hand und Fingern<\/li>\n<li>zur Erh\u00f6hung der Konzentration<\/li>\n<\/ul>\n","protected":false},"excerpt":{"rendered":"<p>in Brokatbox<\/p>\n","protected":false},"featured_media":7808,"comment_status":"open","ping_status":"closed","template":"","meta":{"_links_to":"","_links_to_target":""},"pwb-brand":[617],"product_brand":[],"product_cat":[1255],"product_tag":[1610,1257,1258,1611,1256,1259],"class_list":{"0":"post-7807","1":"product","2":"type-product","3":"status-publish","4":"has-post-thumbnail","6":"pwb-brand-yantra","7":"product_cat-qi-gong-kugeln","8":"product_tag-drache","9":"product_tag-kugeln","10":"product_tag-meridiane","11":"product_tag-phoenix","12":"product_tag-qi-gong","13":"product_tag-reflexzonen","15":"first","16":"instock","17":"taxable","18":"shipping-taxable","19":"purchasable","20":"product-type-simple"},"blog_post_layout_featured_media_urls":{"thumbnail":["https:\/\/www.lebens-qi.at\/qishop\/wp-content\/uploads\/ed-40-qigong-kugeln-dracheblau-150x150.jpg",150,150,true],"full":["https:\/\/www.lebens-qi.at\/qishop\/wp-content\/uploads\/ed-40-qigong-kugeln-dracheblau.jpg",600,600,false]},"categories":["617"],"categories_names":{"617":{"name":"Yantra","link":"https:\/\/www.lebens-qi.at\/qishop\/brand\/yantra\/"}},"comments_number":"0","brands":[{"id":617,"name":"Yantra","slug":"yantra"}],"_links":{"self":[{"href":"https:\/\/www.lebens-qi.at\/qishop\/wp-json\/wp\/v2\/product\/7807","targetHints":{"allow":["GET"]}}],"collection":[{"href":"https:\/\/www.lebens-qi.at\/qishop\/wp-json\/wp\/v2\/product"}],"about":[{"href":"https:\/\/www.lebens-qi.at\/qishop\/wp-json\/wp\/v2\/types\/product"}],"replies":[{"embeddable":true,"href":"https:\/\/www.lebens-qi.at\/qishop\/wp-json\/wp\/v2\/comments?post=7807"}],"wp:featuredmedia":[{"embeddable":true,"href":"https:\/\/www.lebens-qi.at\/qishop\/wp-json\/wp\/v2\/media\/7808"}],"wp:attachment":[{"href":"https:\/\/www.lebens-qi.at\/qishop\/wp-json\/wp\/v2\/media?parent=7807"}],"wp:term":[{"taxonomy":"pwb-brand","embeddable":true,"href":"https:\/\/www.lebens-qi.at\/qishop\/wp-json\/wp\/v2\/pwb-brand?post=7807"},{"taxonomy":"product_brand","embeddable":true,"href":"https:\/\/www.lebens-qi.at\/qishop\/wp-json\/wp\/v2\/product_brand?post=7807"},{"taxonomy":"product_cat","embeddable":true,"href":"https:\/\/www.lebens-qi.at\/qishop\/wp-json\/wp\/v2\/product_cat?post=7807"},{"taxonomy":"product_tag","embeddable":true,"href":"https:\/\/www.lebens-qi.at\/qishop\/wp-json\/wp\/v2\/product_tag?post=7807"}],"curies":[{"name":"wp","href":"https:\/\/api.w.org\/{rel}","templated":true}]}}