{"id":7832,"date":"2024-05-28T16:45:33","date_gmt":"2024-05-28T14:45:33","guid":{"rendered":"https:\/\/www.lebens-qi.at\/qishop\/?post_type=product&#038;p=7832"},"modified":"2024-12-13T12:48:09","modified_gmt":"2024-12-13T11:48:09","slug":"chakra-traumfaenger-gehaekelt","status":"publish","type":"product","link":"https:\/\/www.lebens-qi.at\/qishop\/produkt\/chakra-traumfaenger-gehaekelt\/","title":{"rendered":"Chakra-Traumf\u00e4nger geh\u00e4kelt"},"content":{"rendered":"<p><b>Bunter Traumf\u00e4nger in allen Farben des Regenbogens<br \/>\n<\/b><br \/>\nDekoriert mit bunten Federn, das Netz ist in den Chakra-Farben geh\u00e4kelt<\/p>\n<p>L\u00e4nge ca. 55 cm<br \/>\nDurchmesser des Netzes ca. 16 cm<\/p>\n<p><b>Traumf\u00e4nger<\/b><br \/>\nDie Geschichte der Dreamcatcher (Traumf\u00e4nger) stammt aus der indianischen Mythologie. Sie besagt, dass schlechte Tr\u00e4ume sich im Dreamcatcher verfangen, w\u00e4hrend gute Tr\u00e4ume zum Schlafenden gelangen k\u00f6nnen. Ein inspirierender Raumschmuck.<\/p>\n","protected":false},"excerpt":{"rendered":"<p>Farbenfroh mit bunten Federn und Muscheln<\/p>\n","protected":false},"featured_media":7833,"comment_status":"open","ping_status":"closed","template":"","meta":{"_links_to":"","_links_to_target":""},"pwb-brand":[617],"product_brand":[],"product_cat":[1215],"product_tag":[1216,198,1612,1217,994],"class_list":{"0":"post-7832","1":"product","2":"type-product","3":"status-publish","4":"has-post-thumbnail","6":"pwb-brand-yantra","7":"product_cat-traumfaenger","8":"product_tag-bunt","9":"product_tag-chakra","10":"product_tag-gehaekelt","11":"product_tag-regenbogen","12":"product_tag-traumfaenger","14":"first","15":"instock","16":"taxable","17":"shipping-taxable","18":"purchasable","19":"product-type-simple"},"blog_post_layout_featured_media_urls":{"thumbnail":["https:\/\/www.lebens-qi.at\/qishop\/wp-content\/uploads\/is-117-traumfaenger-bunt-150x150.jpg",150,150,true],"full":["https:\/\/www.lebens-qi.at\/qishop\/wp-content\/uploads\/is-117-traumfaenger-bunt.jpg",600,600,false]},"categories":["617"],"categories_names":{"617":{"name":"Yantra","link":"https:\/\/www.lebens-qi.at\/qishop\/brand\/yantra\/"}},"comments_number":"0","brands":[{"id":617,"name":"Yantra","slug":"yantra"}],"_links":{"self":[{"href":"https:\/\/www.lebens-qi.at\/qishop\/wp-json\/wp\/v2\/product\/7832","targetHints":{"allow":["GET"]}}],"collection":[{"href":"https:\/\/www.lebens-qi.at\/qishop\/wp-json\/wp\/v2\/product"}],"about":[{"href":"https:\/\/www.lebens-qi.at\/qishop\/wp-json\/wp\/v2\/types\/product"}],"replies":[{"embeddable":true,"href":"https:\/\/www.lebens-qi.at\/qishop\/wp-json\/wp\/v2\/comments?post=7832"}],"wp:featuredmedia":[{"embeddable":true,"href":"https:\/\/www.lebens-qi.at\/qishop\/wp-json\/wp\/v2\/media\/7833"}],"wp:attachment":[{"href":"https:\/\/www.lebens-qi.at\/qishop\/wp-json\/wp\/v2\/media?parent=7832"}],"wp:term":[{"taxonomy":"pwb-brand","embeddable":true,"href":"https:\/\/www.lebens-qi.at\/qishop\/wp-json\/wp\/v2\/pwb-brand?post=7832"},{"taxonomy":"product_brand","embeddable":true,"href":"https:\/\/www.lebens-qi.at\/qishop\/wp-json\/wp\/v2\/product_brand?post=7832"},{"taxonomy":"product_cat","embeddable":true,"href":"https:\/\/www.lebens-qi.at\/qishop\/wp-json\/wp\/v2\/product_cat?post=7832"},{"taxonomy":"product_tag","embeddable":true,"href":"https:\/\/www.lebens-qi.at\/qishop\/wp-json\/wp\/v2\/product_tag?post=7832"}],"curies":[{"name":"wp","href":"https:\/\/api.w.org\/{rel}","templated":true}]}}