{"id":7857,"date":"2024-06-01T11:16:15","date_gmt":"2024-06-01T09:16:15","guid":{"rendered":"https:\/\/www.lebens-qi.at\/qishop\/?post_type=product&#038;p=7857"},"modified":"2025-10-20T15:52:20","modified_gmt":"2025-10-20T13:52:20","slug":"duftlampe-lebensbaum-tuerkis","status":"publish","type":"product","link":"https:\/\/www.lebens-qi.at\/qishop\/produkt\/duftlampe-lebensbaum-tuerkis\/","title":{"rendered":"Duftlampe Lebensbaum t\u00fcrkis"},"content":{"rendered":"<div id=\"description\" class=\"cmsContent ui-tabs-panel ui-widget-content ui-corner-bottom\" role=\"tabpanel\" aria-labelledby=\"ui-id-1\" aria-expanded=\"true\" aria-hidden=\"false\"><b>Duftlampe Lebensbaum<br \/>\n<\/b> T\u00fcrkis aus Keramik &#8211; Schale mit Bl\u00fctenmusterKeramikbrenner f\u00fcr Melts (aromatisches Wachs), wie unsere duftenden <b>Chakramelts <\/b>(Produkt Nr. 9-101). Kann auch f\u00fcr <b>\u00e4therische \u00d6le<\/b> verwendet werden.<\/p>\n<p><b> Lieferumfang:<\/b> 1 Duftlampe ohne Teelicht\/Melts\/\u00d6l. Zubeh\u00f6r bitte separat bestellen.<br \/>\n<b> Gr\u00f6\u00dfe:<\/b> 11 x 9,5 cm<\/p>\n<p><b>Verwendung:<br \/>\nZum Gebrauch von Melts:<\/b> 1 x Schmelzwachs in den Beh\u00e4lter oben in die Schale geben. Z\u00fcnden Sie ein Teelicht an und legen Sie es unten in die Duftlampe. Das Wachs schmilzt und Sie k\u00f6nnen sein angenehmes Aroma genie\u00dfen.<br \/>\n<b> Zum Verdampfen von \u00e4therischen \u00d6len:<\/b> F\u00fcllen Sie die Schale mit Wasser. Etwa 4 Tropfen \u00e4therisches \u00d6l ins Wasser geben. Z\u00fcnden Sie ein Teelicht an und stellen Sie es unten in den Boden der Aromalampe. Genie\u00dfen Sie das angenehme Aroma. <b>ACHTUNG!<\/b> Kein kaltes Wasser in die Schale f\u00fcllen, wenn sie hei\u00df ist!<\/p>\n<p><b><em>Sicherheitshinweis:<\/em><\/b><em> Die Duftlampe wird warm, bewegen Sie diese nicht w\u00e4hrend oder kurz nach dem Gebrauch. Verwendung au\u00dferhalb der Reichweite von Kindern und Haustieren. Lassen Sie das Ger\u00e4t niemals unbeaufsichtigt. Nicht an einem zugigen Ort aufstellen.<\/em><\/p>\n<\/div>\n","protected":false},"excerpt":{"rendered":"<p>aus Keramik f\u00fcr Melts oder \u00e4therische \u00d6le<\/p>\n","protected":false},"featured_media":7856,"comment_status":"open","ping_status":"closed","template":"","meta":{"_links_to":"","_links_to_target":""},"pwb-brand":[276],"product_brand":[],"product_cat":[612],"product_tag":[1621,855,1620,312],"class_list":{"0":"post-7857","1":"product","2":"type-product","3":"status-publish","4":"has-post-thumbnail","6":"pwb-brand-mani-bhadra-phoenix-import","7":"product_cat-aromalampen","8":"product_tag-aromalampe","9":"product_tag-aromatherapie","10":"product_tag-duftlampe","11":"product_tag-lebensbaum","12":"pa_herkunft-china","14":"first","15":"instock","16":"taxable","17":"shipping-taxable","18":"purchasable","19":"product-type-simple"},"blog_post_layout_featured_media_urls":{"thumbnail":["https:\/\/www.lebens-qi.at\/qishop\/wp-content\/uploads\/64553-duftlampe-lebens-baum-tuerkis-150x150.jpg",150,150,true],"full":["https:\/\/www.lebens-qi.at\/qishop\/wp-content\/uploads\/64553-duftlampe-lebens-baum-tuerkis.jpg",665,665,false]},"categories":["276"],"categories_names":{"276":{"name":"Mani Bhadra - Phoenix Import","link":"https:\/\/www.lebens-qi.at\/qishop\/brand\/mani-bhadra-phoenix-import\/"}},"comments_number":"0","brands":[{"id":276,"name":"Mani Bhadra - Phoenix Import","slug":"mani-bhadra-phoenix-import"}],"_links":{"self":[{"href":"https:\/\/www.lebens-qi.at\/qishop\/wp-json\/wp\/v2\/product\/7857","targetHints":{"allow":["GET"]}}],"collection":[{"href":"https:\/\/www.lebens-qi.at\/qishop\/wp-json\/wp\/v2\/product"}],"about":[{"href":"https:\/\/www.lebens-qi.at\/qishop\/wp-json\/wp\/v2\/types\/product"}],"replies":[{"embeddable":true,"href":"https:\/\/www.lebens-qi.at\/qishop\/wp-json\/wp\/v2\/comments?post=7857"}],"wp:featuredmedia":[{"embeddable":true,"href":"https:\/\/www.lebens-qi.at\/qishop\/wp-json\/wp\/v2\/media\/7856"}],"wp:attachment":[{"href":"https:\/\/www.lebens-qi.at\/qishop\/wp-json\/wp\/v2\/media?parent=7857"}],"wp:term":[{"taxonomy":"pwb-brand","embeddable":true,"href":"https:\/\/www.lebens-qi.at\/qishop\/wp-json\/wp\/v2\/pwb-brand?post=7857"},{"taxonomy":"product_brand","embeddable":true,"href":"https:\/\/www.lebens-qi.at\/qishop\/wp-json\/wp\/v2\/product_brand?post=7857"},{"taxonomy":"product_cat","embeddable":true,"href":"https:\/\/www.lebens-qi.at\/qishop\/wp-json\/wp\/v2\/product_cat?post=7857"},{"taxonomy":"product_tag","embeddable":true,"href":"https:\/\/www.lebens-qi.at\/qishop\/wp-json\/wp\/v2\/product_tag?post=7857"}],"curies":[{"name":"wp","href":"https:\/\/api.w.org\/{rel}","templated":true}]}}