{"id":7919,"date":"2024-06-03T12:17:49","date_gmt":"2024-06-03T10:17:49","guid":{"rendered":"https:\/\/www.lebens-qi.at\/qishop\/?post_type=product&#038;p=7919"},"modified":"2024-12-10T11:16:53","modified_gmt":"2024-12-10T10:16:53","slug":"das-naturgeister-orakel-karten-set","status":"publish","type":"product","link":"https:\/\/www.lebens-qi.at\/qishop\/produkt\/das-naturgeister-orakel-karten-set\/","title":{"rendered":"Das Naturgeister-Orakel &#8211; Karten-Set"},"content":{"rendered":"<p><b>Kartenset: Das Naturgeister-Orakel<\/b><br \/>\nKartendeck mit Buch<br \/>\n<em>von Angela Hartfield und Josephine Wall<\/em><\/p>\n<p>Der Zauber der Natur umgibt uns jeden Tag, doch wir haben weitgehend vergessen, ihn auf uns wirken zu lassen.<\/p>\n<p>Angela Hartfield und Josephine Wall haben mit ihrem wundersch\u00f6nen &#8218;Naturgeister-Orakel&#8216; ein einzigartiges Instrument geschaffen, um die Sch\u00f6nheit der Welt, die uns umgibt, einzufangen und den Wesen aus einem anderen Reich eine Stimme zu verleihen.<br \/>\nSie vermitteln in ihren Botschaften jenes verborgene Wissen von &#8218;Mutter Natur&#8216;, das dabei hilft, wieder Zugang zu finden zu den seelischen Wurzeln im eigenen Inneren. Das Innere und das \u00c4u\u00dfere sind nicht getrennt, und die Weisheit der Naturgeister hilft uns, unseren wahren Wesenskern neu zu erschlie\u00dfen.<b> Laden Sie die Naturgeister in Ihr Leben ein \u2013 sie werden es Ihnen danken!<\/p>\n<p>50 Karten mit Begleitbuch<\/p>\n<p><a href=\"http:\/\/www.lebens-qi.at\/de\/favorites\" target=\"_blank\" rel=\"noopener\">#lebensqifavorites<br \/>\n<\/a><\/b><br \/>\nNadja liebt \u2013 wie viele unserer Kundinnen \u2013 Kartendecks und hat schon etliche verschiedenen Orakelkarten in Verwendung. Eines davon hat es ihr aber besonders angetan, weshalb verr\u00e4t sie uns selber:<\/p>\n<p><em>\u201eIch liebe mein Naturgeisterkartendeck, weil sie mich in jeder Lebenslage unterst\u00fctzen und mich noch nie im Stich gelassen haben. Au\u00dferdem sind sie wundersch\u00f6n gezeichnet. Meine Oraklkarten haben mich in vielen nicht so tollen Lebenslagen unterst\u00fctzt und mir weiter geholfen.\u201c<\/em><\/p>\n","protected":false},"excerpt":{"rendered":"<p>Kartendeck mit Buch<\/p>\n","protected":false},"featured_media":7920,"comment_status":"open","ping_status":"closed","template":"","meta":{"_links_to":"","_links_to_target":""},"pwb-brand":[810],"product_brand":[],"product_cat":[862],"product_tag":[1499,873,865,667,189,1171,1340,1323,1339,863,1452],"class_list":{"0":"post-7919","1":"product","2":"type-product","3":"status-publish","4":"has-post-thumbnail","6":"pwb-brand-aquamarin-verlag","7":"product_cat-impulskarten","8":"product_tag-angela-hartfield","9":"product_tag-botschaften","10":"product_tag-josephine-wall","11":"product_tag-kartendeck","12":"product_tag-lebensqifavorites","13":"product_tag-mutter-erde","14":"product_tag-naturgeister","15":"product_tag-naturverbundenheit","16":"product_tag-naturwesen","17":"product_tag-orakel","18":"product_tag-ratgeber","20":"first","21":"instock","22":"taxable","23":"shipping-taxable","24":"purchasable","25":"product-type-simple"},"blog_post_layout_featured_media_urls":{"thumbnail":["https:\/\/www.lebens-qi.at\/qishop\/wp-content\/uploads\/9783894276959-X-naturgeister-orakel-150x150.jpg",150,150,true],"full":["https:\/\/www.lebens-qi.at\/qishop\/wp-content\/uploads\/9783894276959-X-naturgeister-orakel.jpg",648,648,false]},"categories":["810"],"categories_names":{"810":{"name":"Aquamarin Verlag","link":"https:\/\/www.lebens-qi.at\/qishop\/brand\/aquamarin-verlag\/"}},"comments_number":"0","brands":[{"id":810,"name":"Aquamarin Verlag","slug":"aquamarin-verlag"}],"_links":{"self":[{"href":"https:\/\/www.lebens-qi.at\/qishop\/wp-json\/wp\/v2\/product\/7919","targetHints":{"allow":["GET"]}}],"collection":[{"href":"https:\/\/www.lebens-qi.at\/qishop\/wp-json\/wp\/v2\/product"}],"about":[{"href":"https:\/\/www.lebens-qi.at\/qishop\/wp-json\/wp\/v2\/types\/product"}],"replies":[{"embeddable":true,"href":"https:\/\/www.lebens-qi.at\/qishop\/wp-json\/wp\/v2\/comments?post=7919"}],"wp:featuredmedia":[{"embeddable":true,"href":"https:\/\/www.lebens-qi.at\/qishop\/wp-json\/wp\/v2\/media\/7920"}],"wp:attachment":[{"href":"https:\/\/www.lebens-qi.at\/qishop\/wp-json\/wp\/v2\/media?parent=7919"}],"wp:term":[{"taxonomy":"pwb-brand","embeddable":true,"href":"https:\/\/www.lebens-qi.at\/qishop\/wp-json\/wp\/v2\/pwb-brand?post=7919"},{"taxonomy":"product_brand","embeddable":true,"href":"https:\/\/www.lebens-qi.at\/qishop\/wp-json\/wp\/v2\/product_brand?post=7919"},{"taxonomy":"product_cat","embeddable":true,"href":"https:\/\/www.lebens-qi.at\/qishop\/wp-json\/wp\/v2\/product_cat?post=7919"},{"taxonomy":"product_tag","embeddable":true,"href":"https:\/\/www.lebens-qi.at\/qishop\/wp-json\/wp\/v2\/product_tag?post=7919"}],"curies":[{"name":"wp","href":"https:\/\/api.w.org\/{rel}","templated":true}]}}