{"id":8026,"date":"2024-06-05T16:09:31","date_gmt":"2024-06-05T14:09:31","guid":{"rendered":"https:\/\/www.lebens-qi.at\/qishop\/?post_type=product&#038;p=8026"},"modified":"2024-06-12T19:00:27","modified_gmt":"2024-06-12T17:00:27","slug":"sonnenscheinseele","status":"publish","type":"product","link":"https:\/\/www.lebens-qi.at\/qishop\/produkt\/sonnenscheinseele\/","title":{"rendered":"Sonnenscheinseele"},"content":{"rendered":"<p><strong>Sonnenscheinseele<\/strong><br \/>\nDer Herzensweg vom Schein zum Sein<br \/>\n<em>von Anna Theresa Lohninger<br \/>\n<\/em><\/p>\n<p>Ich bin das Buch, das dich an das Urwissen in dir erinnert, denn du wei\u00dft bereits alles. Ich bin das Buch, das dich wappnet f\u00fcr knifflige Situationen &#8211; im Fall des Falles. Ich bin das Buch, das dir liebevolle M\u00f6glichkeiten f\u00fcr deine Herzensverbundenheit aufzeigt. Ich bin das Buch, das voller Verbundenheit bei dir bleibt. Ich bin das Buch, das in jeder Zeile f\u00fcr dich wahre Liebe schreibt.<\/p>\n<p>Ich wurde auf einer inneren Reise geschrieben, denn die Autorin sehnt sich nach Herzen, die aus mitf\u00fchlender Tiefe lieben. Ich wurde von Herz zu Herz geschrieben, denn die Autorin sehnt sich nach einer Zukunft, in der viele Menschen eine liebevolle historische Geschichte schrieben.<\/p>\n<p>Ich wurde also f\u00fcr dich verfasst &#8211; f\u00fcr all die neuen Momente in deinem Buch des Lebens, die du vor dir hast.<\/p>\n<p>Ich freu mich auf dich und ich glaube du magst auch mich.<\/p>\n<p>&nbsp;<\/p>\n","protected":false},"excerpt":{"rendered":"<p>Der Herzensweg vom Schein zum Sein<\/p>\n","protected":false},"featured_media":8033,"comment_status":"open","ping_status":"closed","template":"","meta":{"_links_to":"","_links_to_target":""},"pwb-brand":[1638],"product_brand":[],"product_cat":[805],"product_tag":[1639,580,174,178,834,1020],"class_list":{"0":"post-8026","1":"product","2":"type-product","3":"status-publish","4":"has-post-thumbnail","6":"pwb-brand-ginkoblattverlag","7":"product_cat-spiritualitaet","8":"product_tag-anna-theresa-lohninger","9":"product_tag-buch","10":"product_tag-liebe","11":"product_tag-seele","12":"product_tag-spiritualitaet","13":"product_tag-verbundenheit","15":"first","16":"instock","17":"taxable","18":"shipping-taxable","19":"purchasable","20":"product-type-simple"},"blog_post_layout_featured_media_urls":{"thumbnail":["https:\/\/www.lebens-qi.at\/qishop\/wp-content\/uploads\/sonnenscheinseele-cover-150x150.jpg",150,150,true],"full":["https:\/\/www.lebens-qi.at\/qishop\/wp-content\/uploads\/sonnenscheinseele-cover.jpg",800,800,false]},"categories":["1638"],"categories_names":{"1638":{"name":"GinkoblattVerlag","link":"https:\/\/www.lebens-qi.at\/qishop\/brand\/ginkoblattverlag\/"}},"comments_number":"0","brands":[{"id":1638,"name":"GinkoblattVerlag","slug":"ginkoblattverlag"}],"_links":{"self":[{"href":"https:\/\/www.lebens-qi.at\/qishop\/wp-json\/wp\/v2\/product\/8026","targetHints":{"allow":["GET"]}}],"collection":[{"href":"https:\/\/www.lebens-qi.at\/qishop\/wp-json\/wp\/v2\/product"}],"about":[{"href":"https:\/\/www.lebens-qi.at\/qishop\/wp-json\/wp\/v2\/types\/product"}],"replies":[{"embeddable":true,"href":"https:\/\/www.lebens-qi.at\/qishop\/wp-json\/wp\/v2\/comments?post=8026"}],"wp:featuredmedia":[{"embeddable":true,"href":"https:\/\/www.lebens-qi.at\/qishop\/wp-json\/wp\/v2\/media\/8033"}],"wp:attachment":[{"href":"https:\/\/www.lebens-qi.at\/qishop\/wp-json\/wp\/v2\/media?parent=8026"}],"wp:term":[{"taxonomy":"pwb-brand","embeddable":true,"href":"https:\/\/www.lebens-qi.at\/qishop\/wp-json\/wp\/v2\/pwb-brand?post=8026"},{"taxonomy":"product_brand","embeddable":true,"href":"https:\/\/www.lebens-qi.at\/qishop\/wp-json\/wp\/v2\/product_brand?post=8026"},{"taxonomy":"product_cat","embeddable":true,"href":"https:\/\/www.lebens-qi.at\/qishop\/wp-json\/wp\/v2\/product_cat?post=8026"},{"taxonomy":"product_tag","embeddable":true,"href":"https:\/\/www.lebens-qi.at\/qishop\/wp-json\/wp\/v2\/product_tag?post=8026"}],"curies":[{"name":"wp","href":"https:\/\/api.w.org\/{rel}","templated":true}]}}