{"id":8038,"date":"2024-06-05T17:36:48","date_gmt":"2024-06-05T15:36:48","guid":{"rendered":"https:\/\/www.lebens-qi.at\/qishop\/?post_type=product&#038;p=8038"},"modified":"2024-12-12T16:05:32","modified_gmt":"2024-12-12T15:05:32","slug":"soul-keramik-pitschn-blume-des-lebens-handgefertigt","status":"publish","type":"product","link":"https:\/\/www.lebens-qi.at\/qishop\/produkt\/soul-keramik-pitschn-blume-des-lebens-handgefertigt\/","title":{"rendered":"Soul-Keramik Pitschn &#8211; Blume des Lebens handgefertigt"},"content":{"rendered":"<p><strong>PITSCHN*<\/strong> &#8211; handgefertigte XL Tasse aus Keramik, diese H\u00e4ferln sind wegen ihrer Gr\u00f6\u00dfe auch als Suppenschalen geeignet<\/p>\n<p><b>mit eingepr\u00e4gter Blume des Lebens-Struktur<\/b><\/p>\n<p>Diese Keramiktassen werden einzeln von Petra angefertigt und glasiert &#8211; daher ist jedes St\u00fcck ein Unikat. Handarbeit aus \u00d6sterreich, daher sind Abweichungen in Form, Struktur und Farbe vom Foto m\u00f6glich.<\/p>\n<p>Material: Soul-Keramik (Keramik mit eingebrannter Agnihotra-Asche)<br \/>\nInhalt: 0,6 l<br \/>\nLieferumfang: 1 Tasse, Farbe gem\u00e4\u00df Auswahl<br \/>\nHinweis: sp\u00fclmaschinen-\/mikrowellenfest<\/p>\n<p><b>\u00dcber SOUL KERAMIK\u00a0 Tassen mit Agnihotra-Asche<\/b><br \/>\nDiese Jumbotassen haben es in sich! Es wurde Asche vom Agnihotra-Ritual in den Ton der Soul-Keramik eingearbeitet. Agnihotra ist ein vedisches Feuerritual, das zu Sonnenauf- &amp; Sonnenuntergang durchgef\u00fchrt wird. Wenn die Flamme erlischt, wird die harmonisierende und kraftvolle Energie in der entstehenden Asche eingeschlossen.<br \/>\nDie Schwingung der Tasse beeinflusst den Inhalt &#8211; und da Wasser ja bekanntlich als Infomationstr\u00e4ger bzw. zum Energiespeichern verwendet wird, wird das Getr\u00e4nk in der Soul-Keramik Pitschn energetisch aufgeladen. Diese Energetisierung ist \u00fcber Boviseinheiten messbar.<\/p>\n<p>*&#8220;Pitschn&#8220;: Weinviertler Dialektausdruck f\u00fcr Jumbotasse<\/p>\n","protected":false},"excerpt":{"rendered":"<p>mit verschiedenfarbigen Glasuren<\/p>\n","protected":false},"featured_media":8041,"comment_status":"open","ping_status":"closed","template":"","meta":{"_links_to":"","_links_to_target":""},"pwb-brand":[323],"product_brand":[],"product_cat":[1466,582,436],"product_tag":[775,308,1641,305,1643,1642,1655,1640,443,751],"class_list":{"0":"post-8038","1":"product","2":"type-product","3":"status-publish","4":"has-post-thumbnail","6":"pwb-brand-kreatives-by-petra","7":"product_cat-agnihotra","8":"product_cat-blume-des-lebens-produkte","9":"product_cat-tassen","10":"product_tag-agnihotra","11":"product_tag-blume-des-lebens","12":"product_tag-haeferl","13":"product_tag-handgefertigt","14":"product_tag-jumbotasse","15":"product_tag-kaffee","16":"product_tag-suppenschale","17":"product_tag-tasse","18":"product_tag-tee","19":"product_tag-unikat","20":"pa_herkunft-oesterreich","22":"first","23":"instock","24":"taxable","25":"shipping-taxable","26":"purchasable","27":"product-type-variable"},"blog_post_layout_featured_media_urls":{"thumbnail":["https:\/\/www.lebens-qi.at\/qishop\/wp-content\/uploads\/soulkeramik-larimar-e1727273240102-150x150.jpg",150,150,true],"full":["https:\/\/www.lebens-qi.at\/qishop\/wp-content\/uploads\/soulkeramik-larimar-e1727273240102.jpg",1966,1966,false]},"categories":["323"],"categories_names":{"323":{"name":"Kreatives by Petra","link":"https:\/\/www.lebens-qi.at\/qishop\/brand\/kreatives-by-petra\/"}},"comments_number":"0","brands":[{"id":323,"name":"Kreatives by Petra","slug":"kreatives-by-petra"}],"_links":{"self":[{"href":"https:\/\/www.lebens-qi.at\/qishop\/wp-json\/wp\/v2\/product\/8038","targetHints":{"allow":["GET"]}}],"collection":[{"href":"https:\/\/www.lebens-qi.at\/qishop\/wp-json\/wp\/v2\/product"}],"about":[{"href":"https:\/\/www.lebens-qi.at\/qishop\/wp-json\/wp\/v2\/types\/product"}],"replies":[{"embeddable":true,"href":"https:\/\/www.lebens-qi.at\/qishop\/wp-json\/wp\/v2\/comments?post=8038"}],"wp:featuredmedia":[{"embeddable":true,"href":"https:\/\/www.lebens-qi.at\/qishop\/wp-json\/wp\/v2\/media\/8041"}],"wp:attachment":[{"href":"https:\/\/www.lebens-qi.at\/qishop\/wp-json\/wp\/v2\/media?parent=8038"}],"wp:term":[{"taxonomy":"pwb-brand","embeddable":true,"href":"https:\/\/www.lebens-qi.at\/qishop\/wp-json\/wp\/v2\/pwb-brand?post=8038"},{"taxonomy":"product_brand","embeddable":true,"href":"https:\/\/www.lebens-qi.at\/qishop\/wp-json\/wp\/v2\/product_brand?post=8038"},{"taxonomy":"product_cat","embeddable":true,"href":"https:\/\/www.lebens-qi.at\/qishop\/wp-json\/wp\/v2\/product_cat?post=8038"},{"taxonomy":"product_tag","embeddable":true,"href":"https:\/\/www.lebens-qi.at\/qishop\/wp-json\/wp\/v2\/product_tag?post=8038"}],"curies":[{"name":"wp","href":"https:\/\/api.w.org\/{rel}","templated":true}]}}