{"id":8051,"date":"2024-06-07T09:36:04","date_gmt":"2024-06-07T07:36:04","guid":{"rendered":"https:\/\/www.lebens-qi.at\/qishop\/?post_type=product&#038;p=8051"},"modified":"2024-12-11T12:18:27","modified_gmt":"2024-12-11T11:18:27","slug":"die-chinesische-hausapotheke","status":"publish","type":"product","link":"https:\/\/www.lebens-qi.at\/qishop\/produkt\/die-chinesische-hausapotheke\/","title":{"rendered":"Die chinesische Hausapotheke"},"content":{"rendered":"<p><b>Die chinesische Hausapotheke<\/b><br \/>\nDie wichtigsten Kr\u00e4uterrezepte f\u00fcr die h\u00e4ufigsten Beschwerden<br \/>\n<em>von Georg Weidinger<br \/>\n<\/em><\/p>\n<p><b>TCM leicht verst\u00e4ndlich und anwendbar im Alltag.<\/b><\/p>\n<p>Die traditionelle Chinesische Medizin f\u00fcr den Alltag, ein praktischer Ratgeber zur Selbstanwendung. Mit einer umfassenden Einf\u00fchrung in die chinesische Diagnostik und vereinfachten Form der Selbstdiagnose mittels Puls, Zunge und Gesicht. Georg Weidinger, Schulmediziner und TCM-Therapeut mit Praxis in Wien versteht es, westliche mit fern\u00f6stlicher Medizin zu verbinden. Mit Hilfe von 25 wichtigen Kr\u00e4uterrezepten f\u00fcr die h\u00e4ufigsten Beschwerden, kann \u2013 einfach in der Anwendung \u2013 die Hausapotheke entsprechend best\u00fcckt werden. Die Zutaten sind problemlos in der Apotheke erh\u00e4ltlich und unterliegen den strengen europ\u00e4ischen Richtlinien.<\/p>\n<p>Erg\u00e4nzend dazu, Tipps zu Ern\u00e4hrung und Lebensf\u00fchrung.<\/p>\n","protected":false},"excerpt":{"rendered":"<p>Die wichtigsten Kr\u00e4uterrezepte f\u00fcr die h\u00e4ufigsten Beschwerden<\/p>\n","protected":false},"featured_media":8052,"comment_status":"open","ping_status":"closed","template":"","meta":{"_links_to":"","_links_to_target":""},"pwb-brand":[1531],"product_brand":[],"product_cat":[811],"product_tag":[580,1651,546,1333,1332,306,1418,1650],"class_list":{"0":"post-8051","1":"product","2":"type-product","3":"status-publish","4":"has-post-thumbnail","6":"pwb-brand-goldmann","7":"product_cat-gesundheit","8":"product_tag-buch","9":"product_tag-georg-weidinger","10":"product_tag-gesundheit","11":"product_tag-hausapotheke","12":"product_tag-heilpflanzen","13":"product_tag-kraeuter","14":"product_tag-naturheilkunde","15":"product_tag-tcm","17":"first","18":"instock","19":"taxable","20":"shipping-taxable","21":"purchasable","22":"product-type-simple"},"blog_post_layout_featured_media_urls":{"thumbnail":["https:\/\/www.lebens-qi.at\/qishop\/wp-content\/uploads\/9783442220977-X-chinesische-hausapotheke-150x150.jpg",150,150,true],"full":["https:\/\/www.lebens-qi.at\/qishop\/wp-content\/uploads\/9783442220977-X-chinesische-hausapotheke.jpg",648,648,false]},"categories":["1531"],"categories_names":{"1531":{"name":"Goldmann","link":"https:\/\/www.lebens-qi.at\/qishop\/brand\/goldmann\/"}},"comments_number":"0","brands":[{"id":1531,"name":"Goldmann","slug":"goldmann"}],"_links":{"self":[{"href":"https:\/\/www.lebens-qi.at\/qishop\/wp-json\/wp\/v2\/product\/8051","targetHints":{"allow":["GET"]}}],"collection":[{"href":"https:\/\/www.lebens-qi.at\/qishop\/wp-json\/wp\/v2\/product"}],"about":[{"href":"https:\/\/www.lebens-qi.at\/qishop\/wp-json\/wp\/v2\/types\/product"}],"replies":[{"embeddable":true,"href":"https:\/\/www.lebens-qi.at\/qishop\/wp-json\/wp\/v2\/comments?post=8051"}],"wp:featuredmedia":[{"embeddable":true,"href":"https:\/\/www.lebens-qi.at\/qishop\/wp-json\/wp\/v2\/media\/8052"}],"wp:attachment":[{"href":"https:\/\/www.lebens-qi.at\/qishop\/wp-json\/wp\/v2\/media?parent=8051"}],"wp:term":[{"taxonomy":"pwb-brand","embeddable":true,"href":"https:\/\/www.lebens-qi.at\/qishop\/wp-json\/wp\/v2\/pwb-brand?post=8051"},{"taxonomy":"product_brand","embeddable":true,"href":"https:\/\/www.lebens-qi.at\/qishop\/wp-json\/wp\/v2\/product_brand?post=8051"},{"taxonomy":"product_cat","embeddable":true,"href":"https:\/\/www.lebens-qi.at\/qishop\/wp-json\/wp\/v2\/product_cat?post=8051"},{"taxonomy":"product_tag","embeddable":true,"href":"https:\/\/www.lebens-qi.at\/qishop\/wp-json\/wp\/v2\/product_tag?post=8051"}],"curies":[{"name":"wp","href":"https:\/\/api.w.org\/{rel}","templated":true}]}}