{"id":8053,"date":"2024-06-07T09:46:29","date_gmt":"2024-06-07T07:46:29","guid":{"rendered":"https:\/\/www.lebens-qi.at\/qishop\/?post_type=product&#038;p=8053"},"modified":"2024-12-11T12:18:27","modified_gmt":"2024-12-11T11:18:27","slug":"raeuchern-mit-heimischen-kraeutern","status":"publish","type":"product","link":"https:\/\/www.lebens-qi.at\/qishop\/produkt\/raeuchern-mit-heimischen-kraeutern\/","title":{"rendered":"R\u00e4uchern mit heimischen Kr\u00e4utern"},"content":{"rendered":"<p><b>R\u00e4uchern mit heimischen Kr\u00e4utern<\/b><br \/>\nAnwendung, Wirkung und Rituale im Jahreskreis<br \/>\n<em>von Marlies Bader<br \/>\n<\/em><\/p>\n<p><b>Das Standardwerk \u00fcber die Wirkung von R\u00e4ucherungen mit Kr\u00e4utern auf materieller, energetischer, seelischer und spiritueller Ebene<\/b><\/p>\n<p>R\u00e4uchern mit Kr\u00e4utern und Pflanzen wirkt kl\u00e4rend und heilend. Dieses Buch widmet sich 28 heimischen Kr\u00e4utern und R\u00e4ucherpflanzen, die wir \u00fcberall in der Natur finden oder im Garten anbauen k\u00f6nnen. Es schildert ihre Mythologie, gibt wichtige Hinweise zur Ernte und zeigt, wann und wie die Pflanzen allein oder in Kombination mit anderen eingesetzt werden k\u00f6nnen. Verschiedene Rituale bringen uns in Kontakt zu unseren Ahnen, helfen bei Stress, \u00c4ngsten und \u00dcberforderung. Sie begleiten uns im Rhythmus der Jahreszeiten und zeigen, welcher Zauber den einzelnen Pflanzen innewohnt.<\/p>\n","protected":false},"excerpt":{"rendered":"<p>Anwendung, Wirkung und Rituale im Jahreskreis<\/p>\n","protected":false},"featured_media":8054,"comment_status":"open","ping_status":"closed","template":"","meta":{"_links_to":"","_links_to_target":""},"pwb-brand":[1531],"product_brand":[],"product_cat":[1654,807],"product_tag":[580,1390,621,306,1652,466,1325,1210,905],"class_list":{"0":"post-8053","1":"product","2":"type-product","3":"status-publish","4":"has-post-thumbnail","6":"pwb-brand-goldmann","7":"product_cat-raeucherbuecher","8":"product_cat-raeuchern","9":"product_tag-buch","10":"product_tag-heilkraft","11":"product_tag-jahreskreis","12":"product_tag-kraeuter","13":"product_tag-marlies-bader","14":"product_tag-raeuchern","15":"product_tag-rauhnaechte","16":"product_tag-rituale","17":"product_tag-wirkung","19":"first","20":"instock","21":"taxable","22":"shipping-taxable","23":"purchasable","24":"product-type-simple"},"blog_post_layout_featured_media_urls":{"thumbnail":["https:\/\/www.lebens-qi.at\/qishop\/wp-content\/uploads\/9783442218110-X-raeuchern-mit-heimischen-kraeutern-150x150.jpg",150,150,true],"full":["https:\/\/www.lebens-qi.at\/qishop\/wp-content\/uploads\/9783442218110-X-raeuchern-mit-heimischen-kraeutern.jpg",599,599,false]},"categories":["1531"],"categories_names":{"1531":{"name":"Goldmann","link":"https:\/\/www.lebens-qi.at\/qishop\/brand\/goldmann\/"}},"comments_number":"0","brands":[{"id":1531,"name":"Goldmann","slug":"goldmann"}],"_links":{"self":[{"href":"https:\/\/www.lebens-qi.at\/qishop\/wp-json\/wp\/v2\/product\/8053","targetHints":{"allow":["GET"]}}],"collection":[{"href":"https:\/\/www.lebens-qi.at\/qishop\/wp-json\/wp\/v2\/product"}],"about":[{"href":"https:\/\/www.lebens-qi.at\/qishop\/wp-json\/wp\/v2\/types\/product"}],"replies":[{"embeddable":true,"href":"https:\/\/www.lebens-qi.at\/qishop\/wp-json\/wp\/v2\/comments?post=8053"}],"wp:featuredmedia":[{"embeddable":true,"href":"https:\/\/www.lebens-qi.at\/qishop\/wp-json\/wp\/v2\/media\/8054"}],"wp:attachment":[{"href":"https:\/\/www.lebens-qi.at\/qishop\/wp-json\/wp\/v2\/media?parent=8053"}],"wp:term":[{"taxonomy":"pwb-brand","embeddable":true,"href":"https:\/\/www.lebens-qi.at\/qishop\/wp-json\/wp\/v2\/pwb-brand?post=8053"},{"taxonomy":"product_brand","embeddable":true,"href":"https:\/\/www.lebens-qi.at\/qishop\/wp-json\/wp\/v2\/product_brand?post=8053"},{"taxonomy":"product_cat","embeddable":true,"href":"https:\/\/www.lebens-qi.at\/qishop\/wp-json\/wp\/v2\/product_cat?post=8053"},{"taxonomy":"product_tag","embeddable":true,"href":"https:\/\/www.lebens-qi.at\/qishop\/wp-json\/wp\/v2\/product_tag?post=8053"}],"curies":[{"name":"wp","href":"https:\/\/api.w.org\/{rel}","templated":true}]}}