{"id":8055,"date":"2024-06-07T10:07:45","date_gmt":"2024-06-07T08:07:45","guid":{"rendered":"https:\/\/www.lebens-qi.at\/qishop\/?post_type=product&#038;p=8055"},"modified":"2024-12-11T12:08:49","modified_gmt":"2024-12-11T11:08:49","slug":"heilende-raeucherrituale","status":"publish","type":"product","link":"https:\/\/www.lebens-qi.at\/qishop\/produkt\/heilende-raeucherrituale\/","title":{"rendered":"Heilende R\u00e4ucherrituale"},"content":{"rendered":"<p><b>Heilende R\u00e4ucherrituale<\/b><br \/>\nAltes Wissen f\u00fcr eine neue Zeit<br \/>\n<em>von Adelheid Brunner<br \/>\n<\/em><\/p>\n<p>R\u00e4uchern, so nat\u00fcrlich wie m\u00f6glich und in dem Bewusstsein, dass der Rauch heimischer Pflanzen und Harze sowohl auf k\u00f6rperlicher als auch auf seelischer Ebene heilsam wirkt. Beim R\u00e4uchern werden neben den Inhalts- und Wirkstoffen der Kr\u00e4uter immer auch feinstoffliche Kr\u00e4fte frei. Die Autorin stellt dazu ihre selbst entwickelte Methode des \u201eR\u00e4ucherns ohne Kohle\u201c vor und beschreibt, wie man eigene R\u00e4uchermischungen herstellen kann. Zudem werden \u00fcber 20 R\u00e4ucherrituale und -zeremonien beschrieben, mit denen man sich selbst, aber auch den Wandel der Erde unterst\u00fctzen kann.<\/p>\n<p>Von Wetterr\u00e4ucherungen \u00fcber Naturwesenr\u00e4ucherungen bis hin zu gro\u00dfen R\u00e4ucherritualen, die man in der Gruppe drau\u00dfen in der Natur durchf\u00fchrt, sind es <strong>Anleitungen f\u00fcr einen neuen Umgang mit der Natur und Mutter Erde.<\/strong><\/p>\n<p>&nbsp;<\/p>\n","protected":false},"excerpt":{"rendered":"<p>Altes Wissen f\u00fcr eine neue Zeit<\/p>\n","protected":false},"featured_media":8056,"comment_status":"open","ping_status":"closed","template":"","meta":{"_links_to":"","_links_to_target":""},"pwb-brand":[1296],"product_brand":[],"product_cat":[1654,807],"product_tag":[580,906,306,1171,1339,466,1334,1210,905],"class_list":{"0":"post-8055","1":"product","2":"type-product","3":"status-publish","4":"has-post-thumbnail","6":"pwb-brand-freya","7":"product_cat-raeucherbuecher","8":"product_cat-raeuchern","9":"product_tag-buch","10":"product_tag-harze","11":"product_tag-kraeuter","12":"product_tag-mutter-erde","13":"product_tag-naturwesen","14":"product_tag-raeuchern","15":"product_tag-rezepte","16":"product_tag-rituale","17":"product_tag-wirkung","19":"first","20":"instock","21":"taxable","22":"shipping-taxable","23":"purchasable","24":"product-type-simple"},"blog_post_layout_featured_media_urls":{"thumbnail":["https:\/\/www.lebens-qi.at\/qishop\/wp-content\/uploads\/9783990254370-X-heilende-raeucherrituale-150x150.jpg",150,150,true],"full":["https:\/\/www.lebens-qi.at\/qishop\/wp-content\/uploads\/9783990254370-X-heilende-raeucherrituale.jpg",623,623,false]},"categories":["1296"],"categories_names":{"1296":{"name":"freya","link":"https:\/\/www.lebens-qi.at\/qishop\/brand\/freya\/"}},"comments_number":"0","brands":[{"id":1296,"name":"freya","slug":"freya"}],"_links":{"self":[{"href":"https:\/\/www.lebens-qi.at\/qishop\/wp-json\/wp\/v2\/product\/8055","targetHints":{"allow":["GET"]}}],"collection":[{"href":"https:\/\/www.lebens-qi.at\/qishop\/wp-json\/wp\/v2\/product"}],"about":[{"href":"https:\/\/www.lebens-qi.at\/qishop\/wp-json\/wp\/v2\/types\/product"}],"replies":[{"embeddable":true,"href":"https:\/\/www.lebens-qi.at\/qishop\/wp-json\/wp\/v2\/comments?post=8055"}],"wp:featuredmedia":[{"embeddable":true,"href":"https:\/\/www.lebens-qi.at\/qishop\/wp-json\/wp\/v2\/media\/8056"}],"wp:attachment":[{"href":"https:\/\/www.lebens-qi.at\/qishop\/wp-json\/wp\/v2\/media?parent=8055"}],"wp:term":[{"taxonomy":"pwb-brand","embeddable":true,"href":"https:\/\/www.lebens-qi.at\/qishop\/wp-json\/wp\/v2\/pwb-brand?post=8055"},{"taxonomy":"product_brand","embeddable":true,"href":"https:\/\/www.lebens-qi.at\/qishop\/wp-json\/wp\/v2\/product_brand?post=8055"},{"taxonomy":"product_cat","embeddable":true,"href":"https:\/\/www.lebens-qi.at\/qishop\/wp-json\/wp\/v2\/product_cat?post=8055"},{"taxonomy":"product_tag","embeddable":true,"href":"https:\/\/www.lebens-qi.at\/qishop\/wp-json\/wp\/v2\/product_tag?post=8055"}],"curies":[{"name":"wp","href":"https:\/\/api.w.org\/{rel}","templated":true}]}}