{"id":8105,"date":"2024-06-14T16:40:28","date_gmt":"2024-06-14T14:40:28","guid":{"rendered":"https:\/\/www.lebens-qi.at\/qishop\/?post_type=product&#038;p=8105"},"modified":"2024-12-13T12:48:04","modified_gmt":"2024-12-13T11:48:04","slug":"heilungsengel-schutzkaertchen","status":"publish","type":"product","link":"https:\/\/www.lebens-qi.at\/qishop\/produkt\/heilungsengel-schutzkaertchen\/","title":{"rendered":"Heilungsengel Schutzk\u00e4rtchen"},"content":{"rendered":"<p><b>Heilungsengel<\/b><br \/>\nlaminiertes Schutzk\u00e4rtchen im Visitenkarten-Format<\/p>\n<p>Mit Beschreibung auf der R\u00fcckseite:<br \/>\n<em><b><br \/>\nHeilung, Lebenskraft, Freude, Musik<br \/>\n<\/b><\/em><\/p>\n<p>Die Schutzk\u00e4rtchen der K\u00fcnstlerin Judit Hildebrandt finden vielf\u00e4ltige Anwendung:<br \/>\nals kleines Geschenk, Gl\u00fccksbringer in der Geldb\u00f6rse, Schutzk\u00e4rtchen beim F\u00fchrerschein\/Zulassungsschein im Auto, als Hoffnungsbringer am Nachttisch, zur Arbeit mit Engelenergien, &#8230;.<\/p>\n<p>Gr\u00f6\u00dfe: ca. 55 x 88 mm mit abgerundeten Kanten<br \/>\nLieferumfang: 1 St\u00fcck<\/p>\n","protected":false},"excerpt":{"rendered":"<p>Heilung, Lebenskraft, Freude, Musik<\/p>\n","protected":false},"featured_media":8106,"comment_status":"open","ping_status":"closed","template":"","meta":{"_links_to":"","_links_to_target":""},"pwb-brand":[617],"product_brand":[],"product_cat":[1657,1658],"product_tag":[545,1661,546,1298,1660,1659],"class_list":{"0":"post-8105","1":"product","2":"type-product","3":"status-publish","4":"has-post-thumbnail","6":"pwb-brand-yantra","7":"product_cat-engelkaertchen","8":"product_cat-schutzkaertchen","9":"product_tag-engel","10":"product_tag-engelkaertchen","11":"product_tag-gesundheit","12":"product_tag-heilung","13":"product_tag-judit-hildebrandt","14":"product_tag-schutzkaertchen","16":"first","17":"instock","18":"taxable","19":"shipping-taxable","20":"purchasable","21":"product-type-simple"},"blog_post_layout_featured_media_urls":{"thumbnail":["https:\/\/www.lebens-qi.at\/qishop\/wp-content\/uploads\/es-24-heilungsengel-150x150.jpg",150,150,true],"full":["https:\/\/www.lebens-qi.at\/qishop\/wp-content\/uploads\/es-24-heilungsengel.jpg",600,600,false]},"categories":["617"],"categories_names":{"617":{"name":"Yantra","link":"https:\/\/www.lebens-qi.at\/qishop\/brand\/yantra\/"}},"comments_number":"0","brands":[{"id":617,"name":"Yantra","slug":"yantra"}],"_links":{"self":[{"href":"https:\/\/www.lebens-qi.at\/qishop\/wp-json\/wp\/v2\/product\/8105","targetHints":{"allow":["GET"]}}],"collection":[{"href":"https:\/\/www.lebens-qi.at\/qishop\/wp-json\/wp\/v2\/product"}],"about":[{"href":"https:\/\/www.lebens-qi.at\/qishop\/wp-json\/wp\/v2\/types\/product"}],"replies":[{"embeddable":true,"href":"https:\/\/www.lebens-qi.at\/qishop\/wp-json\/wp\/v2\/comments?post=8105"}],"wp:featuredmedia":[{"embeddable":true,"href":"https:\/\/www.lebens-qi.at\/qishop\/wp-json\/wp\/v2\/media\/8106"}],"wp:attachment":[{"href":"https:\/\/www.lebens-qi.at\/qishop\/wp-json\/wp\/v2\/media?parent=8105"}],"wp:term":[{"taxonomy":"pwb-brand","embeddable":true,"href":"https:\/\/www.lebens-qi.at\/qishop\/wp-json\/wp\/v2\/pwb-brand?post=8105"},{"taxonomy":"product_brand","embeddable":true,"href":"https:\/\/www.lebens-qi.at\/qishop\/wp-json\/wp\/v2\/product_brand?post=8105"},{"taxonomy":"product_cat","embeddable":true,"href":"https:\/\/www.lebens-qi.at\/qishop\/wp-json\/wp\/v2\/product_cat?post=8105"},{"taxonomy":"product_tag","embeddable":true,"href":"https:\/\/www.lebens-qi.at\/qishop\/wp-json\/wp\/v2\/product_tag?post=8105"}],"curies":[{"name":"wp","href":"https:\/\/api.w.org\/{rel}","templated":true}]}}