{"id":8135,"date":"2024-06-24T17:24:56","date_gmt":"2024-06-24T15:24:56","guid":{"rendered":"https:\/\/www.lebens-qi.at\/qishop\/?post_type=product&#038;p=8135"},"modified":"2024-12-19T12:19:11","modified_gmt":"2024-12-19T11:19:11","slug":"rosenquarz-kugel-5-cm","status":"publish","type":"product","link":"https:\/\/www.lebens-qi.at\/qishop\/produkt\/rosenquarz-kugel-5-cm\/","title":{"rendered":"Rosenquarz Kugel 5 cm"},"content":{"rendered":"<p><b>Rosenquarz Kugel<br \/>\n<\/b><br \/>\nFarbe: rosa<br \/>\nChakrazuordnung: Herz<br \/>\nThemen: Liebe und Harmonie<\/p>\n<p>Informationen bez\u00fcglich Eigenschaften, Wirkung, Verwendung bitte in der entsprechenden Literatur nachlesen. Wir d\u00fcrfen diesbez\u00fcglich keinerlei Aussagen treffen. <a href=\"https:\/\/www.lebens-qi.at\/qishop\/produkt-kategorie\/mehr\/buecher\/heilsteine\/\">Eine Auswahl an empfehlenswerten B\u00fcchern gibt es hier.<\/a><\/p>\n<p>Durchmesser: ca. 5 cm<\/p>\n<p><strong>Kugeln<\/strong> werden gerne zur Raumharmonisierung und wegen ihrer speziellen Eigenschaften verwendet. Rosenquarzkugeln dienen auch als <strong>sanfte Aktivatoren beim Prana-Anwendungen<\/strong> (<a href=\"http:\/\/www.lebens-qi.at\/de\/pranic-energy-healing-level-v-using-crystals\/\">Infos dazu findest du hier<\/a>)<\/p>\n<p><em>Lieferumfang 1 St\u00fcck<br \/>\nSymbolfoto \u2013 bei Steinen sind deutliche Abweichungen in Struktur und Farbe m\u00f6glich!<\/em><\/p>\n","protected":false},"excerpt":{"rendered":"<p>Stein der Liebe und Harmonie<\/p>\n","protected":false},"featured_media":8136,"comment_status":"open","ping_status":"closed","template":"","meta":{"_links_to":"","_links_to_target":""},"pwb-brand":[114],"product_brand":[],"product_cat":[1594],"product_tag":[1669,1616,174,1193,173,1615],"class_list":{"0":"post-8135","1":"product","2":"type-product","3":"status-publish","4":"has-post-thumbnail","6":"pwb-brand-lebens-qi-kraft-der-steine","7":"product_cat-kugeln-pyramiden-co","8":"product_tag-harmonie","9":"product_tag-kugel","10":"product_tag-liebe","11":"product_tag-pranaheilen","12":"product_tag-rosenquarz","13":"product_tag-steinkugel","15":"first","16":"instock","17":"taxable","18":"shipping-taxable","19":"purchasable","20":"product-type-simple"},"blog_post_layout_featured_media_urls":{"thumbnail":["https:\/\/www.lebens-qi.at\/qishop\/wp-content\/uploads\/rosenquarzkugel-5cm-150x150.jpg",150,150,true],"full":["https:\/\/www.lebens-qi.at\/qishop\/wp-content\/uploads\/rosenquarzkugel-5cm.jpg",800,800,false]},"categories":["114"],"categories_names":{"114":{"name":"Lebens-Qi Kraft der Steine","link":"https:\/\/www.lebens-qi.at\/qishop\/brand\/lebens-qi-kraft-der-steine\/"}},"comments_number":"0","brands":[{"id":114,"name":"Lebens-Qi Kraft der Steine","slug":"lebens-qi-kraft-der-steine"}],"_links":{"self":[{"href":"https:\/\/www.lebens-qi.at\/qishop\/wp-json\/wp\/v2\/product\/8135","targetHints":{"allow":["GET"]}}],"collection":[{"href":"https:\/\/www.lebens-qi.at\/qishop\/wp-json\/wp\/v2\/product"}],"about":[{"href":"https:\/\/www.lebens-qi.at\/qishop\/wp-json\/wp\/v2\/types\/product"}],"replies":[{"embeddable":true,"href":"https:\/\/www.lebens-qi.at\/qishop\/wp-json\/wp\/v2\/comments?post=8135"}],"wp:featuredmedia":[{"embeddable":true,"href":"https:\/\/www.lebens-qi.at\/qishop\/wp-json\/wp\/v2\/media\/8136"}],"wp:attachment":[{"href":"https:\/\/www.lebens-qi.at\/qishop\/wp-json\/wp\/v2\/media?parent=8135"}],"wp:term":[{"taxonomy":"pwb-brand","embeddable":true,"href":"https:\/\/www.lebens-qi.at\/qishop\/wp-json\/wp\/v2\/pwb-brand?post=8135"},{"taxonomy":"product_brand","embeddable":true,"href":"https:\/\/www.lebens-qi.at\/qishop\/wp-json\/wp\/v2\/product_brand?post=8135"},{"taxonomy":"product_cat","embeddable":true,"href":"https:\/\/www.lebens-qi.at\/qishop\/wp-json\/wp\/v2\/product_cat?post=8135"},{"taxonomy":"product_tag","embeddable":true,"href":"https:\/\/www.lebens-qi.at\/qishop\/wp-json\/wp\/v2\/product_tag?post=8135"}],"curies":[{"name":"wp","href":"https:\/\/api.w.org\/{rel}","templated":true}]}}