{"id":8149,"date":"2024-06-25T19:40:09","date_gmt":"2024-06-25T17:40:09","guid":{"rendered":"https:\/\/www.lebens-qi.at\/qishop\/?post_type=product&#038;p=8149"},"modified":"2025-12-12T00:36:44","modified_gmt":"2025-12-11T23:36:44","slug":"runen-orakelset-aus-amethyst","status":"publish","type":"product","link":"https:\/\/www.lebens-qi.at\/qishop\/produkt\/runen-orakelset-aus-amethyst\/","title":{"rendered":"Runen Orakelset aus Amethyst"},"content":{"rendered":"<p><b>Runen Orakel<\/b><\/p>\n<p>aus 25 Edelstein Runen aus Amethyst mit goldfarbenen, gravierten Symbolen in einem schwarzen Samtt\u00e4schchen<\/p>\n<p>Runen stammen von den Germanen, die damals in den nordeurop\u00e4ischen und skandinavischen Gebieten lebten. Runen waren ihr System der Kommunikation mit den G\u00f6ttern und halfen Vorhersagen \u00fcber die Zukunft zu treffen.<br \/>\nJede Rune ist mit einem Symbol versehen, das eine besondere Bedeutung hat. Sie sollen die heilige Weisheit der nordischen G\u00f6tter kanalisieren. Runen werden in der heutigen Zeit wie Tarot- oder Engelskarten als Wahrsagewerkzeug verwendet.<\/p>\n<p><b>Inhalt:<\/b> 25 Runen aus Amethyst in Samtt\u00e4schchen<\/p>\n<p><b>Achtung: <\/b> Lieferumfang OHNE Beschreibung zu den Runen. Passende Literatur bitte separat bestellen! <a href=\"https:\/\/www.lebens-qi.at\/qishop\/produkt-kategorie\/mehr\/buecher\/magie-mythologie\/\">B\u00fccher \u00fcber Runen befinden sich in dieser Kategorie<\/a><\/p>\n","protected":false},"excerpt":{"rendered":"<p>in einem schwarzen Samtbeutel mit Stickerei<\/p>\n","protected":false},"featured_media":8150,"comment_status":"open","ping_status":"closed","template":"","meta":{"_links_to":"","_links_to_target":""},"pwb-brand":[276],"product_brand":[],"product_cat":[862],"product_tag":[81,863,869],"class_list":{"0":"post-8149","1":"product","2":"type-product","3":"status-publish","4":"has-post-thumbnail","6":"pwb-brand-mani-bhadra-phoenix-import","7":"product_cat-impulskarten","8":"product_tag-amethyst","9":"product_tag-orakel","10":"product_tag-runen","11":"pa_herkunft-indien","13":"first","14":"instock","15":"taxable","16":"shipping-taxable","17":"purchasable","18":"product-type-simple"},"blog_post_layout_featured_media_urls":{"thumbnail":["https:\/\/www.lebens-qi.at\/qishop\/wp-content\/uploads\/13253amethyst-runen-150x150.jpg",150,150,true],"full":["https:\/\/www.lebens-qi.at\/qishop\/wp-content\/uploads\/13253amethyst-runen.jpg",800,800,false]},"categories":["276"],"categories_names":{"276":{"name":"Mani Bhadra - Phoenix Import","link":"https:\/\/www.lebens-qi.at\/qishop\/brand\/mani-bhadra-phoenix-import\/"}},"comments_number":"0","brands":[{"id":276,"name":"Mani Bhadra - Phoenix Import","slug":"mani-bhadra-phoenix-import"}],"_links":{"self":[{"href":"https:\/\/www.lebens-qi.at\/qishop\/wp-json\/wp\/v2\/product\/8149","targetHints":{"allow":["GET"]}}],"collection":[{"href":"https:\/\/www.lebens-qi.at\/qishop\/wp-json\/wp\/v2\/product"}],"about":[{"href":"https:\/\/www.lebens-qi.at\/qishop\/wp-json\/wp\/v2\/types\/product"}],"replies":[{"embeddable":true,"href":"https:\/\/www.lebens-qi.at\/qishop\/wp-json\/wp\/v2\/comments?post=8149"}],"wp:featuredmedia":[{"embeddable":true,"href":"https:\/\/www.lebens-qi.at\/qishop\/wp-json\/wp\/v2\/media\/8150"}],"wp:attachment":[{"href":"https:\/\/www.lebens-qi.at\/qishop\/wp-json\/wp\/v2\/media?parent=8149"}],"wp:term":[{"taxonomy":"pwb-brand","embeddable":true,"href":"https:\/\/www.lebens-qi.at\/qishop\/wp-json\/wp\/v2\/pwb-brand?post=8149"},{"taxonomy":"product_brand","embeddable":true,"href":"https:\/\/www.lebens-qi.at\/qishop\/wp-json\/wp\/v2\/product_brand?post=8149"},{"taxonomy":"product_cat","embeddable":true,"href":"https:\/\/www.lebens-qi.at\/qishop\/wp-json\/wp\/v2\/product_cat?post=8149"},{"taxonomy":"product_tag","embeddable":true,"href":"https:\/\/www.lebens-qi.at\/qishop\/wp-json\/wp\/v2\/product_tag?post=8149"}],"curies":[{"name":"wp","href":"https:\/\/api.w.org\/{rel}","templated":true}]}}