{"id":8157,"date":"2024-06-26T14:46:20","date_gmt":"2024-06-26T12:46:20","guid":{"rendered":"https:\/\/www.lebens-qi.at\/qishop\/?post_type=product&#038;p=8157"},"modified":"2025-09-26T11:20:18","modified_gmt":"2025-09-26T09:20:18","slug":"lorbeer-blaetter-ganz","status":"publish","type":"product","link":"https:\/\/www.lebens-qi.at\/qishop\/produkt\/lorbeer-blaetter-ganz\/","title":{"rendered":"Lorbeer &#8211; Bl\u00e4tter ganz"},"content":{"rendered":"<p><b>Lorbeer<\/b> Bl\u00e4tter ganz (Laurus nobilis)<\/p>\n<p><b>Erfolg:<\/b><br \/>\nLorbeer f\u00fchrt uns zum Sieg \u2013 und diesen erreichen wir durch Konzentration, Selbstbeherrschung und Geduld. Der Duft von Lorbeer erdet und schenkt neue Kraft. Auch zum Orakeln!<\/p>\n<p>Lebens-Qi Tipp: die ganzen Lorbeerbl\u00e4tter k\u00f6nnen auch f\u00fcr Wunschrituale verwendet werden. Dazu den Wunsch direkt auf das Blatt schreiben und danach verbrennen.<\/p>\n<p><b>Inhalt:<\/b> ca. 5 g<\/p>\n<p><b>Verpackung: <\/b>verschwei\u00dfte Aromat\u00fcte<\/p>\n<p><em><b>Hinweis:<\/b> Bei diesem Produkt handelt es sich um R\u00e4ucherwerk, kein Lebensmittel!<\/em><\/p>\n","protected":false},"excerpt":{"rendered":"<p>belebend, w\u00fcrdevoll<\/p>\n","protected":false},"featured_media":15376,"comment_status":"open","ping_status":"closed","template":"","meta":{"_links_to":"","_links_to_target":""},"pwb-brand":[469],"product_brand":[],"product_cat":[659,665,3021],"product_tag":[540,200,362,658,1377,656,466,159,657],"class_list":{"0":"post-8157","1":"product","2":"type-product","3":"status-publish","4":"has-post-thumbnail","6":"pwb-brand-lebens-qi-incense","7":"product_cat-kraeuter-blaetter","8":"product_cat-lust-auf-rauch","9":"product_cat-rauhnaechte-jahreswechsel","10":"product_tag-erfolg","11":"product_tag-lebens-qi","12":"product_tag-lorbeer","13":"product_tag-lust-auf-rauch","14":"product_tag-manifestation","15":"product_tag-pur","16":"product_tag-raeuchern","17":"product_tag-raeucherwerk","18":"product_tag-sortenrein","19":"pa_herkunft-oesterreich","21":"first","22":"instock","23":"taxable","24":"shipping-taxable","25":"purchasable","26":"product-type-simple"},"blog_post_layout_featured_media_urls":{"thumbnail":["https:\/\/www.lebens-qi.at\/qishop\/wp-content\/uploads\/lorbeerblaetter-ganz-Inhalt-150x150.png",150,150,true],"full":["https:\/\/www.lebens-qi.at\/qishop\/wp-content\/uploads\/lorbeerblaetter-ganz-Inhalt.png",500,500,false]},"categories":["469"],"categories_names":{"469":{"name":"LEBENS-QI Incense","link":"https:\/\/www.lebens-qi.at\/qishop\/brand\/lebens-qi-incense\/"}},"comments_number":"0","brands":[{"id":469,"name":"LEBENS-QI Incense","slug":"lebens-qi-incense"}],"_links":{"self":[{"href":"https:\/\/www.lebens-qi.at\/qishop\/wp-json\/wp\/v2\/product\/8157","targetHints":{"allow":["GET"]}}],"collection":[{"href":"https:\/\/www.lebens-qi.at\/qishop\/wp-json\/wp\/v2\/product"}],"about":[{"href":"https:\/\/www.lebens-qi.at\/qishop\/wp-json\/wp\/v2\/types\/product"}],"replies":[{"embeddable":true,"href":"https:\/\/www.lebens-qi.at\/qishop\/wp-json\/wp\/v2\/comments?post=8157"}],"wp:featuredmedia":[{"embeddable":true,"href":"https:\/\/www.lebens-qi.at\/qishop\/wp-json\/wp\/v2\/media\/15376"}],"wp:attachment":[{"href":"https:\/\/www.lebens-qi.at\/qishop\/wp-json\/wp\/v2\/media?parent=8157"}],"wp:term":[{"taxonomy":"pwb-brand","embeddable":true,"href":"https:\/\/www.lebens-qi.at\/qishop\/wp-json\/wp\/v2\/pwb-brand?post=8157"},{"taxonomy":"product_brand","embeddable":true,"href":"https:\/\/www.lebens-qi.at\/qishop\/wp-json\/wp\/v2\/product_brand?post=8157"},{"taxonomy":"product_cat","embeddable":true,"href":"https:\/\/www.lebens-qi.at\/qishop\/wp-json\/wp\/v2\/product_cat?post=8157"},{"taxonomy":"product_tag","embeddable":true,"href":"https:\/\/www.lebens-qi.at\/qishop\/wp-json\/wp\/v2\/product_tag?post=8157"}],"curies":[{"name":"wp","href":"https:\/\/api.w.org\/{rel}","templated":true}]}}