{"id":8275,"date":"2024-06-28T15:40:50","date_gmt":"2024-06-28T13:40:50","guid":{"rendered":"https:\/\/www.lebens-qi.at\/qishop\/?post_type=product&#038;p=8275"},"modified":"2026-02-26T14:14:12","modified_gmt":"2026-02-26T13:14:12","slug":"zebra-onyx-anhaenger","status":"publish","type":"product","link":"https:\/\/www.lebens-qi.at\/qishop\/produkt\/zebra-onyx-anhaenger\/","title":{"rendered":"Zebra-Onyx Anh\u00e4nger"},"content":{"rendered":"<p><b>Zebra-Onyx Edelsteinanh\u00e4nger <\/b><br \/>\nRohstein &#8211; ungeschliffener Kristall mit gebohrter &amp; geklebter Metall\u00f6se, nickelfrei.<\/p>\n<p>Farbe: schwarz-wei\u00df<br \/>\nThemen: Stressreduktion, Unterst\u00fctzung, Kraft, Ausdauer, Ziele zu erreichen, Selbstverwirklichung<br \/>\nGr\u00f6\u00dfe: ca. 2 cm<\/p>\n<p><em>Hinweis: Symbolfoto \u2013 Abweichungen in Gr\u00f6\u00dfe, Farbe und Form sind bei nat\u00fcrlichen Steinen normal.<br \/>\nLieferumfang: 1 Anh\u00e4nger ohne Band\/Kette<\/em><\/p>\n","protected":false},"excerpt":{"rendered":"<p>Rohstein mit \u00d6se<\/p>\n","protected":false},"featured_media":8276,"comment_status":"open","ping_status":"closed","template":"","meta":{"_links_to":"","_links_to_target":""},"pwb-brand":[114],"product_brand":[],"product_cat":[1739,1740],"product_tag":[117,1735,539,1733,1732,1734],"class_list":{"0":"post-8275","1":"product","2":"type-product","3":"status-publish","4":"has-post-thumbnail","6":"pwb-brand-lebens-qi-kraft-der-steine","7":"product_cat-andere-steinanhaenger","8":"product_cat-andere-steinanhaenger-steinschmuck-schmuck-mit-wirkung","9":"product_tag-anhaenger","10":"product_tag-ausdauer","11":"product_tag-kraft","12":"product_tag-onyx","13":"product_tag-rohstein","14":"product_tag-selbstverwirklichung","16":"first","17":"instock","18":"taxable","19":"shipping-taxable","20":"purchasable","21":"product-type-simple"},"blog_post_layout_featured_media_urls":{"thumbnail":["https:\/\/www.lebens-qi.at\/qishop\/wp-content\/uploads\/zebraonyx-anhaenger-150x150.jpg",150,150,true],"full":["https:\/\/www.lebens-qi.at\/qishop\/wp-content\/uploads\/zebraonyx-anhaenger.jpg",600,599,false]},"categories":["114"],"categories_names":{"114":{"name":"Lebens-Qi Kraft der Steine","link":"https:\/\/www.lebens-qi.at\/qishop\/brand\/lebens-qi-kraft-der-steine\/"}},"comments_number":"0","brands":[{"id":114,"name":"Lebens-Qi Kraft der Steine","slug":"lebens-qi-kraft-der-steine"}],"_links":{"self":[{"href":"https:\/\/www.lebens-qi.at\/qishop\/wp-json\/wp\/v2\/product\/8275","targetHints":{"allow":["GET"]}}],"collection":[{"href":"https:\/\/www.lebens-qi.at\/qishop\/wp-json\/wp\/v2\/product"}],"about":[{"href":"https:\/\/www.lebens-qi.at\/qishop\/wp-json\/wp\/v2\/types\/product"}],"replies":[{"embeddable":true,"href":"https:\/\/www.lebens-qi.at\/qishop\/wp-json\/wp\/v2\/comments?post=8275"}],"wp:featuredmedia":[{"embeddable":true,"href":"https:\/\/www.lebens-qi.at\/qishop\/wp-json\/wp\/v2\/media\/8276"}],"wp:attachment":[{"href":"https:\/\/www.lebens-qi.at\/qishop\/wp-json\/wp\/v2\/media?parent=8275"}],"wp:term":[{"taxonomy":"pwb-brand","embeddable":true,"href":"https:\/\/www.lebens-qi.at\/qishop\/wp-json\/wp\/v2\/pwb-brand?post=8275"},{"taxonomy":"product_brand","embeddable":true,"href":"https:\/\/www.lebens-qi.at\/qishop\/wp-json\/wp\/v2\/product_brand?post=8275"},{"taxonomy":"product_cat","embeddable":true,"href":"https:\/\/www.lebens-qi.at\/qishop\/wp-json\/wp\/v2\/product_cat?post=8275"},{"taxonomy":"product_tag","embeddable":true,"href":"https:\/\/www.lebens-qi.at\/qishop\/wp-json\/wp\/v2\/product_tag?post=8275"}],"curies":[{"name":"wp","href":"https:\/\/api.w.org\/{rel}","templated":true}]}}