{"id":8282,"date":"2024-06-28T16:44:12","date_gmt":"2024-06-28T14:44:12","guid":{"rendered":"https:\/\/www.lebens-qi.at\/qishop\/?post_type=product&#038;p=8282"},"modified":"2024-12-19T12:19:08","modified_gmt":"2024-12-19T11:19:08","slug":"chiastolith-kreuzstein-scheibe","status":"publish","type":"product","link":"https:\/\/www.lebens-qi.at\/qishop\/produkt\/chiastolith-kreuzstein-scheibe\/","title":{"rendered":"Chiastolith (Kreuzstein) Scheibe"},"content":{"rendered":"<p><b>Chiastolith (Kreuzstein, Andalusit) Scheibe<\/b><\/p>\n<p>Farbe: beige mit dunklem Kreuz<br \/>\nChakrazuordnung: Solarplexuschakra<br \/>\nThemen: Selbst\u00e4ndigkeit, Abnabelung, Identit\u00e4t, Realit\u00e4tssinn, Familienzusammengeh\u00f6rigekeit<\/p>\n<p>Informationen bez\u00fcglich Eigenschaften, Wirkung, Verwendung bitte in der entsprechenden Literatur nachlesen. Wir d\u00fcrfen diesbez\u00fcglich keinerlei Aussagen treffen. <a href=\"https:\/\/www.lebens-qi.at\/qishop\/produkt-kategorie\/mehr\/buecher\/heilsteine\/\">Eine Auswahl an empfehlenswerten B\u00fcchern gibt es hier.<\/a><\/p>\n<p>Gr\u00f6\u00dfe: flache Scheibe mit ca. 3 cm Durchmesser, anpoliert<\/p>\n<p><em>Lieferumfang 1 St\u00fcck<br \/>\nSymbolfoto \u2013 bei Steinen sind deutliche Abweichungen in Struktur und Farbe m\u00f6glich!<\/em><\/p>\n","protected":false},"excerpt":{"rendered":"<p>Stein der Selbst\u00e4ndigkeit<\/p>\n","protected":false},"featured_media":8283,"comment_status":"closed","ping_status":"closed","template":"","meta":{"_links_to":"","_links_to_target":""},"pwb-brand":[114],"product_brand":[],"product_cat":[1013],"product_tag":[1737,1738,1018],"class_list":{"0":"post-8282","1":"product","2":"type-product","3":"status-publish","4":"has-post-thumbnail","6":"pwb-brand-lebens-qi-kraft-der-steine","7":"product_cat-mineralien-raritaeten","8":"product_tag-chiastolith","9":"product_tag-kreuzstein","10":"product_tag-solarplexus","12":"first","13":"instock","14":"taxable","15":"shipping-taxable","16":"purchasable","17":"product-type-simple"},"blog_post_layout_featured_media_urls":{"thumbnail":["https:\/\/www.lebens-qi.at\/qishop\/wp-content\/uploads\/kreuzstein-150x150.jpg",150,150,true],"full":["https:\/\/www.lebens-qi.at\/qishop\/wp-content\/uploads\/kreuzstein.jpg",500,500,false]},"categories":["114"],"categories_names":{"114":{"name":"Lebens-Qi Kraft der Steine","link":"https:\/\/www.lebens-qi.at\/qishop\/brand\/lebens-qi-kraft-der-steine\/"}},"comments_number":"0","brands":[{"id":114,"name":"Lebens-Qi Kraft der Steine","slug":"lebens-qi-kraft-der-steine"}],"_links":{"self":[{"href":"https:\/\/www.lebens-qi.at\/qishop\/wp-json\/wp\/v2\/product\/8282","targetHints":{"allow":["GET"]}}],"collection":[{"href":"https:\/\/www.lebens-qi.at\/qishop\/wp-json\/wp\/v2\/product"}],"about":[{"href":"https:\/\/www.lebens-qi.at\/qishop\/wp-json\/wp\/v2\/types\/product"}],"replies":[{"embeddable":true,"href":"https:\/\/www.lebens-qi.at\/qishop\/wp-json\/wp\/v2\/comments?post=8282"}],"wp:featuredmedia":[{"embeddable":true,"href":"https:\/\/www.lebens-qi.at\/qishop\/wp-json\/wp\/v2\/media\/8283"}],"wp:attachment":[{"href":"https:\/\/www.lebens-qi.at\/qishop\/wp-json\/wp\/v2\/media?parent=8282"}],"wp:term":[{"taxonomy":"pwb-brand","embeddable":true,"href":"https:\/\/www.lebens-qi.at\/qishop\/wp-json\/wp\/v2\/pwb-brand?post=8282"},{"taxonomy":"product_brand","embeddable":true,"href":"https:\/\/www.lebens-qi.at\/qishop\/wp-json\/wp\/v2\/product_brand?post=8282"},{"taxonomy":"product_cat","embeddable":true,"href":"https:\/\/www.lebens-qi.at\/qishop\/wp-json\/wp\/v2\/product_cat?post=8282"},{"taxonomy":"product_tag","embeddable":true,"href":"https:\/\/www.lebens-qi.at\/qishop\/wp-json\/wp\/v2\/product_tag?post=8282"}],"curies":[{"name":"wp","href":"https:\/\/api.w.org\/{rel}","templated":true}]}}