{"id":8334,"date":"2024-07-03T15:34:06","date_gmt":"2024-07-03T13:34:06","guid":{"rendered":"https:\/\/www.lebens-qi.at\/qishop\/?post_type=product&#038;p=8334"},"modified":"2025-09-26T11:23:54","modified_gmt":"2025-09-26T09:23:54","slug":"citronella-raeucherstaebchen-xl","status":"publish","type":"product","link":"https:\/\/www.lebens-qi.at\/qishop\/produkt\/citronella-raeucherstaebchen-xl\/","title":{"rendered":"Citronella R\u00e4ucherst\u00e4bchen XL"},"content":{"rendered":"<p><b>Citronella XL &#8211; perfekt f\u00fcr die Verwendung im Freien!<br \/>\n<\/b><em>handgefertigte indischische R\u00e4ucherst\u00e4bchen &#8211; Export Qualit\u00e4t<\/em><\/p>\n<p>Inhalt: 10 R\u00e4ucherst\u00e4bchen mit 40 cm L\u00e4nge (!!!) pro Packung, verpackt in 6-eckiger Schachtel<\/p>\n","protected":false},"excerpt":{"rendered":"<p>perfekt f\u00fcr laue Sommer-Abende<\/p>\n","protected":false},"featured_media":8337,"comment_status":"open","ping_status":"closed","template":"","meta":{"_links_to":"","_links_to_target":""},"pwb-brand":[1048],"product_brand":[],"product_cat":[3015,3022],"product_tag":[405,1045,1046,680],"class_list":{"0":"post-8334","1":"product","2":"type-product","3":"status-publish","4":"has-post-thumbnail","6":"pwb-brand-hem","7":"product_cat-satya-goloka-hem","8":"product_cat-sommer-urlaubsfeeling","9":"product_tag-citronella","10":"product_tag-hem","11":"product_tag-mueckenabwehr","12":"product_tag-raeucherstaebchen","14":"first","15":"instock","16":"taxable","17":"shipping-taxable","18":"purchasable","19":"product-type-simple"},"blog_post_layout_featured_media_urls":{"thumbnail":["https:\/\/www.lebens-qi.at\/qishop\/wp-content\/uploads\/rd-91-citronella-xl-150x150.jpg",150,150,true],"full":["https:\/\/www.lebens-qi.at\/qishop\/wp-content\/uploads\/rd-91-citronella-xl.jpg",600,600,false]},"categories":["1048"],"categories_names":{"1048":{"name":"HEM","link":"https:\/\/www.lebens-qi.at\/qishop\/brand\/hem\/"}},"comments_number":"0","brands":[{"id":1048,"name":"HEM","slug":"hem"}],"_links":{"self":[{"href":"https:\/\/www.lebens-qi.at\/qishop\/wp-json\/wp\/v2\/product\/8334","targetHints":{"allow":["GET"]}}],"collection":[{"href":"https:\/\/www.lebens-qi.at\/qishop\/wp-json\/wp\/v2\/product"}],"about":[{"href":"https:\/\/www.lebens-qi.at\/qishop\/wp-json\/wp\/v2\/types\/product"}],"replies":[{"embeddable":true,"href":"https:\/\/www.lebens-qi.at\/qishop\/wp-json\/wp\/v2\/comments?post=8334"}],"wp:featuredmedia":[{"embeddable":true,"href":"https:\/\/www.lebens-qi.at\/qishop\/wp-json\/wp\/v2\/media\/8337"}],"wp:attachment":[{"href":"https:\/\/www.lebens-qi.at\/qishop\/wp-json\/wp\/v2\/media?parent=8334"}],"wp:term":[{"taxonomy":"pwb-brand","embeddable":true,"href":"https:\/\/www.lebens-qi.at\/qishop\/wp-json\/wp\/v2\/pwb-brand?post=8334"},{"taxonomy":"product_brand","embeddable":true,"href":"https:\/\/www.lebens-qi.at\/qishop\/wp-json\/wp\/v2\/product_brand?post=8334"},{"taxonomy":"product_cat","embeddable":true,"href":"https:\/\/www.lebens-qi.at\/qishop\/wp-json\/wp\/v2\/product_cat?post=8334"},{"taxonomy":"product_tag","embeddable":true,"href":"https:\/\/www.lebens-qi.at\/qishop\/wp-json\/wp\/v2\/product_tag?post=8334"}],"curies":[{"name":"wp","href":"https:\/\/api.w.org\/{rel}","templated":true}]}}