{"id":8353,"date":"2024-07-05T12:46:42","date_gmt":"2024-07-05T10:46:42","guid":{"rendered":"https:\/\/www.lebens-qi.at\/qishop\/?post_type=product&#038;p=8353"},"modified":"2026-01-16T22:31:38","modified_gmt":"2026-01-16T21:31:38","slug":"ohrkerzen-koerperkerzen-wildkraeuter-fuer-erwachsene","status":"publish","type":"product","link":"https:\/\/www.lebens-qi.at\/qishop\/produkt\/ohrkerzen-koerperkerzen-wildkraeuter-fuer-erwachsene\/","title":{"rendered":"Ohrkerzen\/K\u00f6rperkerzen Wildkr\u00e4uter f\u00fcr Erwachsene"},"content":{"rendered":"<p><b>SOMO\u00ae WILDKR\u00c4UTER PREMIUM SICHERHEITS OHRKERZEN auch als K\u00d6RPERKERZEN anwendbar<br \/>\nf\u00fcr Harmonie, Wohlbefinden, mehr Lebensfeuer, st\u00e4rkere Abwehrkr\u00e4fte<br \/>\n<\/b><\/p>\n<p><b><\/b>Handgefertigt aus folgenden Inhaltsstoffen:<br \/>\n<em>Baumwolle, pflanzliches Wachs, Bienenwachs, Kr\u00e4uter\u00f6le und Pulver (Brennessel, Schafgarbe, Quendel, Engelwurz, K\u00f6nigskerze)<\/em><\/p>\n<p>Die Anwendung der Ohrkerze bringt ein befreiendes Gef\u00fchl f\u00fcr Kopf und Ohren. Strahlen der Ohrenkerzen-Flamme bringen Reinigung und W\u00e4rme in die Aura. Es wird empfohlen, immer an beiden Ohren eine Anwendung zu machen.<\/p>\n<p>\u2022 Handgefertigte Premium Qualit\u00e4t aus \u00d6sterreich<br \/>\n\u2022 Jede SOMO\u00ae Ohr-und K\u00f6rperkerze ist ein Unikat<br \/>\n\u2022 Tropfschutz integriert \u2013 F\u00fcr Ihre Sicherheit<br \/>\n\u2022 Rutscht nicht in den Geh\u00f6rgang dichtet perfekt an der Ohrmuschel ab<br \/>\n\u2022 Gleichm\u00e4\u00dfiger Abbrennvorgang<br \/>\n\u2022 R\u00fcckstandslose Verbrennung<br \/>\n\u2022 Abbrennmarkierung bei 6 cm<\/p>\n<p><b>Lieferumfang:<\/b><br \/>\n2 St\u00fcck Premium Sicherheitsohrkerzen f\u00fcr Erwachsene mit Beschreibung<br \/>\n<b>Gr\u00f6\u00dfe:<\/b> 21 cm x 1,2 cm<br \/>\nmit eingebautem Tropfschutz<\/p>\n<p>Produziert in \u00d6sterreich in liebevoller Handarbeit in der hauseigenen SOMO-Manufaktur im S\u00fcdburgenland<\/p>\n<p><em>Bei akuten, schweren Erkrankungen im Ohr-Kopf-Bereich sollten Sie unbedingt R\u00fccksprache mit Ihrem Arzt halten <\/em><\/p>\n","protected":false},"excerpt":{"rendered":"<p>f\u00fcr Harmonie, Wohlbefinden, mehr Lebensfeuer, st\u00e4rkere Abwehrkr\u00e4fte &#8211; Premium Qualit\u00e4t aus \u00d6sterreich<\/p>\n","protected":false},"featured_media":8354,"comment_status":"open","ping_status":"closed","template":"","meta":{"_links_to":"","_links_to_target":""},"pwb-brand":[961],"product_brand":[],"product_cat":[3075,955],"product_tag":[1702,1759,1701,305,1725,959,306,957,1758,376,956],"class_list":{"0":"post-8353","1":"product","2":"type-product","3":"status-publish","4":"has-post-thumbnail","6":"pwb-brand-somo","7":"product_cat-imbolc-lichtmess-brigid","8":"product_cat-ohr-koerperkerzen","9":"product_tag-angelika","10":"product_tag-brennessel","11":"product_tag-engelwurz","12":"product_tag-handgefertigt","13":"product_tag-koenigskerze","14":"product_tag-koerperkerzen","15":"product_tag-kraeuter","16":"product_tag-ohrkerzen","17":"product_tag-quendel","18":"product_tag-schafgarbe","19":"product_tag-somo","21":"first","22":"instock","23":"taxable","24":"shipping-taxable","25":"purchasable","26":"product-type-simple"},"blog_post_layout_featured_media_urls":{"thumbnail":["https:\/\/www.lebens-qi.at\/qishop\/wp-content\/uploads\/ke-49-ohrkerzen-wildkraeuter-150x150.jpg",150,150,true],"full":["https:\/\/www.lebens-qi.at\/qishop\/wp-content\/uploads\/ke-49-ohrkerzen-wildkraeuter.jpg",600,600,false]},"categories":["961"],"categories_names":{"961":{"name":"SOMO","link":"https:\/\/www.lebens-qi.at\/qishop\/brand\/somo\/"}},"comments_number":"0","brands":[{"id":961,"name":"SOMO","slug":"somo"}],"_links":{"self":[{"href":"https:\/\/www.lebens-qi.at\/qishop\/wp-json\/wp\/v2\/product\/8353","targetHints":{"allow":["GET"]}}],"collection":[{"href":"https:\/\/www.lebens-qi.at\/qishop\/wp-json\/wp\/v2\/product"}],"about":[{"href":"https:\/\/www.lebens-qi.at\/qishop\/wp-json\/wp\/v2\/types\/product"}],"replies":[{"embeddable":true,"href":"https:\/\/www.lebens-qi.at\/qishop\/wp-json\/wp\/v2\/comments?post=8353"}],"wp:featuredmedia":[{"embeddable":true,"href":"https:\/\/www.lebens-qi.at\/qishop\/wp-json\/wp\/v2\/media\/8354"}],"wp:attachment":[{"href":"https:\/\/www.lebens-qi.at\/qishop\/wp-json\/wp\/v2\/media?parent=8353"}],"wp:term":[{"taxonomy":"pwb-brand","embeddable":true,"href":"https:\/\/www.lebens-qi.at\/qishop\/wp-json\/wp\/v2\/pwb-brand?post=8353"},{"taxonomy":"product_brand","embeddable":true,"href":"https:\/\/www.lebens-qi.at\/qishop\/wp-json\/wp\/v2\/product_brand?post=8353"},{"taxonomy":"product_cat","embeddable":true,"href":"https:\/\/www.lebens-qi.at\/qishop\/wp-json\/wp\/v2\/product_cat?post=8353"},{"taxonomy":"product_tag","embeddable":true,"href":"https:\/\/www.lebens-qi.at\/qishop\/wp-json\/wp\/v2\/product_tag?post=8353"}],"curies":[{"name":"wp","href":"https:\/\/api.w.org\/{rel}","templated":true}]}}