{"id":8358,"date":"2024-07-05T15:14:44","date_gmt":"2024-07-05T13:14:44","guid":{"rendered":"https:\/\/www.lebens-qi.at\/qishop\/?post_type=product&#038;p=8358"},"modified":"2024-12-18T01:40:31","modified_gmt":"2024-12-18T00:40:31","slug":"raeucherstoevchen-mit-lebensbaum","status":"publish","type":"product","link":"https:\/\/www.lebens-qi.at\/qishop\/produkt\/raeucherstoevchen-mit-lebensbaum\/","title":{"rendered":"R\u00e4ucherst\u00f6vchen mit Lebensbaum"},"content":{"rendered":"<p><b>R\u00e4uchergef\u00e4\u00df aus Speckstein<br \/>\n<\/b>gr\u00fcn mit Motiv &#8222;Lebensbaum&#8220;, handgefertigt<br \/>\nSie ben\u00f6tigen keine Holzkohle, ein Teelicht gen\u00fcgt, um die R\u00e4ucherwaren zu erw\u00e4rmen und ihren Duft entfalten zu lassen.<\/p>\n<p>Gr\u00f6\u00dfe: ca. 10 x 8 cm<br \/>\nMaterial: Speckstein gr\u00fcn, Sieb Edelstahl<br \/>\nLieferumfang: St\u00f6vchen und Sieb<\/p>\n<p><em><b>Hinweis:<\/b> Da es sich bei Speckstein um ein Naturprodukt handelt, kann es Abweichungen in Farbe\/Farbintensit\u00e4t und Maserung geben!<\/em><\/p>\n<p><em><b>Praktischer Hinweis: <\/b>Diese Art des R\u00e4ucherns ist an die Aromatherapie angelehnt und sanfter als das R\u00e4uchern mit Kohle. Allerdings sind St\u00f6vchen eher zum station\u00e4ren Gebrauch geeignet, zum &#8222;Ausr\u00e4uchern&#8220; empfehlen wir Ihnen R\u00e4ucherschalen mit Griff oder Schwenkgef\u00e4\u00dfe.<\/em><\/p>\n","protected":false},"excerpt":{"rendered":"<p>aus Speckstein gr\u00fcn gef\u00e4rbt<\/p>\n","protected":false},"featured_media":8359,"comment_status":"open","ping_status":"closed","template":"","meta":{"_links_to":"","_links_to_target":""},"pwb-brand":[617],"product_brand":[],"product_cat":[603],"product_tag":[305,312,608,466,607,592,604],"class_list":{"0":"post-8358","1":"product","2":"type-product","3":"status-publish","4":"has-post-thumbnail","6":"pwb-brand-yantra","7":"product_cat-raeucherstoevchen","8":"product_tag-handgefertigt","9":"product_tag-lebensbaum","10":"product_tag-raeucherlampe","11":"product_tag-raeuchern","12":"product_tag-siebgefaess","13":"product_tag-speckstein","14":"product_tag-stoevchen","16":"first","17":"instock","18":"taxable","19":"shipping-taxable","20":"purchasable","21":"product-type-simple"},"blog_post_layout_featured_media_urls":{"thumbnail":["https:\/\/www.lebens-qi.at\/qishop\/wp-content\/uploads\/rg-176-stoevchen-lebensbaum-e1734482415409-150x150.jpg",150,150,true],"full":["https:\/\/www.lebens-qi.at\/qishop\/wp-content\/uploads\/rg-176-stoevchen-lebensbaum-e1734482415409.jpg",462,460,false]},"categories":["617"],"categories_names":{"617":{"name":"Yantra","link":"https:\/\/www.lebens-qi.at\/qishop\/brand\/yantra\/"}},"comments_number":"0","brands":[{"id":617,"name":"Yantra","slug":"yantra"}],"_links":{"self":[{"href":"https:\/\/www.lebens-qi.at\/qishop\/wp-json\/wp\/v2\/product\/8358","targetHints":{"allow":["GET"]}}],"collection":[{"href":"https:\/\/www.lebens-qi.at\/qishop\/wp-json\/wp\/v2\/product"}],"about":[{"href":"https:\/\/www.lebens-qi.at\/qishop\/wp-json\/wp\/v2\/types\/product"}],"replies":[{"embeddable":true,"href":"https:\/\/www.lebens-qi.at\/qishop\/wp-json\/wp\/v2\/comments?post=8358"}],"wp:featuredmedia":[{"embeddable":true,"href":"https:\/\/www.lebens-qi.at\/qishop\/wp-json\/wp\/v2\/media\/8359"}],"wp:attachment":[{"href":"https:\/\/www.lebens-qi.at\/qishop\/wp-json\/wp\/v2\/media?parent=8358"}],"wp:term":[{"taxonomy":"pwb-brand","embeddable":true,"href":"https:\/\/www.lebens-qi.at\/qishop\/wp-json\/wp\/v2\/pwb-brand?post=8358"},{"taxonomy":"product_brand","embeddable":true,"href":"https:\/\/www.lebens-qi.at\/qishop\/wp-json\/wp\/v2\/product_brand?post=8358"},{"taxonomy":"product_cat","embeddable":true,"href":"https:\/\/www.lebens-qi.at\/qishop\/wp-json\/wp\/v2\/product_cat?post=8358"},{"taxonomy":"product_tag","embeddable":true,"href":"https:\/\/www.lebens-qi.at\/qishop\/wp-json\/wp\/v2\/product_tag?post=8358"}],"curies":[{"name":"wp","href":"https:\/\/api.w.org\/{rel}","templated":true}]}}