{"id":8371,"date":"2024-07-06T13:34:58","date_gmt":"2024-07-06T11:34:58","guid":{"rendered":"https:\/\/www.lebens-qi.at\/qishop\/?post_type=product&#038;p=8371"},"modified":"2026-03-27T20:06:40","modified_gmt":"2026-03-27T19:06:40","slug":"raeucherhalter-blatt","status":"publish","type":"product","link":"https:\/\/www.lebens-qi.at\/qishop\/produkt\/raeucherhalter-blatt\/","title":{"rendered":"R\u00e4ucherhalter Blatt"},"content":{"rendered":"<p><strong>Handgemachter R\u00e4ucherhalter aus Keramik in Blattform<\/strong><\/p>\n<p>eigentlich als Halter f\u00fcr ganze <strong>Palo Santo St\u00e4be<\/strong> angefertigt &#8211; aber es hat sich gezeigt, dass diese Halter vielseitig verwendbar sind! Es passen auch unsere <strong>Mini-Smudges<\/strong> in die \u00d6ffnung, mit Sand gef\u00fcllt sind sie tolle Halter f\u00fcr alle Arten von <strong>R\u00e4ucherst\u00e4bchen<\/strong> (auch japanische oder tibetische, die kein Bambusst\u00e4bchen haben!) und auch f\u00fcr <strong>R\u00e4ucherkegel<\/strong> sind sie ein passender Untersetzer.<\/p>\n<p>Die Halter werden handgefertigt in einem Atelier in Weikendorf\/Nieder\u00f6sterreich \u2013 jedes St\u00fcck ist aufgrund der Glasur und des Reliefs ein Unikat, chrakteristisch ist die leicht unregelm\u00e4\u00dfige Form.<\/p>\n<p>Erh\u00e4ltlich in verschiedenen Glasur-Farbkombinationen, Lieferung gem\u00e4\u00df Auswahl.<\/p>\n<p><em>Handarbeit aus \u00d6sterreich, daher sind Abweichungen in Form, Struktur und Farbe vom Foto m\u00f6glich. Lieferung ohne Zubeh\u00f6r oder Deko. R\u00e4ucherwerk bitte separat dazubestellen!<\/em><\/p>\n","protected":false},"excerpt":{"rendered":"<p>f\u00fcr Palo Santo Sticks, kleine Smudges, R\u00e4ucherst\u00e4bchen oder Kegel<\/p>\n","protected":false},"featured_media":19050,"comment_status":"open","ping_status":"closed","template":"","meta":{"_links_to":"","_links_to_target":""},"pwb-brand":[323],"product_brand":[],"product_cat":[737,600,728],"product_tag":[730,1473,750,303,339,675],"class_list":{"0":"post-8371","1":"product","2":"type-product","3":"status-publish","4":"has-post-thumbnail","6":"pwb-brand-kreatives-by-petra","7":"product_cat-kegelhalter","8":"product_cat-raeuchergefaesse","9":"product_cat-staebchen-und-kegelhalter","10":"product_tag-halter","11":"product_tag-handgemacht","12":"product_tag-kegelhalter","13":"product_tag-keramik","14":"product_tag-palo-santo","15":"product_tag-smudge","16":"pa_herkunft-oesterreich","18":"first","19":"instock","20":"taxable","21":"shipping-taxable","22":"purchasable","23":"product-type-variable"},"blog_post_layout_featured_media_urls":{"thumbnail":["https:\/\/www.lebens-qi.at\/qishop\/wp-content\/uploads\/blatt-halter-150x150.png",150,150,true],"full":["https:\/\/www.lebens-qi.at\/qishop\/wp-content\/uploads\/blatt-halter.png",800,800,false]},"categories":["323"],"categories_names":{"323":{"name":"Kreatives by Petra","link":"https:\/\/www.lebens-qi.at\/qishop\/brand\/kreatives-by-petra\/"}},"comments_number":"0","brands":[{"id":323,"name":"Kreatives by Petra","slug":"kreatives-by-petra"}],"_links":{"self":[{"href":"https:\/\/www.lebens-qi.at\/qishop\/wp-json\/wp\/v2\/product\/8371","targetHints":{"allow":["GET"]}}],"collection":[{"href":"https:\/\/www.lebens-qi.at\/qishop\/wp-json\/wp\/v2\/product"}],"about":[{"href":"https:\/\/www.lebens-qi.at\/qishop\/wp-json\/wp\/v2\/types\/product"}],"replies":[{"embeddable":true,"href":"https:\/\/www.lebens-qi.at\/qishop\/wp-json\/wp\/v2\/comments?post=8371"}],"wp:featuredmedia":[{"embeddable":true,"href":"https:\/\/www.lebens-qi.at\/qishop\/wp-json\/wp\/v2\/media\/19050"}],"wp:attachment":[{"href":"https:\/\/www.lebens-qi.at\/qishop\/wp-json\/wp\/v2\/media?parent=8371"}],"wp:term":[{"taxonomy":"pwb-brand","embeddable":true,"href":"https:\/\/www.lebens-qi.at\/qishop\/wp-json\/wp\/v2\/pwb-brand?post=8371"},{"taxonomy":"product_brand","embeddable":true,"href":"https:\/\/www.lebens-qi.at\/qishop\/wp-json\/wp\/v2\/product_brand?post=8371"},{"taxonomy":"product_cat","embeddable":true,"href":"https:\/\/www.lebens-qi.at\/qishop\/wp-json\/wp\/v2\/product_cat?post=8371"},{"taxonomy":"product_tag","embeddable":true,"href":"https:\/\/www.lebens-qi.at\/qishop\/wp-json\/wp\/v2\/product_tag?post=8371"}],"curies":[{"name":"wp","href":"https:\/\/api.w.org\/{rel}","templated":true}]}}