{"id":8419,"date":"2024-07-09T11:49:11","date_gmt":"2024-07-09T09:49:11","guid":{"rendered":"https:\/\/www.lebens-qi.at\/qishop\/?post_type=product&#038;p=8419"},"modified":"2025-07-04T15:13:31","modified_gmt":"2025-07-04T13:13:31","slug":"splitterarmband-aventurin","status":"publish","type":"product","link":"https:\/\/www.lebens-qi.at\/qishop\/produkt\/splitterarmband-aventurin\/","title":{"rendered":"Splitterarmband Aventurin"},"content":{"rendered":"<p><b>Armband aus Aventurin in Splitterform<br \/>\n<\/b>auf elastischem Band gef\u00e4delt<br \/>\nkleine abgetrommelte Edelsteinchips (ca. 5 mm gro\u00df) in unregelm\u00e4\u00dfiger Form<\/p>\n<p><strong>Aventurin &#8211; Zuversicht<\/strong><br \/>\nL\u00e4nge: ca. 16 cm<br \/>\nFarbe: gr\u00fcn<\/p>\n","protected":false},"excerpt":{"rendered":"<p>Stein der Zuversicht<\/p>\n","protected":false},"featured_media":15075,"comment_status":"open","ping_status":"closed","template":"","meta":{"_links_to":"","_links_to_target":""},"pwb-brand":[114],"product_brand":[],"product_cat":[920,921],"product_tag":[1223,194,1581,1580],"class_list":{"0":"post-8419","1":"product","2":"type-product","3":"status-publish","4":"has-post-thumbnail","6":"pwb-brand-lebens-qi-kraft-der-steine","7":"product_cat-armbaender","8":"product_cat-armbaender-steinschmuck","9":"product_tag-armband","10":"product_tag-aventurin","11":"product_tag-splitterarmband","12":"product_tag-steinsplitter","14":"first","15":"instock","16":"taxable","17":"shipping-taxable","18":"purchasable","19":"product-type-simple"},"blog_post_layout_featured_media_urls":{"thumbnail":["https:\/\/www.lebens-qi.at\/qishop\/wp-content\/uploads\/Aventurin-Splitter-150x150.png",150,150,true],"full":["https:\/\/www.lebens-qi.at\/qishop\/wp-content\/uploads\/Aventurin-Splitter.png",800,800,false]},"categories":["114"],"categories_names":{"114":{"name":"Lebens-Qi Kraft der Steine","link":"https:\/\/www.lebens-qi.at\/qishop\/brand\/lebens-qi-kraft-der-steine\/"}},"comments_number":"0","brands":[{"id":114,"name":"Lebens-Qi Kraft der Steine","slug":"lebens-qi-kraft-der-steine"}],"_links":{"self":[{"href":"https:\/\/www.lebens-qi.at\/qishop\/wp-json\/wp\/v2\/product\/8419","targetHints":{"allow":["GET"]}}],"collection":[{"href":"https:\/\/www.lebens-qi.at\/qishop\/wp-json\/wp\/v2\/product"}],"about":[{"href":"https:\/\/www.lebens-qi.at\/qishop\/wp-json\/wp\/v2\/types\/product"}],"replies":[{"embeddable":true,"href":"https:\/\/www.lebens-qi.at\/qishop\/wp-json\/wp\/v2\/comments?post=8419"}],"wp:featuredmedia":[{"embeddable":true,"href":"https:\/\/www.lebens-qi.at\/qishop\/wp-json\/wp\/v2\/media\/15075"}],"wp:attachment":[{"href":"https:\/\/www.lebens-qi.at\/qishop\/wp-json\/wp\/v2\/media?parent=8419"}],"wp:term":[{"taxonomy":"pwb-brand","embeddable":true,"href":"https:\/\/www.lebens-qi.at\/qishop\/wp-json\/wp\/v2\/pwb-brand?post=8419"},{"taxonomy":"product_brand","embeddable":true,"href":"https:\/\/www.lebens-qi.at\/qishop\/wp-json\/wp\/v2\/product_brand?post=8419"},{"taxonomy":"product_cat","embeddable":true,"href":"https:\/\/www.lebens-qi.at\/qishop\/wp-json\/wp\/v2\/product_cat?post=8419"},{"taxonomy":"product_tag","embeddable":true,"href":"https:\/\/www.lebens-qi.at\/qishop\/wp-json\/wp\/v2\/product_tag?post=8419"}],"curies":[{"name":"wp","href":"https:\/\/api.w.org\/{rel}","templated":true}]}}