{"id":8504,"date":"2024-07-17T10:35:54","date_gmt":"2024-07-17T08:35:54","guid":{"rendered":"https:\/\/www.lebens-qi.at\/qishop\/?post_type=product&#038;p=8504"},"modified":"2025-02-10T16:20:18","modified_gmt":"2025-02-10T15:20:18","slug":"engel-begleiten-dich-karten","status":"publish","type":"product","link":"https:\/\/www.lebens-qi.at\/qishop\/produkt\/engel-begleiten-dich-karten\/","title":{"rendered":"Engel begleiten dich &#8211; Karten"},"content":{"rendered":"<p><b>Karten: Engel begleiten dich<\/b><br \/>\n40 Karten und Buch<br \/>\n<em>von Eva Gach<\/em><\/p>\n<p>In deinem Leben ist stets ein Schutzengel an deiner Seite, auch wenn du ihn nicht sehen kannst. Ob du vor einem Neuanfang stehst, nach mehr Inspiration suchst, deine innere Balance bewahren oder deine Glaubensmuster transformieren m\u00f6chtest \u2013 die befl\u00fcgelnden Gebete und motivierenden Affirmationen dieses Kartensets machen es dir besonders einfach, deinen himmlischen Begleiter um Unterst\u00fctzung zu bitten. Die strahlend sch\u00f6nen Bilder und herzergreifenden Botschaften der beliebten Engelk\u00fcnstlerin Eva Gach vermitteln Harmonie und Liebe. Sie schenken dir einf\u00fchlsame Impulse, durch die du jederzeit das Vertrauen und die Gewissheit sp\u00fcrst, einen Besch\u00fctzer an deiner Seite zu haben.<\/p>\n<p>Set mit Buch und 40 Karten (Format: 89 x 127 mm)<\/p>\n","protected":false},"excerpt":{"rendered":"<p>Set mit Buch und 40 Karten<\/p>\n","protected":false},"featured_media":8509,"comment_status":"open","ping_status":"closed","template":"","meta":{"_links_to":"","_links_to_target":""},"pwb-brand":[814],"product_brand":[],"product_cat":[952,879],"product_tag":[873,545,1786,667,863,544],"class_list":{"0":"post-8504","1":"product","2":"type-product","3":"status-publish","4":"has-post-thumbnail","6":"pwb-brand-schirner-verlag","7":"product_cat-engelbuecher-kartendecks","8":"product_cat-engelkarten","9":"product_tag-botschaften","10":"product_tag-engel","11":"product_tag-eva-gach","12":"product_tag-kartendeck","13":"product_tag-orakel","14":"product_tag-schutzengel","16":"first","17":"instock","18":"taxable","19":"shipping-taxable","20":"purchasable","21":"product-type-simple"},"blog_post_layout_featured_media_urls":{"thumbnail":["https:\/\/www.lebens-qi.at\/qishop\/wp-content\/uploads\/9219_engel-begleiten-dich-150x150.jpg",150,150,true],"full":["https:\/\/www.lebens-qi.at\/qishop\/wp-content\/uploads\/9219_engel-begleiten-dich.jpg",600,600,false]},"categories":["814"],"categories_names":{"814":{"name":"Schirner Verlag","link":"https:\/\/www.lebens-qi.at\/qishop\/brand\/schirner-verlag\/"}},"comments_number":"0","brands":[{"id":814,"name":"Schirner Verlag","slug":"schirner-verlag"}],"_links":{"self":[{"href":"https:\/\/www.lebens-qi.at\/qishop\/wp-json\/wp\/v2\/product\/8504","targetHints":{"allow":["GET"]}}],"collection":[{"href":"https:\/\/www.lebens-qi.at\/qishop\/wp-json\/wp\/v2\/product"}],"about":[{"href":"https:\/\/www.lebens-qi.at\/qishop\/wp-json\/wp\/v2\/types\/product"}],"replies":[{"embeddable":true,"href":"https:\/\/www.lebens-qi.at\/qishop\/wp-json\/wp\/v2\/comments?post=8504"}],"wp:featuredmedia":[{"embeddable":true,"href":"https:\/\/www.lebens-qi.at\/qishop\/wp-json\/wp\/v2\/media\/8509"}],"wp:attachment":[{"href":"https:\/\/www.lebens-qi.at\/qishop\/wp-json\/wp\/v2\/media?parent=8504"}],"wp:term":[{"taxonomy":"pwb-brand","embeddable":true,"href":"https:\/\/www.lebens-qi.at\/qishop\/wp-json\/wp\/v2\/pwb-brand?post=8504"},{"taxonomy":"product_brand","embeddable":true,"href":"https:\/\/www.lebens-qi.at\/qishop\/wp-json\/wp\/v2\/product_brand?post=8504"},{"taxonomy":"product_cat","embeddable":true,"href":"https:\/\/www.lebens-qi.at\/qishop\/wp-json\/wp\/v2\/product_cat?post=8504"},{"taxonomy":"product_tag","embeddable":true,"href":"https:\/\/www.lebens-qi.at\/qishop\/wp-json\/wp\/v2\/product_tag?post=8504"}],"curies":[{"name":"wp","href":"https:\/\/api.w.org\/{rel}","templated":true}]}}