{"id":8530,"date":"2024-07-18T14:14:13","date_gmt":"2024-07-18T12:14:13","guid":{"rendered":"https:\/\/www.lebens-qi.at\/qishop\/?post_type=product&#038;p=8530"},"modified":"2025-02-10T16:20:16","modified_gmt":"2025-02-10T15:20:16","slug":"wir-sind-wir-karten","status":"publish","type":"product","link":"https:\/\/www.lebens-qi.at\/qishop\/produkt\/wir-sind-wir-karten\/","title":{"rendered":"Wir sind wir! &#8211; Karten"},"content":{"rendered":"<p><b>Karten: Wir sind wir!<\/b><br \/>\n40 Affirmationen und Rituale, die Familien stark machen<br \/>\n<em>von Alexandra Molina und Stefanie K\u00f6ster<br \/>\n<\/em><\/p>\n<p><strong>\u00bbWir geh\u00f6ren zusammen.\u00ab<\/strong><\/p>\n<p><strong>\u00bbWir sind uns wichtig.\u00ab<\/strong><\/p>\n<p><strong>\u00bbGemeinsam sind wir stark.\u00ab<\/strong><\/p>\n<p>Im Alltag vergessen wir manchmal, wie wertvoll und besonders es ist, eine Familie zu sein. Gegenseitiges Verst\u00e4ndnis, Freude am Miteinander und Wertsch\u00e4tzung kommen dann h\u00e4ufig zu kurz. 40 Affirmationen und \u00dcbungen laden uns dazu ein, bewusst Zeit als Familie zu verbringen \u2013 mit Kindern, Eltern, Geschwistern oder Gro\u00dfeltern. Als Impulsgeber am Morgen, kleines Ritual am Abend oder Erinnerung f\u00fcr zwischendurch: Diese Karten lassen sich spielerisch ins Familienleben integrieren und sind Grundlage f\u00fcr tiefe und sch\u00f6ne Gespr\u00e4che und eine starke Verbundenheit. Die beste Zeit ist die, in der wir als Familie sp\u00fcren: Wir sind wir!<\/p>\n<p>40 gro\u00dfformatige Karten (Format: 100 x 150 mm) mit Anleitung<\/p>\n","protected":false},"excerpt":{"rendered":"<p>40 Affirmationen und Rituale, die Familien stark machen<\/p>\n","protected":false},"featured_media":8531,"comment_status":"open","ping_status":"closed","template":"","meta":{"_links_to":"","_links_to_target":""},"pwb-brand":[814],"product_brand":[],"product_cat":[862],"product_tag":[1410,1797,1799,667,958,863,1210,1796,1020,1798],"class_list":{"0":"post-8530","1":"product","2":"type-product","3":"status-publish","4":"has-post-thumbnail","6":"pwb-brand-schirner-verlag","7":"product_cat-impulskarten","8":"product_tag-affirmationen","9":"product_tag-alexandra-molina","10":"product_tag-familie","11":"product_tag-kartendeck","12":"product_tag-kinder","13":"product_tag-orakel","14":"product_tag-rituale","15":"product_tag-stefanie-koester","16":"product_tag-verbundenheit","17":"product_tag-verstaendnis","19":"first","20":"instock","21":"taxable","22":"shipping-taxable","23":"purchasable","24":"product-type-simple"},"blog_post_layout_featured_media_urls":{"thumbnail":["https:\/\/www.lebens-qi.at\/qishop\/wp-content\/uploads\/9225_wir-sind-wir-150x150.jpg",150,150,true],"full":["https:\/\/www.lebens-qi.at\/qishop\/wp-content\/uploads\/9225_wir-sind-wir.jpg",600,600,false]},"categories":["814"],"categories_names":{"814":{"name":"Schirner Verlag","link":"https:\/\/www.lebens-qi.at\/qishop\/brand\/schirner-verlag\/"}},"comments_number":"0","brands":[{"id":814,"name":"Schirner Verlag","slug":"schirner-verlag"}],"_links":{"self":[{"href":"https:\/\/www.lebens-qi.at\/qishop\/wp-json\/wp\/v2\/product\/8530","targetHints":{"allow":["GET"]}}],"collection":[{"href":"https:\/\/www.lebens-qi.at\/qishop\/wp-json\/wp\/v2\/product"}],"about":[{"href":"https:\/\/www.lebens-qi.at\/qishop\/wp-json\/wp\/v2\/types\/product"}],"replies":[{"embeddable":true,"href":"https:\/\/www.lebens-qi.at\/qishop\/wp-json\/wp\/v2\/comments?post=8530"}],"wp:featuredmedia":[{"embeddable":true,"href":"https:\/\/www.lebens-qi.at\/qishop\/wp-json\/wp\/v2\/media\/8531"}],"wp:attachment":[{"href":"https:\/\/www.lebens-qi.at\/qishop\/wp-json\/wp\/v2\/media?parent=8530"}],"wp:term":[{"taxonomy":"pwb-brand","embeddable":true,"href":"https:\/\/www.lebens-qi.at\/qishop\/wp-json\/wp\/v2\/pwb-brand?post=8530"},{"taxonomy":"product_brand","embeddable":true,"href":"https:\/\/www.lebens-qi.at\/qishop\/wp-json\/wp\/v2\/product_brand?post=8530"},{"taxonomy":"product_cat","embeddable":true,"href":"https:\/\/www.lebens-qi.at\/qishop\/wp-json\/wp\/v2\/product_cat?post=8530"},{"taxonomy":"product_tag","embeddable":true,"href":"https:\/\/www.lebens-qi.at\/qishop\/wp-json\/wp\/v2\/product_tag?post=8530"}],"curies":[{"name":"wp","href":"https:\/\/api.w.org\/{rel}","templated":true}]}}