{"id":8551,"date":"2024-07-18T16:50:20","date_gmt":"2024-07-18T14:50:20","guid":{"rendered":"https:\/\/www.lebens-qi.at\/qishop\/?post_type=product&#038;p=8551"},"modified":"2026-04-07T11:04:34","modified_gmt":"2026-04-07T09:04:34","slug":"goettinnen-rituale","status":"publish","type":"product","link":"https:\/\/www.lebens-qi.at\/qishop\/produkt\/goettinnen-rituale\/","title":{"rendered":"G\u00f6ttinnen-Rituale"},"content":{"rendered":"<p><b>G\u00f6ttinnen-Rituale<\/b><br \/>\nWeiblichkeit leben mit der Kra\u00adft der keltischen und nordischen G\u00f6ttinnen<br \/>\n<em>von Antara Reimann &amp; Anne-Mareike Schultz<\/em><\/p>\n<p><strong>Weiblichkeit<\/strong> \u2013 damit verbinden wir seit jeher Fruchtbarkeit, Geborgenheit, Kreativit\u00e4t, Natur, Leben. Da liegt es nahe, dass bei den Kelten die bedeutsamsten Gottheiten machtvolle weibliche Wesen waren. Aber auch ihre nordischen Nachbarn, die imposanten Wikinger und Germanen, berichteten von zauberkundigen, sch\u00f6nen, weisen und manchmal auch ganz unzauberhaften G\u00f6ttinnen. Sie alle repr\u00e4sentieren verschiedene Facetten der Weiblichkeit und stehen uns mit ihrer Magie, ihrer Visionskraft und Weisheit bis heute zur Seite.<\/p>\n<p><i>Welche deiner G\u00d6TTINNENFACETTEN m\u00f6chte im Moment besonders beachtet und gelebt werden?<br \/>\nWas bringt dich aktuell tiefer in die Verbindung mit dir?<br \/>\nWelchen Aspekt m\u00f6chtest du entwickeln und st\u00e4rken?<br \/>\nDu findest in diesem Buch f\u00fcr jede Facette deines Selbst und der dich unterst\u00fctzenden G\u00f6ttin neben ihrer Legende und Beschreibung ein Ritual, das dich bei der Verbindung mit dieser besonderen Kraft unterst\u00fctzt.<\/i><\/p>\n<p>Antara Reimann und Anne-Mareike Schultz, zwei Expertinnen f\u00fcr Mythologie und G\u00f6ttinnenkraft, lassen in diesem Buch <strong>die Legenden von 13 keltischen und nordischen G\u00f6ttinnen \u2013 und mit ihnen verschiedene Aspekte der Weiblichkeit<\/strong> \u2013 wiederaufleben. So sp\u00fcren wir in jedem kreativen Gedanken die Gabe der Brigid, in jedem Neuanfang die jugendliche Unbeschwertheit der G\u00f6ttin Gefion und mit jeder Ver\u00e4nderung die Kraft der weisen Wandlerin Cerridwen. Wir finden auf dieser einzigartigen spirituellen Reise dank kraftvoller Rituale zur\u00fcck zu den tiefsten Wurzeln unseres Frauseins, verabschieden alte Glaubenss\u00e4tze, st\u00e4rken unsere G\u00f6ttinnenkr\u00e4fte und weben das Gl\u00fcck in unser Schicksalsrad. Mitunter mag dieser Weg herausfordernd sein, und doch finden wir an seinem Ende Selbstbestimmung, tief greifende Wandlung und Heilung \u2013 ein Leben im Zeichen der Gro\u00dfen G\u00f6ttin.<\/p>\n<p>&nbsp;<\/p>\n","protected":false},"excerpt":{"rendered":"<p>Weiblichkeit leben mit der Kra\u00adft der keltischen und nordischen G\u00f6ttinnen<\/p>\n","protected":false},"featured_media":8552,"comment_status":"open","ping_status":"closed","template":"","meta":{"_links_to":"","_links_to_target":""},"pwb-brand":[814],"product_brand":[],"product_cat":[3168,3075,819],"product_tag":[1813,1335,580,1812,1322,1210],"class_list":{"0":"post-8551","1":"product","2":"type-product","3":"status-publish","4":"has-post-thumbnail","6":"pwb-brand-schirner-verlag","7":"product_cat-fuer-goettinnen-weibliche-kraft","8":"product_cat-imbolc-lichtmess-brigid","9":"product_cat-magie-mythologie","10":"product_tag-anne-mareike-schultz","11":"product_tag-antara-reimann","12":"product_tag-buch","13":"product_tag-goettinnen","14":"product_tag-mythologie","15":"product_tag-rituale","17":"first","18":"instock","19":"taxable","20":"shipping-taxable","21":"purchasable","22":"product-type-simple"},"blog_post_layout_featured_media_urls":{"thumbnail":["https:\/\/www.lebens-qi.at\/qishop\/wp-content\/uploads\/1400_goettinnen-rituale-150x150.jpg",150,150,true],"full":["https:\/\/www.lebens-qi.at\/qishop\/wp-content\/uploads\/1400_goettinnen-rituale.jpg",600,600,false]},"categories":["814"],"categories_names":{"814":{"name":"Schirner Verlag","link":"https:\/\/www.lebens-qi.at\/qishop\/brand\/schirner-verlag\/"}},"comments_number":"0","brands":[{"id":814,"name":"Schirner Verlag","slug":"schirner-verlag"}],"_links":{"self":[{"href":"https:\/\/www.lebens-qi.at\/qishop\/wp-json\/wp\/v2\/product\/8551","targetHints":{"allow":["GET"]}}],"collection":[{"href":"https:\/\/www.lebens-qi.at\/qishop\/wp-json\/wp\/v2\/product"}],"about":[{"href":"https:\/\/www.lebens-qi.at\/qishop\/wp-json\/wp\/v2\/types\/product"}],"replies":[{"embeddable":true,"href":"https:\/\/www.lebens-qi.at\/qishop\/wp-json\/wp\/v2\/comments?post=8551"}],"wp:featuredmedia":[{"embeddable":true,"href":"https:\/\/www.lebens-qi.at\/qishop\/wp-json\/wp\/v2\/media\/8552"}],"wp:attachment":[{"href":"https:\/\/www.lebens-qi.at\/qishop\/wp-json\/wp\/v2\/media?parent=8551"}],"wp:term":[{"taxonomy":"pwb-brand","embeddable":true,"href":"https:\/\/www.lebens-qi.at\/qishop\/wp-json\/wp\/v2\/pwb-brand?post=8551"},{"taxonomy":"product_brand","embeddable":true,"href":"https:\/\/www.lebens-qi.at\/qishop\/wp-json\/wp\/v2\/product_brand?post=8551"},{"taxonomy":"product_cat","embeddable":true,"href":"https:\/\/www.lebens-qi.at\/qishop\/wp-json\/wp\/v2\/product_cat?post=8551"},{"taxonomy":"product_tag","embeddable":true,"href":"https:\/\/www.lebens-qi.at\/qishop\/wp-json\/wp\/v2\/product_tag?post=8551"}],"curies":[{"name":"wp","href":"https:\/\/api.w.org\/{rel}","templated":true}]}}